{"id":1473,"date":"2018-04-19T14:34:22","date_gmt":"2018-04-19T14:34:22","guid":{"rendered":"https:\/\/demo.woovina.net\/niche-00\/?page_id=1473"},"modified":"2025-10-05T13:27:40","modified_gmt":"2025-10-05T18:27:40","slug":"contacto","status":"publish","type":"page","link":"https:\/\/elcontainermed.com\/index.php\/contacto\/","title":{"rendered":"Contacto"},"content":{"rendered":"\t\t<div data-elementor-type=\"wp-post\" data-elementor-id=\"1473\" class=\"elementor elementor-1473\" data-elementor-post-type=\"page\">\n\t\t\t\t\t\t<section class=\"elementor-section elementor-top-section elementor-element elementor-element-450eb09 elementor-section-boxed elementor-section-height-default elementor-section-height-default\" data-id=\"450eb09\" data-element_type=\"section\">\n\t\t\t\t\t\t<div class=\"elementor-container elementor-column-gap-default\">\n\t\t\t\t\t<div class=\"elementor-column elementor-col-100 elementor-top-column elementor-element elementor-element-d0423b9\" data-id=\"d0423b9\" data-element_type=\"column\">\n\t\t\t<div class=\"elementor-widget-wrap elementor-element-populated\">\n\t\t\t\t\t\t<div class=\"elementor-element elementor-element-c7a8349 elementor-widget elementor-widget-wew-logo\" data-id=\"c7a8349\" data-element_type=\"widget\" data-widget_type=\"wew-logo.default\">\n\t\t\t\t<div class=\"elementor-widget-container\">\n\t\t\t\t\t\n\t\t<div class=\"custom-header-logo clr\">\n\n\t\t\t\n\n<div id=\"site-logo\" class=\"clr\" itemscope itemtype=\"http:\/\/schema.org\/Brand\">\n\n\t\n\t<div id=\"site-logo-inner\" class=\"clr\">\n\n\t\t<a href=\"https:\/\/elcontainermed.com\/\" class=\"custom-logo-link\" rel=\"home\"><img fetchpriority=\"high\" decoding=\"async\" width=\"519\" height=\"343\" src=\"https:\/\/elcontainermed.com\/wp-content\/uploads\/2025\/08\/cropped-containetr.png\" class=\"custom-logo\" alt=\"El Container\" srcset=\"https:\/\/elcontainermed.com\/wp-content\/uploads\/2025\/08\/cropped-containetr.png 519w, https:\/\/elcontainermed.com\/wp-content\/uploads\/2025\/08\/cropped-containetr-300x198.png 300w\" sizes=\"(max-width: 519px) 100vw, 519px\" \/><\/a>\n\t<\/div><!-- #site-logo-inner -->\n\n\t\n\t\n<\/div><!-- #site-logo -->\n\n\n\t\t<\/div>\n\n\t\t\t\t\t<\/div>\n\t\t\t\t<\/div>\n\t\t\t\t\t<\/div>\n\t\t<\/div>\n\t\t\t\t\t<\/div>\n\t\t<\/section>\n\t\t<div class=\"elementor-element elementor-element-a23ec66 e-flex e-con-boxed e-con e-parent\" data-id=\"a23ec66\" data-element_type=\"container\">\n\t\t\t\t\t<div class=\"e-con-inner\">\n\t\t\t\t<div class=\"elementor-element elementor-element-0abdf8f elementor-widget elementor-widget-heading\" data-id=\"0abdf8f\" data-element_type=\"widget\" data-widget_type=\"heading.default\">\n\t\t\t\t\t<h2 class=\"elementor-heading-title elementor-size-default\">Preguntas Frecuentes\n<\/h2>\t\t\t\t<\/div>\n\t\t\t\t<div class=\"elementor-element elementor-element-003e8d5 elementor-widget elementor-widget-text-editor\" data-id=\"003e8d5\" data-element_type=\"widget\" data-widget_type=\"text-editor.default\">\n\t\t\t\t\t\t\t\t\t<div class=\"elementor-element elementor-element-8c00d73 elementor-widget elementor-widget-text-editor\" data-id=\"8c00d73\" data-element_type=\"widget\" data-widget_type=\"text-editor.default\"><div class=\"elementor-widget-container\"><div class=\"elementor-text-editor elementor-clearfix\"><p>Somos una tienda virtual de perfumer\u00eda creada para que encuentres el aroma perfecto y sorprendas a quienes m\u00e1s quieres; autenticidad, calidad y buen precio en un solo lugar.<\/p><p>Somos EL CONTAINER PERFUMER\u00cdA<\/p><\/div><\/div><\/div>\t\t\t\t\t\t\t\t<\/div>\n\t\t\t\t<div class=\"elementor-element elementor-element-d9a647a elementor-widget elementor-widget-wew-accordion\" data-id=\"d9a647a\" data-element_type=\"widget\" data-widget_type=\"wew-accordion.default\">\n\t\t\t\t<div class=\"elementor-widget-container\">\n\t\t\t\t\t\n\t\t<div id=\"wew-accordion-d9a647a\" class=\"wew-accordion\" data-settings=\"{&quot;multiple&quot;:&quot;false&quot;}\">\n\n\t\t\t\n\t\t\t\t<div class=\"wew-accordion-item\">\n\t\t\t\t\t<div class=\"wew-accordion-title\">\n\t\t\t\t\t\t\t\t\t\t\t\t\t<span class=\"wew-accordion-icon wew-accordion-icon-right\" aria-hidden=\"true\">\n\t\t\t\t\t\t\t\t<i class=\"wew-accordion-icon-closed fa fa-plus\"><\/i>\n\t\t\t\t\t\t\t\t<i class=\"wew-accordion-icon-opened fa fa-minus\"><\/i>\n\t\t\t\t\t\t\t<\/span>\n\t\t\t\t\t\t\n\t\t\t\t\t\t\u00bfC\u00f3mo realizo la compra?\t\t\t\t\t<\/div>\n\n\t\t\t\t\t<div class=\"wew-accordion-content\">\n\t\t\t\t\t\t<ol><li>Navega por las categor\u00edas o usa el buscador para encontrar un producto.<\/li><li>Agrega los productos al carrito de compras haciendo click en \"Agregar al carrito\".<\/li><li>En el carrito de compras encontrar\u00e1s el resumen de tu pedido.<\/li><li>Llena los datos b\u00e1sicos (nombre, c\u00e9dula, direcci\u00f3n, tel\u00e9fono, correo)<\/li><li>Selecciona el m\u00e9todo de pago preferido a trav\u00e9s de Wompi.<\/li><li>Validaci\u00f3n del pago y notificaci\u00f3n de la compra.<\/li><\/ol>\t\t\t\t\t<\/div>\n\t\t\t\t<\/div>\n\t\t\t\n\t\t\t\t<div class=\"wew-accordion-item\">\n\t\t\t\t\t<div class=\"wew-accordion-title\">\n\t\t\t\t\t\t\t\t\t\t\t\t\t<span class=\"wew-accordion-icon wew-accordion-icon-right\" aria-hidden=\"true\">\n\t\t\t\t\t\t\t\t<i class=\"wew-accordion-icon-closed fa fa-plus\"><\/i>\n\t\t\t\t\t\t\t\t<i class=\"wew-accordion-icon-opened fa fa-minus\"><\/i>\n\t\t\t\t\t\t\t<\/span>\n\t\t\t\t\t\t\n\t\t\t\t\t\t\u00bfCu\u00e1l es la calidad del producto?\t\t\t\t\t<\/div>\n\n\t\t\t\t\t<div class=\"wew-accordion-content\">\n\t\t\t\t\t\t<p>Nuestros perfumes son Importados calidad 1:1<br \/>Todos nuestros perfumes vienen en caja, envase original y sellados.<\/p>\t\t\t\t\t<\/div>\n\t\t\t\t<\/div>\n\t\t\t\n\t\t\t\t<div class=\"wew-accordion-item\">\n\t\t\t\t\t<div class=\"wew-accordion-title\">\n\t\t\t\t\t\t\t\t\t\t\t\t\t<span class=\"wew-accordion-icon wew-accordion-icon-right\" aria-hidden=\"true\">\n\t\t\t\t\t\t\t\t<i class=\"wew-accordion-icon-closed fa fa-plus\"><\/i>\n\t\t\t\t\t\t\t\t<i class=\"wew-accordion-icon-opened fa fa-minus\"><\/i>\n\t\t\t\t\t\t\t<\/span>\n\t\t\t\t\t\t\n\t\t\t\t\t\t\u00bfCu\u00e1l es el tiempo de env\u00edo y qui\u00e9n asume el valor?\t\t\t\t\t<\/div>\n\n\t\t\t\t\t<div class=\"wew-accordion-content\">\n\t\t\t\t\t\t<ul><li style=\"text-align: left\">En Medell\u00edn enviamos bajo la modalidad de domicilio con entrega inmediata (entrega el mismo d\u00eda del pedido o d\u00eda siguiente).<\/li><li>El tiempo estimado de env\u00edo a otras ciudades es de 1 a 5 d\u00edas h\u00e1biles. Los gastos de env\u00edo son asumidos por el comprador y el valor del env\u00edo depender\u00e1 del lugar de destino.<\/li><li>Los tiempos de env\u00edo pueden ser mayores o sufrir variaciones de acuerdo a la ubicaci\u00f3n del comprador.<\/li><li>El valor de env\u00edo puede ser modificado por descuentos o promociones seg\u00fan aplique.<\/li><\/ul>\t\t\t\t\t<\/div>\n\t\t\t\t<\/div>\n\t\t\t\n\t\t\t\t<div class=\"wew-accordion-item\">\n\t\t\t\t\t<div class=\"wew-accordion-title\">\n\t\t\t\t\t\t\t\t\t\t\t\t\t<span class=\"wew-accordion-icon wew-accordion-icon-right\" aria-hidden=\"true\">\n\t\t\t\t\t\t\t\t<i class=\"wew-accordion-icon-closed fa fa-plus\"><\/i>\n\t\t\t\t\t\t\t\t<i class=\"wew-accordion-icon-opened fa fa-minus\"><\/i>\n\t\t\t\t\t\t\t<\/span>\n\t\t\t\t\t\t\n\t\t\t\t\t\t\u00bfCu\u00e1les son los medios de pago?\t\t\t\t\t<\/div>\n\n\t\t\t\t\t<div class=\"wew-accordion-content\">\n\t\t\t\t\t\t<ul><li><strong>Tarjetas:<\/strong> cr\u00e9dito y d\u00e9bito (Visa, Mastercard, American Express).<\/li><li><strong>Bot\u00f3n Bancolombia:<\/strong> pagos directos desde tu cuenta.<\/li><li><strong>Nequi:<\/strong> paga f\u00e1cil desde tu celular.<\/li><li><strong>PSE:<\/strong> transferencias desde cualquier banco en Colombia.<\/li><li><strong>En efectivo:<\/strong> a trav\u00e9s de corresponsales Bancolombia.<\/li><li><strong>Pago contra entrega:<\/strong> disponible solo para pedidos en Medell\u00edn v\u00eda WhatsApp.<\/li><\/ul>\t\t\t\t\t<\/div>\n\t\t\t\t<\/div>\n\t\t\t\n\t\t\t\t<div class=\"wew-accordion-item\">\n\t\t\t\t\t<div class=\"wew-accordion-title\">\n\t\t\t\t\t\t\t\t\t\t\t\t\t<span class=\"wew-accordion-icon wew-accordion-icon-right\" aria-hidden=\"true\">\n\t\t\t\t\t\t\t\t<i class=\"wew-accordion-icon-closed fa fa-plus\"><\/i>\n\t\t\t\t\t\t\t\t<i class=\"wew-accordion-icon-opened fa fa-minus\"><\/i>\n\t\t\t\t\t\t\t<\/span>\n\t\t\t\t\t\t\n\t\t\t\t\t\t\u00bfQu\u00e9 hacer ante un producto defectuoso?\t\t\t\t\t<\/div>\n\n\t\t\t\t\t<div class=\"wew-accordion-content\">\n\t\t\t\t\t\t<ul><li>Si recibes un producto defectuoso o en mal estado puedes comunicarte a nuestro WhatsApp de atenci\u00f3n (+57 319 345 49 04) y solicitar el cambio del producto.<\/li><\/ul>\t\t\t\t\t<\/div>\n\t\t\t\t<\/div>\n\t\t\t\n\t\t\t\t<div class=\"wew-accordion-item\">\n\t\t\t\t\t<div class=\"wew-accordion-title\">\n\t\t\t\t\t\t\t\t\t\t\t\t\t<span class=\"wew-accordion-icon wew-accordion-icon-right\" aria-hidden=\"true\">\n\t\t\t\t\t\t\t\t<i class=\"wew-accordion-icon-closed fa fa-plus\"><\/i>\n\t\t\t\t\t\t\t\t<i class=\"wew-accordion-icon-opened fa fa-minus\"><\/i>\n\t\t\t\t\t\t\t<\/span>\n\t\t\t\t\t\t\n\t\t\t\t\t\t\u00bfQu\u00e9 pol\u00edticas de seguridad tiene EL CONTAINER para mis datos de tarjetas de cr\u00e9dito?\t\t\t\t\t<\/div>\n\n\t\t\t\t\t<div class=\"wew-accordion-content\">\n\t\t\t\t\t\t<ul><li>Desde nuestro E-commerce no capturamos, almacenamos ni transmitimos datos transaccionales. Para esto contamos con los servicios de ePayco y Wompi, pasarelas de pago certificadas con PCI. Por esto puedes realizar tus pagos a trav\u00e9s de su sitio web sin preocuparte.<\/li><\/ul>\t\t\t\t\t<\/div>\n\t\t\t\t<\/div>\n\t\t\t\n\t\t<\/div>\n\n\t\t\t\t\t<\/div>\n\t\t\t\t<\/div>\n\t\t\t\t\t<\/div>\n\t\t\t\t<\/div>\n\t\t\t\t<section class=\"elementor-section elementor-top-section elementor-element elementor-element-8a22226 elementor-section-boxed elementor-section-height-default elementor-section-height-default\" data-id=\"8a22226\" data-element_type=\"section\">\n\t\t\t\t\t\t<div class=\"elementor-container elementor-column-gap-default\">\n\t\t\t\t\t<div class=\"elementor-column elementor-col-100 elementor-top-column elementor-element elementor-element-ec4d63a\" data-id=\"ec4d63a\" data-element_type=\"column\">\n\t\t\t<div class=\"elementor-widget-wrap elementor-element-populated\">\n\t\t\t\t\t\t<div class=\"elementor-element elementor-element-0f766cb text-contact elementor-widget elementor-widget-text-editor\" data-id=\"0f766cb\" data-element_type=\"widget\" data-widget_type=\"text-editor.default\">\n\t\t\t\t\t\t\t\t\t<p>\u00bfTienes preguntas o necesitas m\u00e1s informaci\u00f3n? Completa el formulario y nuestro equipo se pondr\u00e1 en contacto contigo lo antes posible.<\/p>\t\t\t\t\t\t\t\t<\/div>\n\t\t\t\t\t<\/div>\n\t\t<\/div>\n\t\t\t\t\t<\/div>\n\t\t<\/section>\n\t\t\t\t<section class=\"elementor-section elementor-top-section elementor-element elementor-element-34acbfc elementor-section-stretched elementor-section-boxed elementor-section-height-default elementor-section-height-default\" data-id=\"34acbfc\" data-element_type=\"section\" data-settings=\"{&quot;stretch_section&quot;:&quot;section-stretched&quot;,&quot;background_background&quot;:&quot;classic&quot;}\">\n\t\t\t\t\t\t<div class=\"elementor-container elementor-column-gap-no\">\n\t\t\t\t\t<div class=\"elementor-column elementor-col-100 elementor-top-column elementor-element elementor-element-00e3ced box-testimonials contact-form\" data-id=\"00e3ced\" data-element_type=\"column\" data-settings=\"{&quot;background_background&quot;:&quot;classic&quot;}\">\n\t\t\t<div class=\"elementor-widget-wrap elementor-element-populated\">\n\t\t\t\t\t\t<div class=\"elementor-element elementor-element-621ca62 elementor-widget elementor-widget-wew-wpforms\" data-id=\"621ca62\" data-element_type=\"widget\" data-widget_type=\"wew-wpforms.default\">\n\t\t\t\t<div class=\"elementor-widget-container\">\n\t\t\t\t\t<div class=\"wpforms-container wpforms-container-full wpforms-render-modern\" id=\"wpforms-2790\"><form id=\"wpforms-form-2790\" class=\"wpforms-validate wpforms-form\" data-formid=\"2790\" method=\"post\" enctype=\"multipart\/form-data\" action=\"\/index.php\/wp-json\/wp\/v2\/pages\/1473\" data-token=\"30061174b682a2ca34036d0291d8fbf2\" data-token-time=\"1776455716\"><noscript class=\"wpforms-error-noscript\">Por favor, activa JavaScript en tu navegador para completar este formulario.<\/noscript><div id=\"wpforms-error-noscript\" style=\"display: none;\">Por favor, activa JavaScript en tu navegador para completar este formulario.<\/div><div class=\"wpforms-field-container\"><div id=\"wpforms-2790-field_0-container\" class=\"wpforms-field wpforms-field-name wpforms-one-half wpforms-first\" data-field-id=\"0\"><label class=\"wpforms-field-label\" for=\"wpforms-2790-field_0\">Name <span class=\"wpforms-required-label\" aria-hidden=\"true\">*<\/span><\/label><input type=\"text\" id=\"wpforms-2790-field_0\" class=\"wpforms-field-large wpforms-field-required\" name=\"wpforms[fields][0]\" aria-errormessage=\"wpforms-2790-field_0-error\" required><\/div><div id=\"wpforms-2790-field_1-container\" class=\"wpforms-field wpforms-field-email wpforms-one-half\" data-field-id=\"1\"><label class=\"wpforms-field-label\" for=\"wpforms-2790-field_1\">Email <span class=\"wpforms-required-label\" aria-hidden=\"true\">*<\/span><\/label><input type=\"email\" id=\"wpforms-2790-field_1\" class=\"wpforms-field-large wpforms-field-required\" name=\"wpforms[fields][1]\" spellcheck=\"false\" aria-errormessage=\"wpforms-2790-field_1-error\" required><\/div><div id=\"wpforms-2790-field_2-container\" class=\"wpforms-field wpforms-field-textarea message-contact\" data-field-id=\"2\"><label class=\"wpforms-field-label\" for=\"wpforms-2790-field_2\">Message <span class=\"wpforms-required-label\" aria-hidden=\"true\">*<\/span><\/label><textarea id=\"wpforms-2790-field_2\" class=\"wpforms-field-medium wpforms-field-required\" name=\"wpforms[fields][2]\" aria-errormessage=\"wpforms-2790-field_2-error\" required><\/textarea><\/div><\/div><!-- .wpforms-field-container --><div class=\"wpforms-submit-container\" ><input type=\"hidden\" name=\"wpforms[id]\" value=\"2790\"><input type=\"hidden\" name=\"page_title\" value=\"\"><input type=\"hidden\" name=\"page_url\" value=\"https:\/\/elcontainermed.com\/index.php\/wp-json\/wp\/v2\/pages\/1473\"><input type=\"hidden\" name=\"url_referer\" value=\"\"><button type=\"submit\" name=\"wpforms[submit]\" id=\"wpforms-submit-2790\" class=\"wpforms-submit\" aria-live=\"assertive\" value=\"wpforms-submit\">Submit<\/button><\/div><\/form><\/div>  <!-- .wpforms-container -->\t\t\t\t<\/div>\n\t\t\t\t<\/div>\n\t\t\t\t\t<\/div>\n\t\t<\/div>\n\t\t\t\t\t<\/div>\n\t\t<\/section>\n\t\t\t\t<\/div>\n\t\t","protected":false},"excerpt":{"rendered":"<p>Preguntas Frecuentes Somos una tienda virtual de perfumer\u00eda creada para que encuentres el aroma perfecto y sorprendas a quienes m\u00e1s quieres; autenticidad, calidad y buen precio en un solo lugar. Somos EL CONTAINER PERFUMER\u00cdA \u00bfC\u00f3mo realizo la compra? Navega por las categor\u00edas o usa el buscador para encontrar un producto. Agrega los productos al carrito [&hellip;]<\/p>\n","protected":false},"author":1,"featured_media":0,"parent":0,"menu_order":0,"comment_status":"closed","ping_status":"closed","template":"","meta":{"_joinchat":[],"footnotes":""},"class_list":["post-1473","page","type-page","status-publish","hentry","entry","wvn-thumbs-layout-horizontal","wvn-btn-normal","wvn-tabs-layout-horizontal","has-no-thumbnails","circle-sale"],"_links":{"self":[{"href":"https:\/\/elcontainermed.com\/index.php\/wp-json\/wp\/v2\/pages\/1473","targetHints":{"allow":["GET"]}}],"collection":[{"href":"https:\/\/elcontainermed.com\/index.php\/wp-json\/wp\/v2\/pages"}],"about":[{"href":"https:\/\/elcontainermed.com\/index.php\/wp-json\/wp\/v2\/types\/page"}],"author":[{"embeddable":true,"href":"https:\/\/elcontainermed.com\/index.php\/wp-json\/wp\/v2\/users\/1"}],"replies":[{"embeddable":true,"href":"https:\/\/elcontainermed.com\/index.php\/wp-json\/wp\/v2\/comments?post=1473"}],"version-history":[{"count":43,"href":"https:\/\/elcontainermed.com\/index.php\/wp-json\/wp\/v2\/pages\/1473\/revisions"}],"predecessor-version":[{"id":3363,"href":"https:\/\/elcontainermed.com\/index.php\/wp-json\/wp\/v2\/pages\/1473\/revisions\/3363"}],"wp:attachment":[{"href":"https:\/\/elcontainermed.com\/index.php\/wp-json\/wp\/v2\/media?parent=1473"}],"curies":[{"name":"wp","href":"https:\/\/api.w.org\/{rel}","templated":true}]}}