{"id":113,"date":"2025-07-25T11:13:37","date_gmt":"2025-07-25T16:13:37","guid":{"rendered":"http:\/\/localhost\/elcontainer\/?post_type=product&#038;p=113"},"modified":"2025-08-30T23:21:45","modified_gmt":"2025-08-31T04:21:45","slug":"mont-blanc-legend-spirit","status":"publish","type":"product","link":"https:\/\/elcontainermed.com\/index.php\/producto\/mont-blanc-legend-spirit\/","title":{"rendered":"Mont Blanc Legend Spirit"},"content":{"rendered":"<p><strong>Mont Blanc Legend Spirit<\/strong><\/p>\n<p>\ud83d\udce6 <strong>Presentaci\u00f3n<\/strong>: 100 ml<\/p>\n<p>\ud83d\udca7 <strong>Concentraci\u00f3n<\/strong>: Eau de Toilette<\/p>\n<p>\ud83c\udf38 <strong>Notas de salida:<\/strong> Toronja, bergamota, pimienta rosa<\/p>\n<p>\ud83d\udc96 <strong>Notas de coraz\u00f3n:<\/strong> Lavanda, cardamomo, notas acu\u00e1ticas<\/p>\n<p>\ud83c\udf3f <strong>Notas de fondo:<\/strong> Maderas blancas, cachemira, almizcle blanco, musgo de roble<\/p>\n<p>Fragancia fresca y vibrante con apertura c\u00edtrica y chispeante, que evoluciona hacia un coraz\u00f3n limpio y arom\u00e1tico, descansando sobre un fondo amaderado y suave que aporta elegancia moderna.<\/p>\n","protected":false},"excerpt":{"rendered":"<p>Una mezcla de frescura c\u00edtrica y pureza amaderada, ideal para el hombre din\u00e1mico y seguro que busca un aroma limpio y sofisticado.<\/p>\n","protected":false},"featured_media":155,"comment_status":"open","ping_status":"closed","template":"","meta":{"_joinchat":[]},"product_brand":[100],"product_cat":[16],"product_tag":[],"class_list":{"0":"post-113","1":"product","2":"type-product","3":"status-publish","4":"has-post-thumbnail","6":"product_brand-mont-blanc","7":"product_cat-hombre","8":"entry","9":"has-media","11":"first","12":"instock","13":"shipping-taxable","14":"purchasable","15":"product-type-simple","16":"col","17":"span_1_of_3","18":"wvn-content-left","19":"wvn-thumbs-layout-horizontal","20":"wvn-btn-normal","21":"wvn-tabs-layout-horizontal","22":"has-no-thumbnails","23":"circle-sale"},"_links":{"self":[{"href":"https:\/\/elcontainermed.com\/index.php\/wp-json\/wp\/v2\/product\/113","targetHints":{"allow":["GET"]}}],"collection":[{"href":"https:\/\/elcontainermed.com\/index.php\/wp-json\/wp\/v2\/product"}],"about":[{"href":"https:\/\/elcontainermed.com\/index.php\/wp-json\/wp\/v2\/types\/product"}],"replies":[{"embeddable":true,"href":"https:\/\/elcontainermed.com\/index.php\/wp-json\/wp\/v2\/comments?post=113"}],"wp:featuredmedia":[{"embeddable":true,"href":"https:\/\/elcontainermed.com\/index.php\/wp-json\/wp\/v2\/media\/155"}],"wp:attachment":[{"href":"https:\/\/elcontainermed.com\/index.php\/wp-json\/wp\/v2\/media?parent=113"}],"wp:term":[{"taxonomy":"product_brand","embeddable":true,"href":"https:\/\/elcontainermed.com\/index.php\/wp-json\/wp\/v2\/product_brand?post=113"},{"taxonomy":"product_cat","embeddable":true,"href":"https:\/\/elcontainermed.com\/index.php\/wp-json\/wp\/v2\/product_cat?post=113"},{"taxonomy":"product_tag","embeddable":true,"href":"https:\/\/elcontainermed.com\/index.php\/wp-json\/wp\/v2\/product_tag?post=113"}],"curies":[{"name":"wp","href":"https:\/\/api.w.org\/{rel}","templated":true}]}}