{"id":115,"date":"2025-07-25T11:13:37","date_gmt":"2025-07-25T16:13:37","guid":{"rendered":"http:\/\/localhost\/elcontainer\/?post_type=product&#038;p=115"},"modified":"2025-08-30T23:07:48","modified_gmt":"2025-08-31T04:07:48","slug":"360-men","status":"publish","type":"product","link":"https:\/\/elcontainermed.com\/index.php\/producto\/360-men\/","title":{"rendered":"360\u00b0 Men"},"content":{"rendered":"<p><strong>360\u00b0 for Men \u2013 Perry Ellis<\/strong><\/p>\n<p>\ud83d\udce6 <strong>Presentaci\u00f3n<\/strong>: 100 ml<\/p>\n<p>\ud83d\udca7 <strong>Concentraci\u00f3n<\/strong>: Eau de Toilette<\/p>\n<p>\ud83c\udf38 <strong>Notas de salida:<\/strong> Bayas de enebro, lim\u00f3n, bergamota<\/p>\n<p>\ud83d\udc96 <strong>Notas de coraz\u00f3n:<\/strong> Lavanda, salvia, cardamomo, fresia<\/p>\n<p>\ud83c\udf3f <strong>Notas de fondo:<\/strong> Notas amaderadas, vetiver, almizcle<\/p>\n<p>Una fragancia masculina vigorizante y vers\u00e1til: inicia con una apertura fresca y c\u00edtrica, contin\u00faa con un coraz\u00f3n herb\u00e1ceo moderno, y culmina en una base c\u00e1lida, suave y refinada. Ideal para el uso cotidiano o actividades al aire libre .<\/p>\n","protected":false},"excerpt":{"rendered":"<p>Aroma fresco y moderno: c\u00edtricos chispeantes con coraz\u00f3n herbal y base amaderada suave.<\/p>\n","protected":false},"featured_media":2926,"comment_status":"open","ping_status":"closed","template":"","meta":{"_joinchat":[]},"product_brand":[68],"product_cat":[16],"product_tag":[],"class_list":{"0":"post-115","1":"product","2":"type-product","3":"status-publish","4":"has-post-thumbnail","6":"product_brand-perry-ellis","7":"product_cat-hombre","8":"entry","9":"has-media","11":"first","12":"instock","13":"shipping-taxable","14":"purchasable","15":"product-type-simple","16":"col","17":"span_1_of_3","18":"wvn-content-left","19":"wvn-thumbs-layout-horizontal","20":"wvn-btn-normal","21":"wvn-tabs-layout-horizontal","22":"has-no-thumbnails","23":"circle-sale"},"_links":{"self":[{"href":"https:\/\/elcontainermed.com\/index.php\/wp-json\/wp\/v2\/product\/115","targetHints":{"allow":["GET"]}}],"collection":[{"href":"https:\/\/elcontainermed.com\/index.php\/wp-json\/wp\/v2\/product"}],"about":[{"href":"https:\/\/elcontainermed.com\/index.php\/wp-json\/wp\/v2\/types\/product"}],"replies":[{"embeddable":true,"href":"https:\/\/elcontainermed.com\/index.php\/wp-json\/wp\/v2\/comments?post=115"}],"wp:featuredmedia":[{"embeddable":true,"href":"https:\/\/elcontainermed.com\/index.php\/wp-json\/wp\/v2\/media\/2926"}],"wp:attachment":[{"href":"https:\/\/elcontainermed.com\/index.php\/wp-json\/wp\/v2\/media?parent=115"}],"wp:term":[{"taxonomy":"product_brand","embeddable":true,"href":"https:\/\/elcontainermed.com\/index.php\/wp-json\/wp\/v2\/product_brand?post=115"},{"taxonomy":"product_cat","embeddable":true,"href":"https:\/\/elcontainermed.com\/index.php\/wp-json\/wp\/v2\/product_cat?post=115"},{"taxonomy":"product_tag","embeddable":true,"href":"https:\/\/elcontainermed.com\/index.php\/wp-json\/wp\/v2\/product_tag?post=115"}],"curies":[{"name":"wp","href":"https:\/\/api.w.org\/{rel}","templated":true}]}}