{"id":116,"date":"2025-07-25T11:13:37","date_gmt":"2025-07-25T16:13:37","guid":{"rendered":"http:\/\/localhost\/elcontainer\/?post_type=product&#038;p=116"},"modified":"2025-08-30T23:12:43","modified_gmt":"2025-08-31T04:12:43","slug":"360-red","status":"publish","type":"product","link":"https:\/\/elcontainermed.com\/index.php\/producto\/360-red\/","title":{"rendered":"360\u00b0 Red"},"content":{"rendered":"<p><strong>360\u00b0 Red for Men \u2013 Perry Ellis<\/strong><\/p>\n<p>\ud83d\udce6 <strong>Presentaci\u00f3n<\/strong>: 100 ml<\/p>\n<p>\ud83d\udca7 <strong>Concentraci\u00f3n<\/strong>: Eau de Toilette<\/p>\n<p>\ud83c\udf38 <strong>Notas de salida:<\/strong> Lima, bergamota, naranja, mandarina, canela, clavo de olor, nuez moscada, lim\u00f3n verde<\/p>\n<p>\ud83d\udc96 <strong>Notas de coraz\u00f3n:<\/strong> Lavanda, cilantro (coriandro)<\/p>\n<p>\ud83c\udf3f <strong>Notas de fondo:<\/strong> Almizcle, pachul\u00ed, vetiver, s\u00e1ndalo, cedro rojo japon\u00e9s, musgo de roble<\/p>\n<p>Una fragancia masculina vibrante que fusiona una apertura c\u00edtrica y especiada con un coraz\u00f3n herb\u00e1ceo limpio, culminando en una base amaderada, c\u00e1lida y seductora.<\/p>\n","protected":false},"excerpt":{"rendered":"<p>Frutas c\u00edtricas chispeantes con especias c\u00e1lidas, elevadas por un coraz\u00f3n herbal, culminan en una estela amaderada y sensual.<\/p>\n","protected":false},"featured_media":170,"comment_status":"open","ping_status":"closed","template":"","meta":{"_joinchat":[]},"product_brand":[68],"product_cat":[16],"product_tag":[],"class_list":{"0":"post-116","1":"product","2":"type-product","3":"status-publish","4":"has-post-thumbnail","6":"product_brand-perry-ellis","7":"product_cat-hombre","8":"entry","9":"has-media","11":"first","12":"instock","13":"shipping-taxable","14":"purchasable","15":"product-type-simple","16":"col","17":"span_1_of_3","18":"wvn-content-left","19":"wvn-thumbs-layout-horizontal","20":"wvn-btn-normal","21":"wvn-tabs-layout-horizontal","22":"has-no-thumbnails","23":"circle-sale"},"_links":{"self":[{"href":"https:\/\/elcontainermed.com\/index.php\/wp-json\/wp\/v2\/product\/116","targetHints":{"allow":["GET"]}}],"collection":[{"href":"https:\/\/elcontainermed.com\/index.php\/wp-json\/wp\/v2\/product"}],"about":[{"href":"https:\/\/elcontainermed.com\/index.php\/wp-json\/wp\/v2\/types\/product"}],"replies":[{"embeddable":true,"href":"https:\/\/elcontainermed.com\/index.php\/wp-json\/wp\/v2\/comments?post=116"}],"wp:featuredmedia":[{"embeddable":true,"href":"https:\/\/elcontainermed.com\/index.php\/wp-json\/wp\/v2\/media\/170"}],"wp:attachment":[{"href":"https:\/\/elcontainermed.com\/index.php\/wp-json\/wp\/v2\/media?parent=116"}],"wp:term":[{"taxonomy":"product_brand","embeddable":true,"href":"https:\/\/elcontainermed.com\/index.php\/wp-json\/wp\/v2\/product_brand?post=116"},{"taxonomy":"product_cat","embeddable":true,"href":"https:\/\/elcontainermed.com\/index.php\/wp-json\/wp\/v2\/product_cat?post=116"},{"taxonomy":"product_tag","embeddable":true,"href":"https:\/\/elcontainermed.com\/index.php\/wp-json\/wp\/v2\/product_tag?post=116"}],"curies":[{"name":"wp","href":"https:\/\/api.w.org\/{rel}","templated":true}]}}