{"id":117,"date":"2025-07-25T11:13:37","date_gmt":"2025-07-25T16:13:37","guid":{"rendered":"http:\/\/localhost\/elcontainer\/?post_type=product&#038;p=117"},"modified":"2025-08-30T23:16:29","modified_gmt":"2025-08-31T04:16:29","slug":"fahrenheit","status":"publish","type":"product","link":"https:\/\/elcontainermed.com\/index.php\/producto\/fahrenheit\/","title":{"rendered":"Fahrenheit"},"content":{"rendered":"<p><strong>Fahrenheit \u2013 Dior<\/strong><\/p>\n<p>\ud83d\udce6 <strong>Presentaci\u00f3n<\/strong>: 100 ml<\/p>\n<p>\ud83d\udca7 <strong>Concentraci\u00f3n<\/strong>: Eau de Toilette<\/p>\n<p>\ud83c\udf38 <strong>Notas de salida:<\/strong> Mandarina, bergamota, lim\u00f3n, lavanda, espino blanco, nuez moscada, madreselva, cedro<\/p>\n<p>\ud83d\udc96 <strong>Notas de coraz\u00f3n:<\/strong> Nuez moscada, clavel, s\u00e1ndalo, violeta, jazm\u00edn, lirio de los valles<\/p>\n<p>\ud83c\udf3f <strong>Notas de fondo:<\/strong> Cuero, \u00e1mbar, pachul\u00ed, almizcle, vetiver, haba tonka<\/p>\n<p>Fragancia legendaria que combina la frescura c\u00edtrica y floral con un coraz\u00f3n especiado y un fondo de cuero y maderas, creando un contraste intenso, c\u00e1lido y lleno de car\u00e1cter.<\/p>\n","protected":false},"excerpt":{"rendered":"<p>Un cl\u00e1sico atemporal: frescura luminosa que se funde con cuero y maderas para una estela c\u00e1lida, viril e inolvidable.<\/p>\n","protected":false},"featured_media":2949,"comment_status":"open","ping_status":"closed","template":"","meta":{"_joinchat":[]},"product_brand":[88],"product_cat":[16],"product_tag":[],"class_list":{"0":"post-117","1":"product","2":"type-product","3":"status-publish","4":"has-post-thumbnail","6":"product_brand-dior","7":"product_cat-hombre","8":"entry","9":"has-media","11":"first","12":"instock","13":"shipping-taxable","14":"purchasable","15":"product-type-simple","16":"col","17":"span_1_of_3","18":"wvn-content-left","19":"wvn-thumbs-layout-horizontal","20":"wvn-btn-normal","21":"wvn-tabs-layout-horizontal","22":"has-no-thumbnails","23":"circle-sale"},"_links":{"self":[{"href":"https:\/\/elcontainermed.com\/index.php\/wp-json\/wp\/v2\/product\/117","targetHints":{"allow":["GET"]}}],"collection":[{"href":"https:\/\/elcontainermed.com\/index.php\/wp-json\/wp\/v2\/product"}],"about":[{"href":"https:\/\/elcontainermed.com\/index.php\/wp-json\/wp\/v2\/types\/product"}],"replies":[{"embeddable":true,"href":"https:\/\/elcontainermed.com\/index.php\/wp-json\/wp\/v2\/comments?post=117"}],"wp:featuredmedia":[{"embeddable":true,"href":"https:\/\/elcontainermed.com\/index.php\/wp-json\/wp\/v2\/media\/2949"}],"wp:attachment":[{"href":"https:\/\/elcontainermed.com\/index.php\/wp-json\/wp\/v2\/media?parent=117"}],"wp:term":[{"taxonomy":"product_brand","embeddable":true,"href":"https:\/\/elcontainermed.com\/index.php\/wp-json\/wp\/v2\/product_brand?post=117"},{"taxonomy":"product_cat","embeddable":true,"href":"https:\/\/elcontainermed.com\/index.php\/wp-json\/wp\/v2\/product_cat?post=117"},{"taxonomy":"product_tag","embeddable":true,"href":"https:\/\/elcontainermed.com\/index.php\/wp-json\/wp\/v2\/product_tag?post=117"}],"curies":[{"name":"wp","href":"https:\/\/api.w.org\/{rel}","templated":true}]}}