{"id":131,"date":"2025-07-25T11:14:00","date_gmt":"2025-07-25T16:14:00","guid":{"rendered":"http:\/\/localhost\/elcontainer\/?post_type=product&#038;p=131"},"modified":"2025-08-30T22:39:58","modified_gmt":"2025-08-31T03:39:58","slug":"versace-eros","status":"publish","type":"product","link":"https:\/\/elcontainermed.com\/index.php\/producto\/versace-eros\/","title":{"rendered":"Versace Eros"},"content":{"rendered":"<p><strong>Eros \u2013 Versace<\/strong><\/p>\n<p>\ud83d\udce6 <strong>Presentaci\u00f3n<\/strong>: 100 ml<\/p>\n<p>\ud83d\udca7 <strong>Concentraci\u00f3n<\/strong>: Eau de Toilette<\/p>\n<p>\ud83c\udf38 <strong>Notas de salida:<\/strong> Menta, manzana verde, lim\u00f3n<\/p>\n<p>\ud83d\udc96 <strong>Notas de coraz\u00f3n:<\/strong> Haba tonka, ambroxan, geranio<\/p>\n<p>\ud83c\udf3f <strong>Notas de fondo:<\/strong> Vainilla de Madagascar, cedro Virginiano, cedro del Atlas, vetiver, roble musgoso<\/p>\n<p>Una fragancia vibrante y masculina que fusiona una apertura fresca y brillante con menta, manzana y c\u00edtricos, evoluciona hacia un coraz\u00f3n especiado, arom\u00e1tico y moderno, y se asienta en una base c\u00e1lida y sensual con vainilla y maderas elegantes.<\/p>\n","protected":false},"excerpt":{"rendered":"<p>Frescura verde y c\u00edtrica con menta y manzana, que fluye hacia un coraz\u00f3n especiado exuberante y culmina en una base amaderada y dulce de vainilla.<\/p>\n","protected":false},"featured_media":3053,"comment_status":"open","ping_status":"closed","template":"","meta":{"_joinchat":[]},"product_brand":[112],"product_cat":[16],"product_tag":[],"class_list":{"0":"post-131","1":"product","2":"type-product","3":"status-publish","4":"has-post-thumbnail","6":"product_brand-versace","7":"product_cat-hombre","8":"entry","9":"has-media","11":"first","12":"instock","13":"shipping-taxable","14":"purchasable","15":"product-type-simple","16":"col","17":"span_1_of_3","18":"wvn-content-left","19":"wvn-thumbs-layout-horizontal","20":"wvn-btn-normal","21":"wvn-tabs-layout-horizontal","22":"has-no-thumbnails","23":"circle-sale"},"_links":{"self":[{"href":"https:\/\/elcontainermed.com\/index.php\/wp-json\/wp\/v2\/product\/131","targetHints":{"allow":["GET"]}}],"collection":[{"href":"https:\/\/elcontainermed.com\/index.php\/wp-json\/wp\/v2\/product"}],"about":[{"href":"https:\/\/elcontainermed.com\/index.php\/wp-json\/wp\/v2\/types\/product"}],"replies":[{"embeddable":true,"href":"https:\/\/elcontainermed.com\/index.php\/wp-json\/wp\/v2\/comments?post=131"}],"wp:featuredmedia":[{"embeddable":true,"href":"https:\/\/elcontainermed.com\/index.php\/wp-json\/wp\/v2\/media\/3053"}],"wp:attachment":[{"href":"https:\/\/elcontainermed.com\/index.php\/wp-json\/wp\/v2\/media?parent=131"}],"wp:term":[{"taxonomy":"product_brand","embeddable":true,"href":"https:\/\/elcontainermed.com\/index.php\/wp-json\/wp\/v2\/product_brand?post=131"},{"taxonomy":"product_cat","embeddable":true,"href":"https:\/\/elcontainermed.com\/index.php\/wp-json\/wp\/v2\/product_cat?post=131"},{"taxonomy":"product_tag","embeddable":true,"href":"https:\/\/elcontainermed.com\/index.php\/wp-json\/wp\/v2\/product_tag?post=131"}],"curies":[{"name":"wp","href":"https:\/\/api.w.org\/{rel}","templated":true}]}}