{"id":132,"date":"2025-07-25T11:14:00","date_gmt":"2025-07-25T16:14:00","guid":{"rendered":"http:\/\/localhost\/elcontainer\/?post_type=product&#038;p=132"},"modified":"2025-08-31T00:10:20","modified_gmt":"2025-08-31T05:10:20","slug":"versace-eros-flame","status":"publish","type":"product","link":"https:\/\/elcontainermed.com\/index.php\/producto\/versace-eros-flame\/","title":{"rendered":"Versace Eros Flame"},"content":{"rendered":"<p><strong>Versace Eros Flame<\/strong><\/p>\n<p>\ud83d\udce6 <strong>Presentaci\u00f3n<\/strong>: 100 ml<\/p>\n<p>\ud83d\udca7 <strong>Concentraci\u00f3n<\/strong>: Eau de Parfum \u2013 Amaderado Especiado<\/p>\n<p>\ud83c\udf38 <strong>Notas de salida:<\/strong> Mandarina, pimienta negra, lim\u00f3n, romero<\/p>\n<p>\ud83d\udc96 <strong>Notas de coraz\u00f3n:<\/strong> Rosa, geranio, pimienta<\/p>\n<p>\ud83c\udf3f <strong>Notas de fondo:<\/strong> Cedro, pachul\u00ed, s\u00e1ndalo, haba tonka, vainilla<\/p>\n<p>Una fragancia intensa y apasionada que combina la frescura c\u00edtrica con un fondo c\u00e1lido y especiado. Dise\u00f1ada para transmitir energ\u00eda, fuerza y seducci\u00f3n.<\/p>\n","protected":false},"excerpt":{"rendered":"<p>Una explosi\u00f3n de pasi\u00f3n y car\u00e1cter, perfecta para hombres seguros y magn\u00e9ticos.<\/p>\n","protected":false},"featured_media":173,"comment_status":"open","ping_status":"closed","template":"","meta":{"_joinchat":[]},"product_brand":[112],"product_cat":[16],"product_tag":[],"class_list":{"0":"post-132","1":"product","2":"type-product","3":"status-publish","4":"has-post-thumbnail","6":"product_brand-versace","7":"product_cat-hombre","8":"entry","9":"has-media","11":"first","12":"instock","13":"shipping-taxable","14":"purchasable","15":"product-type-simple","16":"col","17":"span_1_of_3","18":"wvn-content-left","19":"wvn-thumbs-layout-horizontal","20":"wvn-btn-normal","21":"wvn-tabs-layout-horizontal","22":"has-no-thumbnails","23":"circle-sale"},"_links":{"self":[{"href":"https:\/\/elcontainermed.com\/index.php\/wp-json\/wp\/v2\/product\/132","targetHints":{"allow":["GET"]}}],"collection":[{"href":"https:\/\/elcontainermed.com\/index.php\/wp-json\/wp\/v2\/product"}],"about":[{"href":"https:\/\/elcontainermed.com\/index.php\/wp-json\/wp\/v2\/types\/product"}],"replies":[{"embeddable":true,"href":"https:\/\/elcontainermed.com\/index.php\/wp-json\/wp\/v2\/comments?post=132"}],"wp:featuredmedia":[{"embeddable":true,"href":"https:\/\/elcontainermed.com\/index.php\/wp-json\/wp\/v2\/media\/173"}],"wp:attachment":[{"href":"https:\/\/elcontainermed.com\/index.php\/wp-json\/wp\/v2\/media?parent=132"}],"wp:term":[{"taxonomy":"product_brand","embeddable":true,"href":"https:\/\/elcontainermed.com\/index.php\/wp-json\/wp\/v2\/product_brand?post=132"},{"taxonomy":"product_cat","embeddable":true,"href":"https:\/\/elcontainermed.com\/index.php\/wp-json\/wp\/v2\/product_cat?post=132"},{"taxonomy":"product_tag","embeddable":true,"href":"https:\/\/elcontainermed.com\/index.php\/wp-json\/wp\/v2\/product_tag?post=132"}],"curies":[{"name":"wp","href":"https:\/\/api.w.org\/{rel}","templated":true}]}}