{"id":133,"date":"2025-07-25T11:14:00","date_gmt":"2025-07-25T16:14:00","guid":{"rendered":"http:\/\/localhost\/elcontainer\/?post_type=product&#038;p=133"},"modified":"2025-08-30T22:32:07","modified_gmt":"2025-08-31T03:32:07","slug":"212-men","status":"publish","type":"product","link":"https:\/\/elcontainermed.com\/index.php\/producto\/212-men\/","title":{"rendered":"212 Men"},"content":{"rendered":"<p><strong>212 Men \u2013 Carolina Herrera<\/strong><\/p>\n<p>\ud83d\udce6 <strong>Presentaci\u00f3n<\/strong>: 100 ml<\/p>\n<p>\ud83d\udca7 <strong>Concentraci\u00f3n<\/strong>: Eau de Toilette<\/p>\n<p>\ud83c\udf38 <strong>Notas de salida:<\/strong> Notas verdes, toronja (pomelo), especias, bergamota, lavanda y petitgrain<\/p>\n<p>\ud83d\udc96 <strong>Notas de coraz\u00f3n:<\/strong> Jengibre, violeta, gardenia y salvia<\/p>\n<p>\ud83c\udf3f <strong>Notas de fondo:<\/strong> Almizcle, s\u00e1ndalo, incienso, vetiver, madera de gaiac y l\u00e1dano<\/p>\n<p>Creada por los perfumistas Alberto Morillas, Rosendo Mateu y Ann Gottlieb, esta fragancia unisex presenta una frescura verde especiada en su apertura, evoluciona hacia un coraz\u00f3n floral intrigante y descansa sobre una base c\u00e1lida y amaderada con matices m\u00edsticos y sofisticados.<\/p>\n","protected":false},"excerpt":{"rendered":"<p>Frescura verde-c\u00edtrica inicial que transita a un coraz\u00f3n floral especiado, culminando en una estela c\u00e1lida y amaderada con toque almizclado.<\/p>\n","protected":false},"featured_media":174,"comment_status":"open","ping_status":"closed","template":"","meta":{"_joinchat":[]},"product_brand":[67],"product_cat":[16],"product_tag":[],"class_list":{"0":"post-133","1":"product","2":"type-product","3":"status-publish","4":"has-post-thumbnail","6":"product_brand-carolina-herrera","7":"product_cat-hombre","8":"entry","9":"has-media","11":"first","12":"instock","13":"shipping-taxable","14":"purchasable","15":"product-type-simple","16":"col","17":"span_1_of_3","18":"wvn-content-left","19":"wvn-thumbs-layout-horizontal","20":"wvn-btn-normal","21":"wvn-tabs-layout-horizontal","22":"has-no-thumbnails","23":"circle-sale"},"_links":{"self":[{"href":"https:\/\/elcontainermed.com\/index.php\/wp-json\/wp\/v2\/product\/133","targetHints":{"allow":["GET"]}}],"collection":[{"href":"https:\/\/elcontainermed.com\/index.php\/wp-json\/wp\/v2\/product"}],"about":[{"href":"https:\/\/elcontainermed.com\/index.php\/wp-json\/wp\/v2\/types\/product"}],"replies":[{"embeddable":true,"href":"https:\/\/elcontainermed.com\/index.php\/wp-json\/wp\/v2\/comments?post=133"}],"wp:featuredmedia":[{"embeddable":true,"href":"https:\/\/elcontainermed.com\/index.php\/wp-json\/wp\/v2\/media\/174"}],"wp:attachment":[{"href":"https:\/\/elcontainermed.com\/index.php\/wp-json\/wp\/v2\/media?parent=133"}],"wp:term":[{"taxonomy":"product_brand","embeddable":true,"href":"https:\/\/elcontainermed.com\/index.php\/wp-json\/wp\/v2\/product_brand?post=133"},{"taxonomy":"product_cat","embeddable":true,"href":"https:\/\/elcontainermed.com\/index.php\/wp-json\/wp\/v2\/product_cat?post=133"},{"taxonomy":"product_tag","embeddable":true,"href":"https:\/\/elcontainermed.com\/index.php\/wp-json\/wp\/v2\/product_tag?post=133"}],"curies":[{"name":"wp","href":"https:\/\/api.w.org\/{rel}","templated":true}]}}