{"id":134,"date":"2025-07-25T11:14:00","date_gmt":"2025-07-25T16:14:00","guid":{"rendered":"http:\/\/localhost\/elcontainer\/?post_type=product&#038;p=134"},"modified":"2025-08-30T22:48:22","modified_gmt":"2025-08-31T03:48:22","slug":"212-vip-men","status":"publish","type":"product","link":"https:\/\/elcontainermed.com\/index.php\/producto\/212-vip-men\/","title":{"rendered":"212 VIP Men"},"content":{"rendered":"<p><strong>212 VIP Men \u2013 Carolina Herrera<\/strong><\/p>\n<p>\ud83d\udce6 Presentaci\u00f3n: 100 ml<\/p>\n<p>\ud83d\udca7 <strong>Concentraci\u00f3n<\/strong>: Eau de Toilette<\/p>\n<p>\ud83c\udf38 <strong>Notas de salida:<\/strong> Maracuy\u00e1 (fruta de la pasi\u00f3n), lima (lim\u00f3n verde), pimienta, jengibre<\/p>\n<p>\ud83d\udc96 <strong>Notas de coraz\u00f3n:<\/strong> Vodka, ginebra, menta, especias<\/p>\n<p>\ud83c\udf3f <strong>Notas de fondo:<\/strong> \u00c1mbar, cuero, notas amaderadas<\/p>\n<p>Una fragancia vibrante y festiva que despierta con frutas ex\u00f3ticas y especias picantes, evoluciona hacia un coraz\u00f3n alcoh\u00f3lico e intrigante, y se asienta en una base c\u00e1lida, amaderada y seductora, evocando una noche llena de energ\u00eda urbana.<\/p>\n","protected":false},"excerpt":{"rendered":"<p>C\u00f3ctel c\u00edtrico y ardiente que evoluciona en un coraz\u00f3n de vodka y mentas, y culmina en un fondo amaderado y seductor.<\/p>\n","protected":false},"featured_media":175,"comment_status":"open","ping_status":"closed","template":"","meta":{"_joinchat":[]},"product_brand":[67],"product_cat":[16],"product_tag":[],"class_list":{"0":"post-134","1":"product","2":"type-product","3":"status-publish","4":"has-post-thumbnail","6":"product_brand-carolina-herrera","7":"product_cat-hombre","8":"entry","9":"has-media","11":"first","12":"instock","13":"shipping-taxable","14":"purchasable","15":"product-type-simple","16":"col","17":"span_1_of_3","18":"wvn-content-left","19":"wvn-thumbs-layout-horizontal","20":"wvn-btn-normal","21":"wvn-tabs-layout-horizontal","22":"has-no-thumbnails","23":"circle-sale"},"_links":{"self":[{"href":"https:\/\/elcontainermed.com\/index.php\/wp-json\/wp\/v2\/product\/134","targetHints":{"allow":["GET"]}}],"collection":[{"href":"https:\/\/elcontainermed.com\/index.php\/wp-json\/wp\/v2\/product"}],"about":[{"href":"https:\/\/elcontainermed.com\/index.php\/wp-json\/wp\/v2\/types\/product"}],"replies":[{"embeddable":true,"href":"https:\/\/elcontainermed.com\/index.php\/wp-json\/wp\/v2\/comments?post=134"}],"wp:featuredmedia":[{"embeddable":true,"href":"https:\/\/elcontainermed.com\/index.php\/wp-json\/wp\/v2\/media\/175"}],"wp:attachment":[{"href":"https:\/\/elcontainermed.com\/index.php\/wp-json\/wp\/v2\/media?parent=134"}],"wp:term":[{"taxonomy":"product_brand","embeddable":true,"href":"https:\/\/elcontainermed.com\/index.php\/wp-json\/wp\/v2\/product_brand?post=134"},{"taxonomy":"product_cat","embeddable":true,"href":"https:\/\/elcontainermed.com\/index.php\/wp-json\/wp\/v2\/product_cat?post=134"},{"taxonomy":"product_tag","embeddable":true,"href":"https:\/\/elcontainermed.com\/index.php\/wp-json\/wp\/v2\/product_tag?post=134"}],"curies":[{"name":"wp","href":"https:\/\/api.w.org\/{rel}","templated":true}]}}