{"id":135,"date":"2025-07-25T11:14:00","date_gmt":"2025-07-25T16:14:00","guid":{"rendered":"http:\/\/localhost\/elcontainer\/?post_type=product&#038;p=135"},"modified":"2025-08-30T22:57:31","modified_gmt":"2025-08-31T03:57:31","slug":"212-sexy-men","status":"publish","type":"product","link":"https:\/\/elcontainermed.com\/index.php\/producto\/212-sexy-men\/","title":{"rendered":"212 Sexy Men"},"content":{"rendered":"<p><strong>212 Sexy Men \u2013 Carolina Herrera<\/strong><\/p>\n<p>\ud83d\udce6 <strong>Presentaci\u00f3n<\/strong>: 100 ml<\/p>\n<p>\ud83d\udca7 <strong>Concentraci\u00f3n<\/strong>: Eau de Toilette<\/p>\n<p>\ud83c\udf38 <strong>Notas de salida:<\/strong> Mandarina, bergamota, notas verdes<\/p>\n<p>\ud83d\udc96 <strong>Notas de coraz\u00f3n:<\/strong> Pimienta, flores, cardamomo<\/p>\n<p>\ud83c\udf3f <strong>Notas de fondo:<\/strong> Vainilla, madera de gaiac, s\u00e1ndalo, almizcle, \u00e1mbar<\/p>\n<p>Una fragancia masculina y sofisticada que inicia fresca con c\u00edtricos y matices verdes, evoluciona hacia un coraz\u00f3n especiado y floral moderno, y culmina en una base c\u00e1lida y sensual con toques de vainilla y madera.<\/p>\n","protected":false},"excerpt":{"rendered":"<p>C\u00edtricos frescos que se tornan especiados, culminando en una estela c\u00e1lida y amaderada.<\/p>\n","protected":false},"featured_media":176,"comment_status":"open","ping_status":"closed","template":"","meta":{"_joinchat":[]},"product_brand":[67],"product_cat":[16],"product_tag":[],"class_list":{"0":"post-135","1":"product","2":"type-product","3":"status-publish","4":"has-post-thumbnail","6":"product_brand-carolina-herrera","7":"product_cat-hombre","8":"entry","9":"has-media","11":"first","12":"instock","13":"shipping-taxable","14":"purchasable","15":"product-type-simple","16":"col","17":"span_1_of_3","18":"wvn-content-left","19":"wvn-thumbs-layout-horizontal","20":"wvn-btn-normal","21":"wvn-tabs-layout-horizontal","22":"has-no-thumbnails","23":"circle-sale"},"_links":{"self":[{"href":"https:\/\/elcontainermed.com\/index.php\/wp-json\/wp\/v2\/product\/135","targetHints":{"allow":["GET"]}}],"collection":[{"href":"https:\/\/elcontainermed.com\/index.php\/wp-json\/wp\/v2\/product"}],"about":[{"href":"https:\/\/elcontainermed.com\/index.php\/wp-json\/wp\/v2\/types\/product"}],"replies":[{"embeddable":true,"href":"https:\/\/elcontainermed.com\/index.php\/wp-json\/wp\/v2\/comments?post=135"}],"wp:featuredmedia":[{"embeddable":true,"href":"https:\/\/elcontainermed.com\/index.php\/wp-json\/wp\/v2\/media\/176"}],"wp:attachment":[{"href":"https:\/\/elcontainermed.com\/index.php\/wp-json\/wp\/v2\/media?parent=135"}],"wp:term":[{"taxonomy":"product_brand","embeddable":true,"href":"https:\/\/elcontainermed.com\/index.php\/wp-json\/wp\/v2\/product_brand?post=135"},{"taxonomy":"product_cat","embeddable":true,"href":"https:\/\/elcontainermed.com\/index.php\/wp-json\/wp\/v2\/product_cat?post=135"},{"taxonomy":"product_tag","embeddable":true,"href":"https:\/\/elcontainermed.com\/index.php\/wp-json\/wp\/v2\/product_tag?post=135"}],"curies":[{"name":"wp","href":"https:\/\/api.w.org\/{rel}","templated":true}]}}