{"id":143,"date":"2025-07-25T11:14:01","date_gmt":"2025-07-25T16:14:01","guid":{"rendered":"http:\/\/localhost\/elcontainer\/?post_type=product&#038;p=143"},"modified":"2025-08-30T21:55:49","modified_gmt":"2025-08-31T02:55:49","slug":"paris-hilton-men","status":"publish","type":"product","link":"https:\/\/elcontainermed.com\/index.php\/producto\/paris-hilton-men\/","title":{"rendered":"Paris Hilton Men"},"content":{"rendered":"<p><strong>Paris Hilton for Men \u2013 Paris Hilton<\/strong><\/p>\n<p>\ud83d\udce6 <strong>Presentaci\u00f3n<\/strong>: 100 ml<\/p>\n<p>\ud83d\udca7 <strong>Concentraci\u00f3n<\/strong>: Eau de Toilette<\/p>\n<p>\ud83c\udf38 <strong>Notas de salida:<\/strong> Aire de monta\u00f1a, hojas de higuera, mango verde, pepino y mel\u00f3n<\/p>\n<p>\ud83d\udc96 <strong>Notas de coraz\u00f3n:<\/strong> Salvia blanca, albahaca, enebro de Virginia, pimienta rosa<\/p>\n<p>\ud83c\udf3f <strong>Notas de fondo:<\/strong> Cedro, almizcle y \u00e1mbar<\/p>\n<p>Una fragancia fresca y vers\u00e1til que mezcla lo verde y acu\u00e1tico con matices herbales y fragancia amaderada. En su apertura destacan frutas refrescantes como el mel\u00f3n y el pepino, junto con un toque arom\u00e1tico de higuera y mango. Evoluciona hacia un coraz\u00f3n limpio y especiado con albahaca y salvia, culminando en una base c\u00e1lida y envolvente de cedro y almizcle.<\/p>\n","protected":false},"excerpt":{"rendered":"<p>Verde y refrescante: un c\u00f3ctel acu\u00e1tico frutal que fluye hacia un coraz\u00f3n herbal limpio y se posa en una base amaderada suave.<\/p>\n","protected":false},"featured_media":196,"comment_status":"open","ping_status":"closed","template":"","meta":{"_joinchat":[]},"product_brand":[81],"product_cat":[16],"product_tag":[],"class_list":{"0":"post-143","1":"product","2":"type-product","3":"status-publish","4":"has-post-thumbnail","6":"product_brand-paris-hilton","7":"product_cat-hombre","8":"entry","9":"has-media","11":"first","12":"instock","13":"shipping-taxable","14":"purchasable","15":"product-type-simple","16":"col","17":"span_1_of_3","18":"wvn-content-left","19":"wvn-thumbs-layout-horizontal","20":"wvn-btn-normal","21":"wvn-tabs-layout-horizontal","22":"has-no-thumbnails","23":"circle-sale"},"_links":{"self":[{"href":"https:\/\/elcontainermed.com\/index.php\/wp-json\/wp\/v2\/product\/143","targetHints":{"allow":["GET"]}}],"collection":[{"href":"https:\/\/elcontainermed.com\/index.php\/wp-json\/wp\/v2\/product"}],"about":[{"href":"https:\/\/elcontainermed.com\/index.php\/wp-json\/wp\/v2\/types\/product"}],"replies":[{"embeddable":true,"href":"https:\/\/elcontainermed.com\/index.php\/wp-json\/wp\/v2\/comments?post=143"}],"wp:featuredmedia":[{"embeddable":true,"href":"https:\/\/elcontainermed.com\/index.php\/wp-json\/wp\/v2\/media\/196"}],"wp:attachment":[{"href":"https:\/\/elcontainermed.com\/index.php\/wp-json\/wp\/v2\/media?parent=143"}],"wp:term":[{"taxonomy":"product_brand","embeddable":true,"href":"https:\/\/elcontainermed.com\/index.php\/wp-json\/wp\/v2\/product_brand?post=143"},{"taxonomy":"product_cat","embeddable":true,"href":"https:\/\/elcontainermed.com\/index.php\/wp-json\/wp\/v2\/product_cat?post=143"},{"taxonomy":"product_tag","embeddable":true,"href":"https:\/\/elcontainermed.com\/index.php\/wp-json\/wp\/v2\/product_tag?post=143"}],"curies":[{"name":"wp","href":"https:\/\/api.w.org\/{rel}","templated":true}]}}