{"id":159,"date":"2025-07-25T11:14:23","date_gmt":"2025-07-25T16:14:23","guid":{"rendered":"http:\/\/localhost\/elcontainer\/?post_type=product&#038;p=159"},"modified":"2025-09-05T11:14:42","modified_gmt":"2025-09-05T16:14:42","slug":"jean-paul-le-male","status":"publish","type":"product","link":"https:\/\/elcontainermed.com\/index.php\/producto\/jean-paul-le-male\/","title":{"rendered":"Jean Paul Le Male"},"content":{"rendered":"<p><strong>Le Male \u2013 Jean Paul Gaultier<\/strong><\/p>\n<p>\ud83d\udce6 <strong>Presentaci\u00f3n<\/strong>: 125 ml<\/p>\n<p>\ud83d\udca7 <strong>Concentraci\u00f3n<\/strong>: Eau de Toilette<\/p>\n<p>\ud83c\udf38 <strong>Notas de salida:<\/strong> Lavanda, menta, cardamomo, bergamota, artemisia<\/p>\n<p>\ud83d\udc96 <strong>Notas de coraz\u00f3n:<\/strong> Canela, flor de azahar del naranjo, alcaravea<\/p>\n<p>\ud83c\udf3f Notas de fondo: Vainilla, haba tonka, \u00e1mbar, s\u00e1ndalo y cedro<\/p>\n<p>Una fragancia emblem\u00e1tica que juega con contrastes sensoriales: un frescor arom\u00e1tico inicial de lavanda y menta, seguido de un coraz\u00f3n c\u00e1lido y especiado, culminando en una base suave y dulce de vainilla y maderas. Expresa fuerza y seducci\u00f3n en cada nota.<\/p>\n","protected":false},"excerpt":{"rendered":"<p>Frescura heroica que florece en especias c\u00e1lidas y se posa en una estela amaderada y dulce.<\/p>\n","protected":false},"featured_media":199,"comment_status":"open","ping_status":"closed","template":"","meta":{"_joinchat":[]},"product_brand":[96],"product_cat":[16],"product_tag":[],"class_list":{"0":"post-159","1":"product","2":"type-product","3":"status-publish","4":"has-post-thumbnail","6":"product_brand-jean-paul-gaultier","7":"product_cat-hombre","8":"entry","9":"has-media","11":"first","12":"instock","13":"shipping-taxable","14":"purchasable","15":"product-type-simple","16":"col","17":"span_1_of_3","18":"wvn-content-left","19":"wvn-thumbs-layout-horizontal","20":"wvn-btn-normal","21":"wvn-tabs-layout-horizontal","22":"has-no-thumbnails","23":"circle-sale"},"_links":{"self":[{"href":"https:\/\/elcontainermed.com\/index.php\/wp-json\/wp\/v2\/product\/159","targetHints":{"allow":["GET"]}}],"collection":[{"href":"https:\/\/elcontainermed.com\/index.php\/wp-json\/wp\/v2\/product"}],"about":[{"href":"https:\/\/elcontainermed.com\/index.php\/wp-json\/wp\/v2\/types\/product"}],"replies":[{"embeddable":true,"href":"https:\/\/elcontainermed.com\/index.php\/wp-json\/wp\/v2\/comments?post=159"}],"wp:featuredmedia":[{"embeddable":true,"href":"https:\/\/elcontainermed.com\/index.php\/wp-json\/wp\/v2\/media\/199"}],"wp:attachment":[{"href":"https:\/\/elcontainermed.com\/index.php\/wp-json\/wp\/v2\/media?parent=159"}],"wp:term":[{"taxonomy":"product_brand","embeddable":true,"href":"https:\/\/elcontainermed.com\/index.php\/wp-json\/wp\/v2\/product_brand?post=159"},{"taxonomy":"product_cat","embeddable":true,"href":"https:\/\/elcontainermed.com\/index.php\/wp-json\/wp\/v2\/product_cat?post=159"},{"taxonomy":"product_tag","embeddable":true,"href":"https:\/\/elcontainermed.com\/index.php\/wp-json\/wp\/v2\/product_tag?post=159"}],"curies":[{"name":"wp","href":"https:\/\/api.w.org\/{rel}","templated":true}]}}