{"id":161,"date":"2025-07-25T11:14:24","date_gmt":"2025-07-25T16:14:24","guid":{"rendered":"http:\/\/localhost\/elcontainer\/?post_type=product&#038;p=161"},"modified":"2025-08-30T21:26:05","modified_gmt":"2025-08-31T02:26:05","slug":"montale-fruit-the-musk","status":"publish","type":"product","link":"https:\/\/elcontainermed.com\/index.php\/producto\/montale-fruit-the-musk\/","title":{"rendered":"Montale Fruits Of the Musk"},"content":{"rendered":"<p><strong>Fruits of the Musk \u2013 Montale<\/strong><\/p>\n<p>\ud83d\udce6 <strong>Presentaci\u00f3n<\/strong>: 100 ml<\/p>\n<p>\ud83d\udca7 <strong>Concentraci\u00f3n<\/strong>: Eau de Parfum<\/p>\n<p>\ud83c\udf38 <strong>Notas de salida:<\/strong> Mandarina siciliana, bergamota de Calabria, frambuesa, mora y hojas de fresa<\/p>\n<p>\ud83d\udc96 <strong>Notas de coraz\u00f3n:<\/strong> Rosa b\u00falgara, hojas de fresa<\/p>\n<p>\ud83c\udf3f <strong>Notas de fondo:<\/strong> Almizcle blanco, aportando una base suave y acariciante<\/p>\n<p>Una fragancia luminosa y envolvente que inicia con una frescura c\u00edtrica y frutal, evoluciona hacia un coraz\u00f3n floral con un toque verde-empolvado, y se posa sobre una base limpia y sedosa de almizcle. Es un aroma vers\u00e1til, dulce sin ser empalagoso, ideal para llevar en primavera y verano.<\/p>\n","protected":false},"excerpt":{"rendered":"<p>Frutas rojas jugosas y c\u00edtricos frescos se funden con rosa suave para terminar en un velo de almizcle limpio.<\/p>\n","protected":false},"featured_media":2964,"comment_status":"open","ping_status":"closed","template":"","meta":{"_joinchat":[]},"product_brand":[101],"product_cat":[16,17,63],"product_tag":[],"class_list":{"0":"post-161","1":"product","2":"type-product","3":"status-publish","4":"has-post-thumbnail","6":"product_brand-montale","7":"product_cat-hombre","8":"product_cat-mujer","9":"product_cat-unisex","10":"entry","11":"has-media","13":"first","14":"instock","15":"shipping-taxable","16":"purchasable","17":"product-type-simple","18":"col","19":"span_1_of_3","20":"wvn-content-left","21":"wvn-thumbs-layout-horizontal","22":"wvn-btn-normal","23":"wvn-tabs-layout-horizontal","24":"has-no-thumbnails","25":"circle-sale"},"_links":{"self":[{"href":"https:\/\/elcontainermed.com\/index.php\/wp-json\/wp\/v2\/product\/161","targetHints":{"allow":["GET"]}}],"collection":[{"href":"https:\/\/elcontainermed.com\/index.php\/wp-json\/wp\/v2\/product"}],"about":[{"href":"https:\/\/elcontainermed.com\/index.php\/wp-json\/wp\/v2\/types\/product"}],"replies":[{"embeddable":true,"href":"https:\/\/elcontainermed.com\/index.php\/wp-json\/wp\/v2\/comments?post=161"}],"wp:featuredmedia":[{"embeddable":true,"href":"https:\/\/elcontainermed.com\/index.php\/wp-json\/wp\/v2\/media\/2964"}],"wp:attachment":[{"href":"https:\/\/elcontainermed.com\/index.php\/wp-json\/wp\/v2\/media?parent=161"}],"wp:term":[{"taxonomy":"product_brand","embeddable":true,"href":"https:\/\/elcontainermed.com\/index.php\/wp-json\/wp\/v2\/product_brand?post=161"},{"taxonomy":"product_cat","embeddable":true,"href":"https:\/\/elcontainermed.com\/index.php\/wp-json\/wp\/v2\/product_cat?post=161"},{"taxonomy":"product_tag","embeddable":true,"href":"https:\/\/elcontainermed.com\/index.php\/wp-json\/wp\/v2\/product_tag?post=161"}],"curies":[{"name":"wp","href":"https:\/\/api.w.org\/{rel}","templated":true}]}}