{"id":163,"date":"2025-07-25T11:14:24","date_gmt":"2025-07-25T16:14:24","guid":{"rendered":"http:\/\/localhost\/elcontainer\/?post_type=product&#038;p=163"},"modified":"2025-08-30T21:30:30","modified_gmt":"2025-08-31T02:30:30","slug":"bvlgari-aqva","status":"publish","type":"product","link":"https:\/\/elcontainermed.com\/index.php\/producto\/bvlgari-aqva\/","title":{"rendered":"Bvlgari Aqva"},"content":{"rendered":"<p><strong>Aqva Pour Homme \u2013 Bvlgari<\/strong><\/p>\n<p>\ud83d\udce6 <strong>Presentaci\u00f3n<\/strong>: 100 ml<\/p>\n<p>\ud83d\udca7 <strong>Concentraci\u00f3n<\/strong>: Eau de Toilette<\/p>\n<p>\ud83c\udf38 <strong>Notas de salida:<\/strong> Mandarina, naranja, petitgrain (aceite de hoja de naranjo)<\/p>\n<p>\ud83d\udc96 <strong>Notas de coraz\u00f3n:<\/strong> Alga marina Posidonia, lavanda, flor de algod\u00f3n<\/p>\n<p>\ud83c\udf3f <strong>Notas de fondo:<\/strong> Amber mineral, cedro de Virginia, pachul\u00ed, salvia esclarea<\/p>\n<p>Una fragancia vibrante que captura la frescura del mar Mediterr\u00e1neo: inicia con c\u00edtricos brillantes, contin\u00faa con un coraz\u00f3n marino suave y termina en una base c\u00e1lida y amaderada sin perder sutileza .<\/p>\n","protected":false},"excerpt":{"rendered":"<p>Frescura acu\u00e1tica elevada: c\u00edtricos chispeantes y mar verde que se asienta en una base amaderada refinada.<\/p>\n","protected":false},"featured_media":201,"comment_status":"open","ping_status":"closed","template":"","meta":{"_joinchat":[]},"product_brand":[80],"product_cat":[16],"product_tag":[],"class_list":{"0":"post-163","1":"product","2":"type-product","3":"status-publish","4":"has-post-thumbnail","6":"product_brand-bvlgari","7":"product_cat-hombre","8":"entry","9":"has-media","11":"first","12":"instock","13":"shipping-taxable","14":"purchasable","15":"product-type-simple","16":"col","17":"span_1_of_3","18":"wvn-content-left","19":"wvn-thumbs-layout-horizontal","20":"wvn-btn-normal","21":"wvn-tabs-layout-horizontal","22":"has-no-thumbnails","23":"circle-sale"},"_links":{"self":[{"href":"https:\/\/elcontainermed.com\/index.php\/wp-json\/wp\/v2\/product\/163","targetHints":{"allow":["GET"]}}],"collection":[{"href":"https:\/\/elcontainermed.com\/index.php\/wp-json\/wp\/v2\/product"}],"about":[{"href":"https:\/\/elcontainermed.com\/index.php\/wp-json\/wp\/v2\/types\/product"}],"replies":[{"embeddable":true,"href":"https:\/\/elcontainermed.com\/index.php\/wp-json\/wp\/v2\/comments?post=163"}],"wp:featuredmedia":[{"embeddable":true,"href":"https:\/\/elcontainermed.com\/index.php\/wp-json\/wp\/v2\/media\/201"}],"wp:attachment":[{"href":"https:\/\/elcontainermed.com\/index.php\/wp-json\/wp\/v2\/media?parent=163"}],"wp:term":[{"taxonomy":"product_brand","embeddable":true,"href":"https:\/\/elcontainermed.com\/index.php\/wp-json\/wp\/v2\/product_brand?post=163"},{"taxonomy":"product_cat","embeddable":true,"href":"https:\/\/elcontainermed.com\/index.php\/wp-json\/wp\/v2\/product_cat?post=163"},{"taxonomy":"product_tag","embeddable":true,"href":"https:\/\/elcontainermed.com\/index.php\/wp-json\/wp\/v2\/product_tag?post=163"}],"curies":[{"name":"wp","href":"https:\/\/api.w.org\/{rel}","templated":true}]}}