{"id":165,"date":"2025-07-25T11:14:24","date_gmt":"2025-07-25T16:14:24","guid":{"rendered":"http:\/\/localhost\/elcontainer\/?post_type=product&#038;p=165"},"modified":"2025-08-30T22:28:38","modified_gmt":"2025-08-31T03:28:38","slug":"clinique-happy","status":"publish","type":"product","link":"https:\/\/elcontainermed.com\/index.php\/producto\/clinique-happy\/","title":{"rendered":"Clinique Happy"},"content":{"rendered":"<p><strong>Clinique Happy \u2013 Clinique<\/strong><\/p>\n<p>\ud83d\udce6 <strong>Presentaci\u00f3n<\/strong>: 100 ml<\/p>\n<p>\ud83d\udca7 <strong>Concentraci\u00f3n<\/strong>: Eau de Parfum<\/p>\n<p>\ud83c\udf38 <strong>Notas de salida:<\/strong> Toronja roja, mandarina, bergamota, naranja, manzana, ciruela<\/p>\n<p>\ud83d\udc96 <strong>Notas de coraz\u00f3n:<\/strong> Muguete, fresia, orqu\u00eddea, rosa<\/p>\n<p>\ud83c\udf3f <strong>Notas de fondo:<\/strong> Mimosa, lirio, magnolia, almizcle, \u00e1mbar<\/p>\n<p>Una fragancia aut\u00e9ntica de alegr\u00eda solar: inicia con una apertura vibrante de c\u00edtricos frutales, evoluciona hacia un coraz\u00f3n floral luminoso y descansa en una estela suave, c\u00e1lida y un poco almizclada. Una invitaci\u00f3n a empezar el d\u00eda con positivismo.<\/p>\n","protected":false},"excerpt":{"rendered":"<p>Explosi\u00f3n de frescura c\u00edtrica seguida por un coraz\u00f3n floral radiante y una base c\u00e1lida y amigable.<\/p>\n","protected":false},"featured_media":203,"comment_status":"open","ping_status":"closed","template":"","meta":{"_joinchat":[]},"product_brand":[114],"product_cat":[16],"product_tag":[],"class_list":{"0":"post-165","1":"product","2":"type-product","3":"status-publish","4":"has-post-thumbnail","6":"product_brand-clinique","7":"product_cat-hombre","8":"entry","9":"has-media","11":"first","12":"instock","13":"shipping-taxable","14":"purchasable","15":"product-type-simple","16":"col","17":"span_1_of_3","18":"wvn-content-left","19":"wvn-thumbs-layout-horizontal","20":"wvn-btn-normal","21":"wvn-tabs-layout-horizontal","22":"has-no-thumbnails","23":"circle-sale"},"_links":{"self":[{"href":"https:\/\/elcontainermed.com\/index.php\/wp-json\/wp\/v2\/product\/165","targetHints":{"allow":["GET"]}}],"collection":[{"href":"https:\/\/elcontainermed.com\/index.php\/wp-json\/wp\/v2\/product"}],"about":[{"href":"https:\/\/elcontainermed.com\/index.php\/wp-json\/wp\/v2\/types\/product"}],"replies":[{"embeddable":true,"href":"https:\/\/elcontainermed.com\/index.php\/wp-json\/wp\/v2\/comments?post=165"}],"wp:featuredmedia":[{"embeddable":true,"href":"https:\/\/elcontainermed.com\/index.php\/wp-json\/wp\/v2\/media\/203"}],"wp:attachment":[{"href":"https:\/\/elcontainermed.com\/index.php\/wp-json\/wp\/v2\/media?parent=165"}],"wp:term":[{"taxonomy":"product_brand","embeddable":true,"href":"https:\/\/elcontainermed.com\/index.php\/wp-json\/wp\/v2\/product_brand?post=165"},{"taxonomy":"product_cat","embeddable":true,"href":"https:\/\/elcontainermed.com\/index.php\/wp-json\/wp\/v2\/product_cat?post=165"},{"taxonomy":"product_tag","embeddable":true,"href":"https:\/\/elcontainermed.com\/index.php\/wp-json\/wp\/v2\/product_tag?post=165"}],"curies":[{"name":"wp","href":"https:\/\/api.w.org\/{rel}","templated":true}]}}