{"id":169,"date":"2025-07-25T11:14:24","date_gmt":"2025-07-25T16:14:24","guid":{"rendered":"http:\/\/localhost\/elcontainer\/?post_type=product&#038;p=169"},"modified":"2025-08-30T17:16:24","modified_gmt":"2025-08-30T22:16:24","slug":"212-aqua","status":"publish","type":"product","link":"https:\/\/elcontainermed.com\/index.php\/producto\/212-aqua\/","title":{"rendered":"212 Men Aqua"},"content":{"rendered":"<p><strong>212 Men Aqua \u2013 Carolina Herrera<\/strong><\/p>\n<p>\ud83d\udce6 <strong>Presentaci\u00f3n<\/strong>: 100 ml<\/p>\n<p>\ud83d\udca7 <strong>Concentraci\u00f3n<\/strong>: Eau de Toilette<\/p>\n<p>\ud83c\udf38 <strong>Notas de salida:<\/strong> Agua de mar, bergamota, toronja, jengibre<\/p>\n<p>\ud83d\udc96 <strong>Notas de coraz\u00f3n:<\/strong> Ambroxan, gardenia, cardamomo, cipriol (nagarmota)<\/p>\n<p>\ud83c\udf3f <strong>Notas de fondo:<\/strong> S\u00e1ndalo, pachul\u00ed, almizcle, vetiver, palisandro<\/p>\n<p>Una fragancia energ\u00e9tica y moderna que se abre con aire fresco marino y c\u00edtricos chispeantes. Evoluciona hacia un coraz\u00f3n especiado y acu\u00e1tico con toques florales, y se asienta en una base amaderada y almizclada de gran presencia.<\/p>\n","protected":false},"excerpt":{"rendered":"<p>Una ola vibrante: c\u00edtricos cristalinos y brisa marina que desemboca en una estela amaderada y sofisticada.<\/p>\n","protected":false},"featured_media":220,"comment_status":"open","ping_status":"closed","template":"","meta":{"_joinchat":[]},"product_brand":[67],"product_cat":[16],"product_tag":[],"class_list":{"0":"post-169","1":"product","2":"type-product","3":"status-publish","4":"has-post-thumbnail","6":"product_brand-carolina-herrera","7":"product_cat-hombre","8":"entry","9":"has-media","11":"first","12":"instock","13":"shipping-taxable","14":"purchasable","15":"product-type-simple","16":"col","17":"span_1_of_3","18":"wvn-content-left","19":"wvn-thumbs-layout-horizontal","20":"wvn-btn-normal","21":"wvn-tabs-layout-horizontal","22":"has-no-thumbnails","23":"circle-sale"},"_links":{"self":[{"href":"https:\/\/elcontainermed.com\/index.php\/wp-json\/wp\/v2\/product\/169","targetHints":{"allow":["GET"]}}],"collection":[{"href":"https:\/\/elcontainermed.com\/index.php\/wp-json\/wp\/v2\/product"}],"about":[{"href":"https:\/\/elcontainermed.com\/index.php\/wp-json\/wp\/v2\/types\/product"}],"replies":[{"embeddable":true,"href":"https:\/\/elcontainermed.com\/index.php\/wp-json\/wp\/v2\/comments?post=169"}],"wp:featuredmedia":[{"embeddable":true,"href":"https:\/\/elcontainermed.com\/index.php\/wp-json\/wp\/v2\/media\/220"}],"wp:attachment":[{"href":"https:\/\/elcontainermed.com\/index.php\/wp-json\/wp\/v2\/media?parent=169"}],"wp:term":[{"taxonomy":"product_brand","embeddable":true,"href":"https:\/\/elcontainermed.com\/index.php\/wp-json\/wp\/v2\/product_brand?post=169"},{"taxonomy":"product_cat","embeddable":true,"href":"https:\/\/elcontainermed.com\/index.php\/wp-json\/wp\/v2\/product_cat?post=169"},{"taxonomy":"product_tag","embeddable":true,"href":"https:\/\/elcontainermed.com\/index.php\/wp-json\/wp\/v2\/product_tag?post=169"}],"curies":[{"name":"wp","href":"https:\/\/api.w.org\/{rel}","templated":true}]}}