{"id":187,"date":"2025-07-25T11:14:48","date_gmt":"2025-07-25T16:14:48","guid":{"rendered":"http:\/\/localhost\/elcontainer\/?post_type=product&#038;p=187"},"modified":"2025-08-30T16:41:29","modified_gmt":"2025-08-30T21:41:29","slug":"creed-santal","status":"publish","type":"product","link":"https:\/\/elcontainermed.com\/index.php\/producto\/creed-santal\/","title":{"rendered":"Creed Santal"},"content":{"rendered":"<p><strong>Original Santal \u2013 Creed<\/strong><\/p>\n<p>\ud83d\udce6 Presentaci\u00f3n: 75 ml<\/p>\n<p>\ud83d\udca7 <strong>Concentraci\u00f3n<\/strong>: Eau de Parfum<\/p>\n<p>\ud83c\udf38 <strong>Notas de salida:<\/strong> Bayas de enebro, cilantro, jengibre, romero, bergamota y mandarina<\/p>\n<p>\ud83d\udc96 <strong>Notas de coraz\u00f3n:<\/strong> S\u00e1ndalo, lavanda, flor de azahar del naranjo y geranio<\/p>\n<p>\ud83c\udf3f <strong>Notas de fondo:<\/strong> Haba tonka, almizcle, cedro y musgo de roble<\/p>\n<p>Una fragancia refinada que equilibra notas arom\u00e1ticas especiadas con matices florales y un fondo c\u00e1lido y cremoso, realzando la nobleza del s\u00e1ndalo y ofreciendo una sensaci\u00f3n envolvente y atemporal.<\/p>\n","protected":false},"excerpt":{"rendered":"<p>Campo arom\u00e1tico y especiado que converge en un coraz\u00f3n floral sutil y una base de madera cremosa y dulce.<\/p>\n","protected":false},"featured_media":227,"comment_status":"open","ping_status":"closed","template":"","meta":{"_joinchat":[]},"product_brand":[85],"product_cat":[16,17,63],"product_tag":[],"class_list":{"0":"post-187","1":"product","2":"type-product","3":"status-publish","4":"has-post-thumbnail","6":"product_brand-creed","7":"product_cat-hombre","8":"product_cat-mujer","9":"product_cat-unisex","10":"entry","11":"has-media","13":"first","14":"instock","15":"shipping-taxable","16":"purchasable","17":"product-type-simple","18":"col","19":"span_1_of_3","20":"wvn-content-left","21":"wvn-thumbs-layout-horizontal","22":"wvn-btn-normal","23":"wvn-tabs-layout-horizontal","24":"has-no-thumbnails","25":"circle-sale"},"_links":{"self":[{"href":"https:\/\/elcontainermed.com\/index.php\/wp-json\/wp\/v2\/product\/187","targetHints":{"allow":["GET"]}}],"collection":[{"href":"https:\/\/elcontainermed.com\/index.php\/wp-json\/wp\/v2\/product"}],"about":[{"href":"https:\/\/elcontainermed.com\/index.php\/wp-json\/wp\/v2\/types\/product"}],"replies":[{"embeddable":true,"href":"https:\/\/elcontainermed.com\/index.php\/wp-json\/wp\/v2\/comments?post=187"}],"wp:featuredmedia":[{"embeddable":true,"href":"https:\/\/elcontainermed.com\/index.php\/wp-json\/wp\/v2\/media\/227"}],"wp:attachment":[{"href":"https:\/\/elcontainermed.com\/index.php\/wp-json\/wp\/v2\/media?parent=187"}],"wp:term":[{"taxonomy":"product_brand","embeddable":true,"href":"https:\/\/elcontainermed.com\/index.php\/wp-json\/wp\/v2\/product_brand?post=187"},{"taxonomy":"product_cat","embeddable":true,"href":"https:\/\/elcontainermed.com\/index.php\/wp-json\/wp\/v2\/product_cat?post=187"},{"taxonomy":"product_tag","embeddable":true,"href":"https:\/\/elcontainermed.com\/index.php\/wp-json\/wp\/v2\/product_tag?post=187"}],"curies":[{"name":"wp","href":"https:\/\/api.w.org\/{rel}","templated":true}]}}