{"id":188,"date":"2025-07-25T11:14:48","date_gmt":"2025-07-25T16:14:48","guid":{"rendered":"http:\/\/localhost\/elcontainer\/?post_type=product&#038;p=188"},"modified":"2025-08-30T17:30:42","modified_gmt":"2025-08-30T22:30:42","slug":"versace-fraiche","status":"publish","type":"product","link":"https:\/\/elcontainermed.com\/index.php\/producto\/versace-fraiche\/","title":{"rendered":"Versace Eau Fraiche"},"content":{"rendered":"<p><strong>Versace Man Eau Fra\u00eeche \u2013 Versace<\/strong><\/p>\n<p>\ud83d\udce6 <strong>Presentaci\u00f3n<\/strong>:\u00a0 100 ml<\/p>\n<p>\ud83d\udca7 <strong>Concentraci\u00f3n<\/strong>: Eau de Toilette<\/p>\n<p>\ud83c\udf38 <strong>Notas de salida:<\/strong> Lim\u00f3n (lima \u00e1cida), bergamota, carambola, cardamomo, palo de rosa de Brasil<\/p>\n<p>\ud83d\udc96 <strong>Notas de coraz\u00f3n:<\/strong> Cedro, estrag\u00f3n, salvia, pimienta<\/p>\n<p>\ud83c\udf3f <strong>Notas de fondo:<\/strong> Almizcle, notas amaderadas, azafr\u00e1n, \u00e1mbar, madera de sic\u00f3moro<\/p>\n<p>Una composici\u00f3n luminosa y vibrante, que fusiona la frescura c\u00edtrica y ex\u00f3tica con especias y hierbas arom\u00e1ticas en el coraz\u00f3n, para finalizar en una base c\u00e1lida, amaderada y sofisticada.<\/p>\n","protected":false},"excerpt":{"rendered":"<p>Una brisa marina c\u00edtrica con matices especiados, culminando en una estela c\u00e1lida y refinada, ideal para el hombre moderno.<\/p>\n","protected":false},"featured_media":228,"comment_status":"open","ping_status":"closed","template":"","meta":{"_joinchat":[]},"product_brand":[112],"product_cat":[16],"product_tag":[],"class_list":{"0":"post-188","1":"product","2":"type-product","3":"status-publish","4":"has-post-thumbnail","6":"product_brand-versace","7":"product_cat-hombre","8":"entry","9":"has-media","11":"first","12":"instock","13":"shipping-taxable","14":"purchasable","15":"product-type-simple","16":"col","17":"span_1_of_3","18":"wvn-content-left","19":"wvn-thumbs-layout-horizontal","20":"wvn-btn-normal","21":"wvn-tabs-layout-horizontal","22":"has-no-thumbnails","23":"circle-sale"},"_links":{"self":[{"href":"https:\/\/elcontainermed.com\/index.php\/wp-json\/wp\/v2\/product\/188","targetHints":{"allow":["GET"]}}],"collection":[{"href":"https:\/\/elcontainermed.com\/index.php\/wp-json\/wp\/v2\/product"}],"about":[{"href":"https:\/\/elcontainermed.com\/index.php\/wp-json\/wp\/v2\/types\/product"}],"replies":[{"embeddable":true,"href":"https:\/\/elcontainermed.com\/index.php\/wp-json\/wp\/v2\/comments?post=188"}],"wp:featuredmedia":[{"embeddable":true,"href":"https:\/\/elcontainermed.com\/index.php\/wp-json\/wp\/v2\/media\/228"}],"wp:attachment":[{"href":"https:\/\/elcontainermed.com\/index.php\/wp-json\/wp\/v2\/media?parent=188"}],"wp:term":[{"taxonomy":"product_brand","embeddable":true,"href":"https:\/\/elcontainermed.com\/index.php\/wp-json\/wp\/v2\/product_brand?post=188"},{"taxonomy":"product_cat","embeddable":true,"href":"https:\/\/elcontainermed.com\/index.php\/wp-json\/wp\/v2\/product_cat?post=188"},{"taxonomy":"product_tag","embeddable":true,"href":"https:\/\/elcontainermed.com\/index.php\/wp-json\/wp\/v2\/product_tag?post=188"}],"curies":[{"name":"wp","href":"https:\/\/api.w.org\/{rel}","templated":true}]}}