{"id":189,"date":"2025-07-25T11:14:48","date_gmt":"2025-07-25T16:14:48","guid":{"rendered":"http:\/\/localhost\/elcontainer\/?post_type=product&#038;p=189"},"modified":"2025-08-31T14:16:18","modified_gmt":"2025-08-31T19:16:18","slug":"versace-dylan-blue","status":"publish","type":"product","link":"https:\/\/elcontainermed.com\/index.php\/producto\/versace-dylan-blue\/","title":{"rendered":"Dylan Blue Men"},"content":{"rendered":"<p><strong>Versace Dylan Blue Pour Homme<\/strong><\/p>\n<p>\ud83d\udce6 <strong>Presentaci\u00f3n:<\/strong> 100 ml<\/p>\n<p>\ud83d\udca7 <strong>Concentraci\u00f3n:<\/strong> Eau de Toilette<\/p>\n<p>\ud83c\udf0a <strong>Notas de salida:<\/strong> Bergamota de Calabria, toronja, hojas de higuera, notas acu\u00e1ticas<\/p>\n<p>\ud83c\udf3f <strong>Notas de coraz\u00f3n:<\/strong> Pimienta negra, hojas de violeta, papiro, pachul\u00ed<\/p>\n<p>\ud83d\udd25 <strong>Notas de fondo:<\/strong> Incienso, almizcle, azafr\u00e1n, haba tonka<\/p>\n<p>Un perfume masculino que representa fuerza y carisma. Abre con una frescura c\u00edtrica y acu\u00e1tica que r\u00e1pidamente se mezcla con especias y matices herbales, para luego asentarse en un fondo c\u00e1lido y sensual de incienso, tonka y almizcles. Un equilibrio entre lo moderno y lo cl\u00e1sico, ideal para el hombre seguro y elegante.<\/p>\n","protected":false},"excerpt":{"rendered":"<p>Frescura intensa y magnetismo masculino en una fragancia que refleja poder y sofisticaci\u00f3n.<\/p>\n","protected":false},"featured_media":229,"comment_status":"open","ping_status":"closed","template":"","meta":{"_joinchat":[]},"product_brand":[112],"product_cat":[16],"product_tag":[],"class_list":{"0":"post-189","1":"product","2":"type-product","3":"status-publish","4":"has-post-thumbnail","6":"product_brand-versace","7":"product_cat-hombre","8":"entry","9":"has-media","11":"first","12":"instock","13":"shipping-taxable","14":"purchasable","15":"product-type-simple","16":"col","17":"span_1_of_3","18":"wvn-content-left","19":"wvn-thumbs-layout-horizontal","20":"wvn-btn-normal","21":"wvn-tabs-layout-horizontal","22":"has-no-thumbnails","23":"circle-sale"},"_links":{"self":[{"href":"https:\/\/elcontainermed.com\/index.php\/wp-json\/wp\/v2\/product\/189","targetHints":{"allow":["GET"]}}],"collection":[{"href":"https:\/\/elcontainermed.com\/index.php\/wp-json\/wp\/v2\/product"}],"about":[{"href":"https:\/\/elcontainermed.com\/index.php\/wp-json\/wp\/v2\/types\/product"}],"replies":[{"embeddable":true,"href":"https:\/\/elcontainermed.com\/index.php\/wp-json\/wp\/v2\/comments?post=189"}],"wp:featuredmedia":[{"embeddable":true,"href":"https:\/\/elcontainermed.com\/index.php\/wp-json\/wp\/v2\/media\/229"}],"wp:attachment":[{"href":"https:\/\/elcontainermed.com\/index.php\/wp-json\/wp\/v2\/media?parent=189"}],"wp:term":[{"taxonomy":"product_brand","embeddable":true,"href":"https:\/\/elcontainermed.com\/index.php\/wp-json\/wp\/v2\/product_brand?post=189"},{"taxonomy":"product_cat","embeddable":true,"href":"https:\/\/elcontainermed.com\/index.php\/wp-json\/wp\/v2\/product_cat?post=189"},{"taxonomy":"product_tag","embeddable":true,"href":"https:\/\/elcontainermed.com\/index.php\/wp-json\/wp\/v2\/product_tag?post=189"}],"curies":[{"name":"wp","href":"https:\/\/api.w.org\/{rel}","templated":true}]}}