{"id":190,"date":"2025-07-25T11:14:48","date_gmt":"2025-07-25T16:14:48","guid":{"rendered":"http:\/\/localhost\/elcontainer\/?post_type=product&#038;p=190"},"modified":"2025-08-30T16:47:05","modified_gmt":"2025-08-30T21:47:05","slug":"diesel-tattoo","status":"publish","type":"product","link":"https:\/\/elcontainermed.com\/index.php\/producto\/diesel-tattoo\/","title":{"rendered":"Diesel Tattoo"},"content":{"rendered":"<p><strong>Only The Brave Tattoo \u2013 Diesel<\/strong><\/p>\n<p>\ud83d\udce6 <strong>Presentaci\u00f3n<\/strong>: 75 ml<\/p>\n<p>\ud83d\udca7 <strong>Concentraci\u00f3n<\/strong>: Eau de Toilette<\/p>\n<p>\ud83c\udf38 <strong>Notas de salida:<\/strong> Manzana roja, mandarina<\/p>\n<p>\ud83d\udc96 <strong>Notas de coraz\u00f3n:<\/strong> Pimienta bourbon, salvia<\/p>\n<p>\ud83c\udf3f <strong>Notas de fondo:<\/strong> Benju\u00ed, tabaco, maderas ambaradas, pachul\u00ed<\/p>\n<p>Una composici\u00f3n intensa y masculina: arranca con una frescura afrutada chispeante, evoluciona hacia un coraz\u00f3n arom\u00e1tico especiado y se asienta en una base c\u00e1lida, dulce y sensual de tabaco, benju\u00ed y maderas profundas.<\/p>\n","protected":false},"excerpt":{"rendered":"<p>Esencia atrevida: manzana y c\u00edtricos frescos dan paso a un coraz\u00f3n especiado y una base rica y seductora de tabaco y ambar.<\/p>\n","protected":false},"featured_media":230,"comment_status":"open","ping_status":"closed","template":"","meta":{"_joinchat":[]},"product_brand":[87],"product_cat":[16],"product_tag":[],"class_list":{"0":"post-190","1":"product","2":"type-product","3":"status-publish","4":"has-post-thumbnail","6":"product_brand-diesel","7":"product_cat-hombre","8":"entry","9":"has-media","11":"first","12":"instock","13":"shipping-taxable","14":"purchasable","15":"product-type-simple","16":"col","17":"span_1_of_3","18":"wvn-content-left","19":"wvn-thumbs-layout-horizontal","20":"wvn-btn-normal","21":"wvn-tabs-layout-horizontal","22":"has-no-thumbnails","23":"circle-sale"},"_links":{"self":[{"href":"https:\/\/elcontainermed.com\/index.php\/wp-json\/wp\/v2\/product\/190","targetHints":{"allow":["GET"]}}],"collection":[{"href":"https:\/\/elcontainermed.com\/index.php\/wp-json\/wp\/v2\/product"}],"about":[{"href":"https:\/\/elcontainermed.com\/index.php\/wp-json\/wp\/v2\/types\/product"}],"replies":[{"embeddable":true,"href":"https:\/\/elcontainermed.com\/index.php\/wp-json\/wp\/v2\/comments?post=190"}],"wp:featuredmedia":[{"embeddable":true,"href":"https:\/\/elcontainermed.com\/index.php\/wp-json\/wp\/v2\/media\/230"}],"wp:attachment":[{"href":"https:\/\/elcontainermed.com\/index.php\/wp-json\/wp\/v2\/media?parent=190"}],"wp:term":[{"taxonomy":"product_brand","embeddable":true,"href":"https:\/\/elcontainermed.com\/index.php\/wp-json\/wp\/v2\/product_brand?post=190"},{"taxonomy":"product_cat","embeddable":true,"href":"https:\/\/elcontainermed.com\/index.php\/wp-json\/wp\/v2\/product_cat?post=190"},{"taxonomy":"product_tag","embeddable":true,"href":"https:\/\/elcontainermed.com\/index.php\/wp-json\/wp\/v2\/product_tag?post=190"}],"curies":[{"name":"wp","href":"https:\/\/api.w.org\/{rel}","templated":true}]}}