{"id":208,"date":"2025-07-25T11:15:10","date_gmt":"2025-07-25T16:15:10","guid":{"rendered":"http:\/\/localhost\/elcontainer\/?post_type=product&#038;p=208"},"modified":"2025-08-30T14:19:40","modified_gmt":"2025-08-30T19:19:40","slug":"212-vip-black","status":"publish","type":"product","link":"https:\/\/elcontainermed.com\/index.php\/producto\/212-vip-black\/","title":{"rendered":"212 Vip Black"},"content":{"rendered":"<p><strong>212 VIP Black \u2013 Carolina Herrera<\/strong><\/p>\n<p>\ud83d\udce6 <strong>Presentaci\u00f3n<\/strong>: 100 ml<\/p>\n<p>\ud83d\udca7 <strong>Concentraci\u00f3n<\/strong>: Eau de Parfum<\/p>\n<p>\ud83c\udf38 <strong>Notas de salida:<\/strong> Absenta, an\u00eds, hinojo<\/p>\n<p>\ud83d\udc96 <strong>Notas de coraz\u00f3n:<\/strong> Lavanda<\/p>\n<p>\ud83c\udf3f <strong>Notas de fondo:<\/strong> Vainilla negra (vaina), almizcle<\/p>\n<p>Una fragancia vibrante y adictiva que se abre con notas verdes y herbales de absenta, an\u00eds e hinojo, evoluciona hacia un coraz\u00f3n arom\u00e1tico de lavanda y culmina en una base c\u00e1lida y seductora de vainilla negra y almizcle, ideal para la noche y entornos modernos.<\/p>\n","protected":false},"excerpt":{"rendered":"<p>Verde especiado que florece en lavanda, terminando en una estela irresistible de vainilla oscura y almizcle.<\/p>\n","protected":false},"featured_media":251,"comment_status":"open","ping_status":"closed","template":"","meta":{"_joinchat":[]},"product_brand":[67],"product_cat":[16],"product_tag":[],"class_list":{"0":"post-208","1":"product","2":"type-product","3":"status-publish","4":"has-post-thumbnail","6":"product_brand-carolina-herrera","7":"product_cat-hombre","8":"entry","9":"has-media","11":"first","12":"instock","13":"shipping-taxable","14":"purchasable","15":"product-type-simple","16":"col","17":"span_1_of_3","18":"wvn-content-left","19":"wvn-thumbs-layout-horizontal","20":"wvn-btn-normal","21":"wvn-tabs-layout-horizontal","22":"has-no-thumbnails","23":"circle-sale"},"_links":{"self":[{"href":"https:\/\/elcontainermed.com\/index.php\/wp-json\/wp\/v2\/product\/208","targetHints":{"allow":["GET"]}}],"collection":[{"href":"https:\/\/elcontainermed.com\/index.php\/wp-json\/wp\/v2\/product"}],"about":[{"href":"https:\/\/elcontainermed.com\/index.php\/wp-json\/wp\/v2\/types\/product"}],"replies":[{"embeddable":true,"href":"https:\/\/elcontainermed.com\/index.php\/wp-json\/wp\/v2\/comments?post=208"}],"wp:featuredmedia":[{"embeddable":true,"href":"https:\/\/elcontainermed.com\/index.php\/wp-json\/wp\/v2\/media\/251"}],"wp:attachment":[{"href":"https:\/\/elcontainermed.com\/index.php\/wp-json\/wp\/v2\/media?parent=208"}],"wp:term":[{"taxonomy":"product_brand","embeddable":true,"href":"https:\/\/elcontainermed.com\/index.php\/wp-json\/wp\/v2\/product_brand?post=208"},{"taxonomy":"product_cat","embeddable":true,"href":"https:\/\/elcontainermed.com\/index.php\/wp-json\/wp\/v2\/product_cat?post=208"},{"taxonomy":"product_tag","embeddable":true,"href":"https:\/\/elcontainermed.com\/index.php\/wp-json\/wp\/v2\/product_tag?post=208"}],"curies":[{"name":"wp","href":"https:\/\/api.w.org\/{rel}","templated":true}]}}