{"id":214,"date":"2025-07-25T11:15:11","date_gmt":"2025-07-25T16:15:11","guid":{"rendered":"http:\/\/localhost\/elcontainer\/?post_type=product&#038;p=214"},"modified":"2025-08-31T13:56:56","modified_gmt":"2025-08-31T18:56:56","slug":"acqua-di-gio-absolu","status":"publish","type":"product","link":"https:\/\/elcontainermed.com\/index.php\/producto\/acqua-di-gio-absolu\/","title":{"rendered":"Acqua di Gio Absolu"},"content":{"rendered":"<p><strong>Acqua di Gi\u00f2 Absolu \u2013 Giorgio Armani<\/strong><\/p>\n<p>\ud83d\udce6 <strong>Presentaci\u00f3n<\/strong>: 125 ml<\/p>\n<p>\ud83d\udca7 <strong>Concentraci\u00f3n<\/strong>: Eau de Parfum<\/p>\n<p>\ud83c\udf38 <strong>Notas de salida<\/strong>: Acordes marinos, bergamota, pera, manzana, toronja (pomelo), lim\u00f3n (lima \u00e1cida)<\/p>\n<p>\ud83d\udc96 <strong>Notas de coraz\u00f3n:<\/strong> Lavanda, romero, geranio<\/p>\n<p>\ud83c\udf3f <strong>Notas de fondo:<\/strong> Haba tonka, Amberwood, patchul\u00ed, l\u00e1dano, acordes amaderados<\/p>\n<p>Una reinterpretaci\u00f3n vibrante del cl\u00e1sico Acqua di Gi\u00f2, que combina una apertura refrescante y acu\u00e1tica con una base c\u00e1lida y sensual. El contraste entre la frescura marina y la profundidad del patchul\u00ed le confiere una elegancia masculina moderna.<\/p>\n","protected":false},"excerpt":{"rendered":"<p>Frescura oce\u00e1nica revitalizante que desemboca en una calidez amaderada y profunda.<\/p>\n","protected":false},"featured_media":3050,"comment_status":"open","ping_status":"closed","template":"","meta":{"_joinchat":[]},"product_brand":[69],"product_cat":[16],"product_tag":[],"class_list":{"0":"post-214","1":"product","2":"type-product","3":"status-publish","4":"has-post-thumbnail","6":"product_brand-giorgio-armani","7":"product_cat-hombre","8":"entry","9":"has-media","11":"first","12":"instock","13":"shipping-taxable","14":"purchasable","15":"product-type-simple","16":"col","17":"span_1_of_3","18":"wvn-content-left","19":"wvn-thumbs-layout-horizontal","20":"wvn-btn-normal","21":"wvn-tabs-layout-horizontal","22":"has-no-thumbnails","23":"circle-sale"},"_links":{"self":[{"href":"https:\/\/elcontainermed.com\/index.php\/wp-json\/wp\/v2\/product\/214","targetHints":{"allow":["GET"]}}],"collection":[{"href":"https:\/\/elcontainermed.com\/index.php\/wp-json\/wp\/v2\/product"}],"about":[{"href":"https:\/\/elcontainermed.com\/index.php\/wp-json\/wp\/v2\/types\/product"}],"replies":[{"embeddable":true,"href":"https:\/\/elcontainermed.com\/index.php\/wp-json\/wp\/v2\/comments?post=214"}],"wp:featuredmedia":[{"embeddable":true,"href":"https:\/\/elcontainermed.com\/index.php\/wp-json\/wp\/v2\/media\/3050"}],"wp:attachment":[{"href":"https:\/\/elcontainermed.com\/index.php\/wp-json\/wp\/v2\/media?parent=214"}],"wp:term":[{"taxonomy":"product_brand","embeddable":true,"href":"https:\/\/elcontainermed.com\/index.php\/wp-json\/wp\/v2\/product_brand?post=214"},{"taxonomy":"product_cat","embeddable":true,"href":"https:\/\/elcontainermed.com\/index.php\/wp-json\/wp\/v2\/product_cat?post=214"},{"taxonomy":"product_tag","embeddable":true,"href":"https:\/\/elcontainermed.com\/index.php\/wp-json\/wp\/v2\/product_tag?post=214"}],"curies":[{"name":"wp","href":"https:\/\/api.w.org\/{rel}","templated":true}]}}