{"id":217,"date":"2025-07-25T11:15:11","date_gmt":"2025-07-25T16:15:11","guid":{"rendered":"http:\/\/localhost\/elcontainer\/?post_type=product&#038;p=217"},"modified":"2025-08-30T13:37:18","modified_gmt":"2025-08-30T18:37:18","slug":"light-blue-italian-zest","status":"publish","type":"product","link":"https:\/\/elcontainermed.com\/index.php\/producto\/light-blue-italian-zest\/","title":{"rendered":"Light Blue Italian Zest"},"content":{"rendered":"<p><strong>Light Blue Italian Zest \u2013 Dolce &amp; Gabbana<\/strong><\/p>\n<p>\ud83d\udce6 <strong>Presentaci\u00f3n<\/strong>: 100 ml<\/p>\n<p>\ud83d\udca7 <strong>Concentraci\u00f3n<\/strong>: Eau de Toilette<\/p>\n<p>\ud83c\udf38 <strong>Notas de salida:<\/strong> Pomelo, bergamota, lim\u00f3n y mandarina<\/p>\n<p>\ud83d\udc96 <strong>Notas de coraz\u00f3n:<\/strong> Pimienta de Sichuan, romero, hediona, palisandro (rosewood), fresia<\/p>\n<p>\ud83c\udf3f <strong>Notas de fondo:<\/strong> Almizcle, incienso, musgo de roble y amberwood<\/p>\n<p>Una versi\u00f3n intensa y refrescante del ic\u00f3nico Light Blue \u2013 nace del lim\u00f3n Primofiore y lanza una apertura vibrante y soleada. Evoluciona con especias arom\u00e1ticas y maderas elegantes, para terminar en una base amaderada rica y sensual que evoca la brisa mediterr\u00e1nea.<\/p>\n","protected":false},"excerpt":{"rendered":"<p>Explosi\u00f3n c\u00edtrica soleada que fluye hacia especias arom\u00e1ticas y se posa en una estela amaderada y sofisticada.<\/p>\n","protected":false},"featured_media":271,"comment_status":"open","ping_status":"closed","template":"","meta":{"_joinchat":[]},"product_brand":[94],"product_cat":[16],"product_tag":[],"class_list":{"0":"post-217","1":"product","2":"type-product","3":"status-publish","4":"has-post-thumbnail","6":"product_brand-dolce-gabbana","7":"product_cat-hombre","8":"entry","9":"has-media","11":"first","12":"instock","13":"shipping-taxable","14":"purchasable","15":"product-type-simple","16":"col","17":"span_1_of_3","18":"wvn-content-left","19":"wvn-thumbs-layout-horizontal","20":"wvn-btn-normal","21":"wvn-tabs-layout-horizontal","22":"has-no-thumbnails","23":"circle-sale"},"_links":{"self":[{"href":"https:\/\/elcontainermed.com\/index.php\/wp-json\/wp\/v2\/product\/217","targetHints":{"allow":["GET"]}}],"collection":[{"href":"https:\/\/elcontainermed.com\/index.php\/wp-json\/wp\/v2\/product"}],"about":[{"href":"https:\/\/elcontainermed.com\/index.php\/wp-json\/wp\/v2\/types\/product"}],"replies":[{"embeddable":true,"href":"https:\/\/elcontainermed.com\/index.php\/wp-json\/wp\/v2\/comments?post=217"}],"wp:featuredmedia":[{"embeddable":true,"href":"https:\/\/elcontainermed.com\/index.php\/wp-json\/wp\/v2\/media\/271"}],"wp:attachment":[{"href":"https:\/\/elcontainermed.com\/index.php\/wp-json\/wp\/v2\/media?parent=217"}],"wp:term":[{"taxonomy":"product_brand","embeddable":true,"href":"https:\/\/elcontainermed.com\/index.php\/wp-json\/wp\/v2\/product_brand?post=217"},{"taxonomy":"product_cat","embeddable":true,"href":"https:\/\/elcontainermed.com\/index.php\/wp-json\/wp\/v2\/product_cat?post=217"},{"taxonomy":"product_tag","embeddable":true,"href":"https:\/\/elcontainermed.com\/index.php\/wp-json\/wp\/v2\/product_tag?post=217"}],"curies":[{"name":"wp","href":"https:\/\/api.w.org\/{rel}","templated":true}]}}