{"id":218,"date":"2025-07-25T11:15:11","date_gmt":"2025-07-25T16:15:11","guid":{"rendered":"http:\/\/localhost\/elcontainer\/?post_type=product&#038;p=218"},"modified":"2025-08-30T13:48:12","modified_gmt":"2025-08-30T18:48:12","slug":"bvlgari-men-extreme","status":"publish","type":"product","link":"https:\/\/elcontainermed.com\/index.php\/producto\/bvlgari-men-extreme\/","title":{"rendered":"Bvlgari Men Extreme"},"content":{"rendered":"<p><strong>Bvlgari Man Extreme \u2013 Bvlgari<\/strong><\/p>\n<p>\ud83d\udce6 <strong>Presentaci\u00f3n<\/strong>: 100 ml<\/p>\n<p>\ud83d\udca7 <strong>Concentraci\u00f3n<\/strong>: Eau de Toilette<\/p>\n<p>\ud83c\udf38 <strong>Notas de salida:<\/strong> Jugo de cactus, bergamota de Calabria, toronja rosada<\/p>\n<p>\ud83d\udc96 <strong>Notas de coraz\u00f3n:<\/strong> Cardamomo guatemalteco, fresia, \u00e1mbar vegetal<\/p>\n<p>\ud83c\udf3f <strong>Notas de fondo:<\/strong> Vetiver de Hait\u00ed, notas amaderadas, benju\u00ed de Laos<\/p>\n<p>Frescura sofisticada que combina vibrantes c\u00edtricos y un toque verde (cactus), evoluciona hacia un coraz\u00f3n especiado y floral, y se asienta en una base c\u00e1lida y amaderada \u2014 ideal para transmitir elegancia moderna.<\/p>\n","protected":false},"excerpt":{"rendered":"<p>Minimalismo brillante: c\u00edtricos verdes asombrosos que desembocan en especias suaves sobre una base amaderada envolvente.<\/p>\n","protected":false},"featured_media":272,"comment_status":"open","ping_status":"closed","template":"","meta":{"_joinchat":[]},"product_brand":[80],"product_cat":[16],"product_tag":[],"class_list":{"0":"post-218","1":"product","2":"type-product","3":"status-publish","4":"has-post-thumbnail","6":"product_brand-bvlgari","7":"product_cat-hombre","8":"entry","9":"has-media","11":"first","12":"instock","13":"shipping-taxable","14":"purchasable","15":"product-type-simple","16":"col","17":"span_1_of_3","18":"wvn-content-left","19":"wvn-thumbs-layout-horizontal","20":"wvn-btn-normal","21":"wvn-tabs-layout-horizontal","22":"has-no-thumbnails","23":"circle-sale"},"_links":{"self":[{"href":"https:\/\/elcontainermed.com\/index.php\/wp-json\/wp\/v2\/product\/218","targetHints":{"allow":["GET"]}}],"collection":[{"href":"https:\/\/elcontainermed.com\/index.php\/wp-json\/wp\/v2\/product"}],"about":[{"href":"https:\/\/elcontainermed.com\/index.php\/wp-json\/wp\/v2\/types\/product"}],"replies":[{"embeddable":true,"href":"https:\/\/elcontainermed.com\/index.php\/wp-json\/wp\/v2\/comments?post=218"}],"wp:featuredmedia":[{"embeddable":true,"href":"https:\/\/elcontainermed.com\/index.php\/wp-json\/wp\/v2\/media\/272"}],"wp:attachment":[{"href":"https:\/\/elcontainermed.com\/index.php\/wp-json\/wp\/v2\/media?parent=218"}],"wp:term":[{"taxonomy":"product_brand","embeddable":true,"href":"https:\/\/elcontainermed.com\/index.php\/wp-json\/wp\/v2\/product_brand?post=218"},{"taxonomy":"product_cat","embeddable":true,"href":"https:\/\/elcontainermed.com\/index.php\/wp-json\/wp\/v2\/product_cat?post=218"},{"taxonomy":"product_tag","embeddable":true,"href":"https:\/\/elcontainermed.com\/index.php\/wp-json\/wp\/v2\/product_tag?post=218"}],"curies":[{"name":"wp","href":"https:\/\/api.w.org\/{rel}","templated":true}]}}