{"id":238,"date":"2025-07-25T11:15:33","date_gmt":"2025-07-25T16:15:33","guid":{"rendered":"http:\/\/localhost\/elcontainer\/?post_type=product&#038;p=238"},"modified":"2025-08-30T12:48:52","modified_gmt":"2025-08-30T17:48:52","slug":"swiss-army","status":"publish","type":"product","link":"https:\/\/elcontainermed.com\/index.php\/producto\/swiss-army\/","title":{"rendered":"Swiss Army"},"content":{"rendered":"<p><strong>Swiss Army Classic \u2013 Victorinox<\/strong><\/p>\n<p>\ud83d\udce6 Presentaci\u00f3n: 100 ml<\/p>\n<p>\ud83d\udca7 <strong>Concentraci\u00f3n<\/strong>: Eau de Toilette<\/p>\n<p>\ud83c\udf38 <strong>Notas de salida:<\/strong> Menta, naranja, yuzu, jengibre<\/p>\n<p>\ud83d\udc96 <strong>Notas de coraz\u00f3n:<\/strong> Lavanda, geranio, romero, hoja de violeta, edelweiss<\/p>\n<p>\ud83c\udf3f <strong>Notas de fondo:<\/strong> Cipr\u00e9s, abeto bals\u00e1mico, cedro, almizcle, \u00e1mbar<\/p>\n<p>Una fragancia fresca y masculina que abre con un choque vibrante de c\u00edtricos y menta, evoluciona hacia un coraz\u00f3n arom\u00e1tico verde y floral, y se asienta en una base c\u00e1lida, amaderada y suavemente almizclada. Evoca frescura natural con esp\u00edritu de aventura .<\/p>\n","protected":false},"excerpt":{"rendered":"<p>Frescura natural con toques verdes y amaderados profundos: perfecta para el hombre activo y confiado.<\/p>\n","protected":false},"featured_media":291,"comment_status":"open","ping_status":"closed","template":"","meta":{"_joinchat":[]},"product_brand":[111],"product_cat":[16],"product_tag":[],"class_list":{"0":"post-238","1":"product","2":"type-product","3":"status-publish","4":"has-post-thumbnail","6":"product_brand-victorinox","7":"product_cat-hombre","8":"entry","9":"has-media","11":"first","12":"instock","13":"shipping-taxable","14":"purchasable","15":"product-type-simple","16":"col","17":"span_1_of_3","18":"wvn-content-left","19":"wvn-thumbs-layout-horizontal","20":"wvn-btn-normal","21":"wvn-tabs-layout-horizontal","22":"has-no-thumbnails","23":"circle-sale"},"_links":{"self":[{"href":"https:\/\/elcontainermed.com\/index.php\/wp-json\/wp\/v2\/product\/238","targetHints":{"allow":["GET"]}}],"collection":[{"href":"https:\/\/elcontainermed.com\/index.php\/wp-json\/wp\/v2\/product"}],"about":[{"href":"https:\/\/elcontainermed.com\/index.php\/wp-json\/wp\/v2\/types\/product"}],"replies":[{"embeddable":true,"href":"https:\/\/elcontainermed.com\/index.php\/wp-json\/wp\/v2\/comments?post=238"}],"wp:featuredmedia":[{"embeddable":true,"href":"https:\/\/elcontainermed.com\/index.php\/wp-json\/wp\/v2\/media\/291"}],"wp:attachment":[{"href":"https:\/\/elcontainermed.com\/index.php\/wp-json\/wp\/v2\/media?parent=238"}],"wp:term":[{"taxonomy":"product_brand","embeddable":true,"href":"https:\/\/elcontainermed.com\/index.php\/wp-json\/wp\/v2\/product_brand?post=238"},{"taxonomy":"product_cat","embeddable":true,"href":"https:\/\/elcontainermed.com\/index.php\/wp-json\/wp\/v2\/product_cat?post=238"},{"taxonomy":"product_tag","embeddable":true,"href":"https:\/\/elcontainermed.com\/index.php\/wp-json\/wp\/v2\/product_tag?post=238"}],"curies":[{"name":"wp","href":"https:\/\/api.w.org\/{rel}","templated":true}]}}