{"id":239,"date":"2025-07-25T11:15:33","date_gmt":"2025-07-25T16:15:33","guid":{"rendered":"http:\/\/localhost\/elcontainer\/?post_type=product&#038;p=239"},"modified":"2025-08-30T12:56:02","modified_gmt":"2025-08-30T17:56:02","slug":"mont-blanck-starwalker","status":"publish","type":"product","link":"https:\/\/elcontainermed.com\/index.php\/producto\/mont-blanck-starwalker\/","title":{"rendered":"Mont Blanck Starwalker"},"content":{"rendered":"<p><strong>Starwalker \u2013 Montblanc<\/strong><\/p>\n<p>\ud83d\udce6 Presentaci\u00f3n: 100 ml<\/p>\n<p>\ud83d\udca7 <strong>Concentraci\u00f3n<\/strong>: Eau de Toilette<\/p>\n<p>\ud83c\udf38 <strong>Notas de salida:<\/strong> Bamb\u00fa, bergamota, mandarina<\/p>\n<p>\ud83d\udc96 <strong>Notas de coraz\u00f3n:<\/strong> S\u00e1ndalo, cedro, almizcle blanco<\/p>\n<p>\ud83c\udf3f <strong>Notas de fondo:<\/strong> Jengibre, resina de abeto (fir resin), nuez moscada, \u00e1mbar<\/p>\n<p>Un aroma refinado, ideal para el hombre moderno: comienza con aire fresco y verde gracias al bamb\u00fa y c\u00edtricos, transita hacia un coraz\u00f3n cremoso y amaderado con aroma limpio, y se asienta sobre una base c\u00e1lida y especiada con toques ambarados que evocan serenidad y sofisticaci\u00f3n.<\/p>\n","protected":false},"excerpt":{"rendered":"<p>Frescura pura que evoluciona en calidez: bamb\u00fa verde, coraz\u00f3n amaderado y un fondo especiado sofisticado.<\/p>\n","protected":false},"featured_media":292,"comment_status":"open","ping_status":"closed","template":"","meta":{"_joinchat":[]},"product_brand":[100],"product_cat":[16],"product_tag":[],"class_list":{"0":"post-239","1":"product","2":"type-product","3":"status-publish","4":"has-post-thumbnail","6":"product_brand-mont-blanc","7":"product_cat-hombre","8":"entry","9":"has-media","11":"first","12":"instock","13":"shipping-taxable","14":"purchasable","15":"product-type-simple","16":"col","17":"span_1_of_3","18":"wvn-content-left","19":"wvn-thumbs-layout-horizontal","20":"wvn-btn-normal","21":"wvn-tabs-layout-horizontal","22":"has-no-thumbnails","23":"circle-sale"},"_links":{"self":[{"href":"https:\/\/elcontainermed.com\/index.php\/wp-json\/wp\/v2\/product\/239","targetHints":{"allow":["GET"]}}],"collection":[{"href":"https:\/\/elcontainermed.com\/index.php\/wp-json\/wp\/v2\/product"}],"about":[{"href":"https:\/\/elcontainermed.com\/index.php\/wp-json\/wp\/v2\/types\/product"}],"replies":[{"embeddable":true,"href":"https:\/\/elcontainermed.com\/index.php\/wp-json\/wp\/v2\/comments?post=239"}],"wp:featuredmedia":[{"embeddable":true,"href":"https:\/\/elcontainermed.com\/index.php\/wp-json\/wp\/v2\/media\/292"}],"wp:attachment":[{"href":"https:\/\/elcontainermed.com\/index.php\/wp-json\/wp\/v2\/media?parent=239"}],"wp:term":[{"taxonomy":"product_brand","embeddable":true,"href":"https:\/\/elcontainermed.com\/index.php\/wp-json\/wp\/v2\/product_brand?post=239"},{"taxonomy":"product_cat","embeddable":true,"href":"https:\/\/elcontainermed.com\/index.php\/wp-json\/wp\/v2\/product_cat?post=239"},{"taxonomy":"product_tag","embeddable":true,"href":"https:\/\/elcontainermed.com\/index.php\/wp-json\/wp\/v2\/product_tag?post=239"}],"curies":[{"name":"wp","href":"https:\/\/api.w.org\/{rel}","templated":true}]}}