{"id":241,"date":"2025-07-25T11:15:34","date_gmt":"2025-07-25T16:15:34","guid":{"rendered":"http:\/\/localhost\/elcontainer\/?post_type=product&#038;p=241"},"modified":"2025-08-30T12:34:33","modified_gmt":"2025-08-30T17:34:33","slug":"paris-hilton","status":"publish","type":"product","link":"https:\/\/elcontainermed.com\/index.php\/producto\/paris-hilton\/","title":{"rendered":"Paris Hilton"},"content":{"rendered":"<p><strong>Paris Hilton<\/strong><\/p>\n<p>\ud83d\udce6 <strong>Presentaci\u00f3n<\/strong>: 100 ml<\/p>\n<p>\ud83d\udca7 <strong>Concentraci\u00f3n<\/strong>: Eau de Parfum<\/p>\n<p>\ud83c\udf38 <strong>Notas de salida:<\/strong> Mel\u00f3n, manzana, melocot\u00f3n (durazno)<\/p>\n<p>\ud83d\udc96 <strong>Notas de coraz\u00f3n:<\/strong> Fresia, mimosa, jazm\u00edn, lirio de los valles, azucena, nardos<\/p>\n<p>\ud83c\udf3f <strong>Notas de fondo<\/strong>: Almizcle, ylang-ylang, s\u00e1ndalo, musgo de roble<\/p>\n<p>Una fragancia que retrata la audacia de los primeros 2000: dulce, chispeante y floral, donde la frescura frutal se transforma en un coraz\u00f3n opulento y una base almizclada y sofisticada.<\/p>\n","protected":false},"excerpt":{"rendered":"<p>Femenina y nost\u00e1lgica: jugosas frutas suaves dan paso a un coraz\u00f3n floral puro con una base c\u00e1lida y envolvente.<\/p>\n","protected":false},"featured_media":2971,"comment_status":"open","ping_status":"closed","template":"","meta":{"_joinchat":[]},"product_brand":[81],"product_cat":[17],"product_tag":[],"class_list":{"0":"post-241","1":"product","2":"type-product","3":"status-publish","4":"has-post-thumbnail","6":"product_brand-paris-hilton","7":"product_cat-mujer","8":"entry","9":"has-media","11":"first","12":"instock","13":"shipping-taxable","14":"purchasable","15":"product-type-simple","16":"col","17":"span_1_of_3","18":"wvn-content-left","19":"wvn-thumbs-layout-horizontal","20":"wvn-btn-normal","21":"wvn-tabs-layout-horizontal","22":"has-no-thumbnails","23":"circle-sale"},"_links":{"self":[{"href":"https:\/\/elcontainermed.com\/index.php\/wp-json\/wp\/v2\/product\/241","targetHints":{"allow":["GET"]}}],"collection":[{"href":"https:\/\/elcontainermed.com\/index.php\/wp-json\/wp\/v2\/product"}],"about":[{"href":"https:\/\/elcontainermed.com\/index.php\/wp-json\/wp\/v2\/types\/product"}],"replies":[{"embeddable":true,"href":"https:\/\/elcontainermed.com\/index.php\/wp-json\/wp\/v2\/comments?post=241"}],"wp:featuredmedia":[{"embeddable":true,"href":"https:\/\/elcontainermed.com\/index.php\/wp-json\/wp\/v2\/media\/2971"}],"wp:attachment":[{"href":"https:\/\/elcontainermed.com\/index.php\/wp-json\/wp\/v2\/media?parent=241"}],"wp:term":[{"taxonomy":"product_brand","embeddable":true,"href":"https:\/\/elcontainermed.com\/index.php\/wp-json\/wp\/v2\/product_brand?post=241"},{"taxonomy":"product_cat","embeddable":true,"href":"https:\/\/elcontainermed.com\/index.php\/wp-json\/wp\/v2\/product_cat?post=241"},{"taxonomy":"product_tag","embeddable":true,"href":"https:\/\/elcontainermed.com\/index.php\/wp-json\/wp\/v2\/product_tag?post=241"}],"curies":[{"name":"wp","href":"https:\/\/api.w.org\/{rel}","templated":true}]}}