{"id":258,"date":"2025-07-25T11:15:56","date_gmt":"2025-07-25T16:15:56","guid":{"rendered":"http:\/\/localhost\/elcontainer\/?post_type=product&#038;p=258"},"modified":"2026-04-13T15:47:43","modified_gmt":"2026-04-13T20:47:43","slug":"212-fem","status":"publish","type":"product","link":"https:\/\/elcontainermed.com\/index.php\/producto\/212-fem\/","title":{"rendered":"212 Fem"},"content":{"rendered":"<p><strong>212 \u2013 Carolina Herrera<\/strong><\/p>\n<p>\ud83d\udce6 <strong>Presentaci\u00f3n<\/strong>: 100 ml<\/p>\n<p>\ud83d\udca7 <strong>Concentraci\u00f3n<\/strong>: Eau de Toilette<\/p>\n<p>\ud83c\udf38 <strong>Notas de salida:<\/strong> Naranja, flor de cactus, mandarina, bergamota<\/p>\n<p>\ud83d\udc96 <strong>Notas de coraz\u00f3n:<\/strong> Azucena, fresia, jazm\u00edn, gardenia, camelia, rosa, lirio de los valles<\/p>\n<p>\ud83c\udf3f Notas de fondo: Almizcle, s\u00e1ndalo<\/p>\n<p>Un perfume fresco y urbano que combina c\u00edtricos brillantes con un coraz\u00f3n floral elegante y un fondo suave de almizcle. Vers\u00e1til y moderno, es ideal para el d\u00eda a d\u00eda.<\/p>\n","protected":false},"excerpt":{"rendered":"<p>Un aroma fresco y elegante con flores delicadas y un fondo suave, perfecto para la mujer moderna.<\/p>\n","protected":false},"featured_media":2923,"comment_status":"open","ping_status":"closed","template":"","meta":{"_joinchat":[]},"product_brand":[67],"product_cat":[17],"product_tag":[],"class_list":{"0":"post-258","1":"product","2":"type-product","3":"status-publish","4":"has-post-thumbnail","6":"product_brand-carolina-herrera","7":"product_cat-mujer","8":"entry","9":"has-media","11":"first","12":"instock","13":"shipping-taxable","14":"purchasable","15":"product-type-simple","16":"col","17":"span_1_of_3","18":"wvn-content-left","19":"wvn-thumbs-layout-horizontal","20":"wvn-btn-normal","21":"wvn-tabs-layout-horizontal","22":"has-no-thumbnails","23":"circle-sale"},"_links":{"self":[{"href":"https:\/\/elcontainermed.com\/index.php\/wp-json\/wp\/v2\/product\/258","targetHints":{"allow":["GET"]}}],"collection":[{"href":"https:\/\/elcontainermed.com\/index.php\/wp-json\/wp\/v2\/product"}],"about":[{"href":"https:\/\/elcontainermed.com\/index.php\/wp-json\/wp\/v2\/types\/product"}],"replies":[{"embeddable":true,"href":"https:\/\/elcontainermed.com\/index.php\/wp-json\/wp\/v2\/comments?post=258"}],"wp:featuredmedia":[{"embeddable":true,"href":"https:\/\/elcontainermed.com\/index.php\/wp-json\/wp\/v2\/media\/2923"}],"wp:attachment":[{"href":"https:\/\/elcontainermed.com\/index.php\/wp-json\/wp\/v2\/media?parent=258"}],"wp:term":[{"taxonomy":"product_brand","embeddable":true,"href":"https:\/\/elcontainermed.com\/index.php\/wp-json\/wp\/v2\/product_brand?post=258"},{"taxonomy":"product_cat","embeddable":true,"href":"https:\/\/elcontainermed.com\/index.php\/wp-json\/wp\/v2\/product_cat?post=258"},{"taxonomy":"product_tag","embeddable":true,"href":"https:\/\/elcontainermed.com\/index.php\/wp-json\/wp\/v2\/product_tag?post=258"}],"curies":[{"name":"wp","href":"https:\/\/api.w.org\/{rel}","templated":true}]}}