{"id":263,"date":"2025-07-25T11:15:57","date_gmt":"2025-07-25T16:15:57","guid":{"rendered":"http:\/\/localhost\/elcontainer\/?post_type=product&#038;p=263"},"modified":"2025-08-29T17:22:39","modified_gmt":"2025-08-29T22:22:39","slug":"lacoste-touch-of-pink","status":"publish","type":"product","link":"https:\/\/elcontainermed.com\/index.php\/producto\/lacoste-touch-of-pink\/","title":{"rendered":"Lacoste Touch of Pink"},"content":{"rendered":"<p><strong>Touch of Pink \u2013 Lacoste<\/strong><\/p>\n<p>\ud83d\udce6 <strong>Presentaci\u00f3n<\/strong>: 90 ml<\/p>\n<p>\ud83d\udca7 <strong>Concentraci\u00f3n<\/strong>: Eau de Toilette<\/p>\n<p>\ud83c\udf38 <strong>Notas de salida:<\/strong> Naranja, cilantro, cardamomo, durazno<\/p>\n<p>\ud83d\udc96 <strong>Notas de coraz\u00f3n:<\/strong> Jazm\u00edn, violeta, semilla de zanahoria<\/p>\n<p>\ud83c\udf3f <strong>Notas de fondo:<\/strong> Vainilla, almizcle, s\u00e1ndalo<\/p>\n<p>Una fragancia juvenil y energ\u00e9tica que combina la frescura c\u00edtrica con un coraz\u00f3n floral vibrante y un fondo c\u00e1lido y suave. Alegre y din\u00e1mica, refleja un esp\u00edritu libre y optimista.<\/p>\n","protected":false},"excerpt":{"rendered":"<p>Un perfume fresco y femenino que mezcla c\u00edtricos chispeantes, flores radiantes y un toque c\u00e1lido de vainilla.<\/p>\n","protected":false},"featured_media":297,"comment_status":"open","ping_status":"closed","template":"","meta":{"_joinchat":[]},"product_brand":[98],"product_cat":[17],"product_tag":[],"class_list":{"0":"post-263","1":"product","2":"type-product","3":"status-publish","4":"has-post-thumbnail","6":"product_brand-lacoste","7":"product_cat-mujer","8":"entry","9":"has-media","11":"first","12":"instock","13":"shipping-taxable","14":"purchasable","15":"product-type-simple","16":"col","17":"span_1_of_3","18":"wvn-content-left","19":"wvn-thumbs-layout-horizontal","20":"wvn-btn-normal","21":"wvn-tabs-layout-horizontal","22":"has-no-thumbnails","23":"circle-sale"},"_links":{"self":[{"href":"https:\/\/elcontainermed.com\/index.php\/wp-json\/wp\/v2\/product\/263","targetHints":{"allow":["GET"]}}],"collection":[{"href":"https:\/\/elcontainermed.com\/index.php\/wp-json\/wp\/v2\/product"}],"about":[{"href":"https:\/\/elcontainermed.com\/index.php\/wp-json\/wp\/v2\/types\/product"}],"replies":[{"embeddable":true,"href":"https:\/\/elcontainermed.com\/index.php\/wp-json\/wp\/v2\/comments?post=263"}],"wp:featuredmedia":[{"embeddable":true,"href":"https:\/\/elcontainermed.com\/index.php\/wp-json\/wp\/v2\/media\/297"}],"wp:attachment":[{"href":"https:\/\/elcontainermed.com\/index.php\/wp-json\/wp\/v2\/media?parent=263"}],"wp:term":[{"taxonomy":"product_brand","embeddable":true,"href":"https:\/\/elcontainermed.com\/index.php\/wp-json\/wp\/v2\/product_brand?post=263"},{"taxonomy":"product_cat","embeddable":true,"href":"https:\/\/elcontainermed.com\/index.php\/wp-json\/wp\/v2\/product_cat?post=263"},{"taxonomy":"product_tag","embeddable":true,"href":"https:\/\/elcontainermed.com\/index.php\/wp-json\/wp\/v2\/product_tag?post=263"}],"curies":[{"name":"wp","href":"https:\/\/api.w.org\/{rel}","templated":true}]}}