{"id":279,"date":"2025-07-25T11:16:19","date_gmt":"2025-07-25T16:16:19","guid":{"rendered":"http:\/\/localhost\/elcontainer\/?post_type=product&#038;p=279"},"modified":"2025-08-31T14:10:10","modified_gmt":"2025-08-31T19:10:10","slug":"ch-fem","status":"publish","type":"product","link":"https:\/\/elcontainermed.com\/index.php\/producto\/ch-fem\/","title":{"rendered":"Ch Femme"},"content":{"rendered":"<p><strong>CH Femme \u2013 Carolina Herrera<\/strong><\/p>\n<p>\ud83d\udce6 <strong>Presentaci\u00f3n:<\/strong> 100 ml<\/p>\n<p>\ud83d\udca7 <strong>Concentraci\u00f3n:<\/strong> Eau de Toilette<\/p>\n<p>\ud83c\udf38 <strong>Notas de salida:<\/strong> Bergamota, toronja, lim\u00f3n, notas tropicales<\/p>\n<p>\ud83d\udc96 <strong>Notas de coraz\u00f3n:<\/strong> Rosa, jazm\u00edn sambac, pralin\u00e9, canela<\/p>\n<p>\ud83c\udf3f <strong>Notas de fondo:<\/strong> \u00c1mbar, madera de cedro, s\u00e1ndalo, pachul\u00ed, gamuza<\/p>\n<p>Un perfume femenino que equilibra frescura y calidez. Abre con notas c\u00edtricas chispeantes que se funden con un coraz\u00f3n floral y dulce de rosa y pralin\u00e9, para asentarse en un fondo elegante y sensual de maderas y cuero suave. Un aroma que refleja sofisticaci\u00f3n y dulzura al mismo tiempo.<\/p>\n","protected":false},"excerpt":{"rendered":"<p>Un aroma que envuelve con dulzura y elegancia, dejando huella en cada instante.<\/p>\n","protected":false},"featured_media":316,"comment_status":"open","ping_status":"closed","template":"","meta":{"_joinchat":[]},"product_brand":[67],"product_cat":[17],"product_tag":[],"class_list":{"0":"post-279","1":"product","2":"type-product","3":"status-publish","4":"has-post-thumbnail","6":"product_brand-carolina-herrera","7":"product_cat-mujer","8":"entry","9":"has-media","11":"first","12":"instock","13":"shipping-taxable","14":"purchasable","15":"product-type-simple","16":"col","17":"span_1_of_3","18":"wvn-content-left","19":"wvn-thumbs-layout-horizontal","20":"wvn-btn-normal","21":"wvn-tabs-layout-horizontal","22":"has-no-thumbnails","23":"circle-sale"},"_links":{"self":[{"href":"https:\/\/elcontainermed.com\/index.php\/wp-json\/wp\/v2\/product\/279","targetHints":{"allow":["GET"]}}],"collection":[{"href":"https:\/\/elcontainermed.com\/index.php\/wp-json\/wp\/v2\/product"}],"about":[{"href":"https:\/\/elcontainermed.com\/index.php\/wp-json\/wp\/v2\/types\/product"}],"replies":[{"embeddable":true,"href":"https:\/\/elcontainermed.com\/index.php\/wp-json\/wp\/v2\/comments?post=279"}],"wp:featuredmedia":[{"embeddable":true,"href":"https:\/\/elcontainermed.com\/index.php\/wp-json\/wp\/v2\/media\/316"}],"wp:attachment":[{"href":"https:\/\/elcontainermed.com\/index.php\/wp-json\/wp\/v2\/media?parent=279"}],"wp:term":[{"taxonomy":"product_brand","embeddable":true,"href":"https:\/\/elcontainermed.com\/index.php\/wp-json\/wp\/v2\/product_brand?post=279"},{"taxonomy":"product_cat","embeddable":true,"href":"https:\/\/elcontainermed.com\/index.php\/wp-json\/wp\/v2\/product_cat?post=279"},{"taxonomy":"product_tag","embeddable":true,"href":"https:\/\/elcontainermed.com\/index.php\/wp-json\/wp\/v2\/product_tag?post=279"}],"curies":[{"name":"wp","href":"https:\/\/api.w.org\/{rel}","templated":true}]}}