{"id":287,"date":"2025-07-25T11:16:20","date_gmt":"2025-07-25T16:16:20","guid":{"rendered":"http:\/\/localhost\/elcontainer\/?post_type=product&#038;p=287"},"modified":"2025-08-29T16:49:55","modified_gmt":"2025-08-29T21:49:55","slug":"versace-yellow-diamond","status":"publish","type":"product","link":"https:\/\/elcontainermed.com\/index.php\/producto\/versace-yellow-diamond\/","title":{"rendered":"Versace Yellow Diamond"},"content":{"rendered":"<p><strong>Yellow Diamond \u2013 Versace<\/strong><\/p>\n<p>\ud83d\udce6 <strong>Presentaci\u00f3n<\/strong>: 90 ml<\/p>\n<p>\ud83d\udca7 <strong>Concentraci\u00f3n<\/strong>: Eau de Toilette<\/p>\n<p>\ud83c\udf38 <strong>Notas de salida:<\/strong> Lim\u00f3n, bergamota, neroli, pera<\/p>\n<p>\ud83d\udc96 <strong>Notas de coraz\u00f3n:<\/strong> Azahar, nen\u00fafar, fresia, mimosa<\/p>\n<p>\ud83c\udf3f <strong>Notas de fondo:<\/strong> Almizcle, \u00e1mbar, madera de gaiac<\/p>\n<p>Una fragancia luminosa y radiante que evoca la claridad de un diamante amarillo. Sus notas c\u00edtricas frescas se suavizan con un bouquet floral delicado y un fondo c\u00e1lido de almizcle y \u00e1mbar.<\/p>\n","protected":false},"excerpt":{"rendered":"<p>Un perfume brillante y femenino que combina c\u00edtricos chispeantes con flores radiantes y un fondo suave.<\/p>\n","protected":false},"featured_media":3046,"comment_status":"open","ping_status":"closed","template":"","meta":{"_joinchat":[]},"product_brand":[112],"product_cat":[17],"product_tag":[],"class_list":{"0":"post-287","1":"product","2":"type-product","3":"status-publish","4":"has-post-thumbnail","6":"product_brand-versace","7":"product_cat-mujer","8":"entry","9":"has-media","11":"first","12":"instock","13":"shipping-taxable","14":"purchasable","15":"product-type-simple","16":"col","17":"span_1_of_3","18":"wvn-content-left","19":"wvn-thumbs-layout-horizontal","20":"wvn-btn-normal","21":"wvn-tabs-layout-horizontal","22":"has-no-thumbnails","23":"circle-sale"},"_links":{"self":[{"href":"https:\/\/elcontainermed.com\/index.php\/wp-json\/wp\/v2\/product\/287","targetHints":{"allow":["GET"]}}],"collection":[{"href":"https:\/\/elcontainermed.com\/index.php\/wp-json\/wp\/v2\/product"}],"about":[{"href":"https:\/\/elcontainermed.com\/index.php\/wp-json\/wp\/v2\/types\/product"}],"replies":[{"embeddable":true,"href":"https:\/\/elcontainermed.com\/index.php\/wp-json\/wp\/v2\/comments?post=287"}],"wp:featuredmedia":[{"embeddable":true,"href":"https:\/\/elcontainermed.com\/index.php\/wp-json\/wp\/v2\/media\/3046"}],"wp:attachment":[{"href":"https:\/\/elcontainermed.com\/index.php\/wp-json\/wp\/v2\/media?parent=287"}],"wp:term":[{"taxonomy":"product_brand","embeddable":true,"href":"https:\/\/elcontainermed.com\/index.php\/wp-json\/wp\/v2\/product_brand?post=287"},{"taxonomy":"product_cat","embeddable":true,"href":"https:\/\/elcontainermed.com\/index.php\/wp-json\/wp\/v2\/product_cat?post=287"},{"taxonomy":"product_tag","embeddable":true,"href":"https:\/\/elcontainermed.com\/index.php\/wp-json\/wp\/v2\/product_tag?post=287"}],"curies":[{"name":"wp","href":"https:\/\/api.w.org\/{rel}","templated":true}]}}