{"id":290,"date":"2025-07-25T11:16:20","date_gmt":"2025-07-25T16:16:20","guid":{"rendered":"http:\/\/localhost\/elcontainer\/?post_type=product&#038;p=290"},"modified":"2025-08-29T17:00:43","modified_gmt":"2025-08-29T22:00:43","slug":"omnia-coral","status":"publish","type":"product","link":"https:\/\/elcontainermed.com\/index.php\/producto\/omnia-coral\/","title":{"rendered":"Omnia Coral"},"content":{"rendered":"<p><strong>Omnia Coral \u2013 Bvlgari<\/strong><\/p>\n<p>\ud83d\udce6 <strong>Presentaci\u00f3n<\/strong>: 65 ml<\/p>\n<p>\ud83d\udca7 <strong>Concentraci\u00f3n<\/strong>: Eau de Toilette<\/p>\n<p>\ud83c\udf38 <strong>Notas de salida:<\/strong> Bergamota, bayas de goji<\/p>\n<p>\ud83d\udc96 <strong>Notas de coraz\u00f3n:<\/strong> Lirio de agua, hibisco, granada<\/p>\n<p>\ud83c\udf3f <strong>Notas de fondo:<\/strong> Almizcle, cedro de Virginia<\/p>\n<p>Un aroma vibrante y luminoso que mezcla la frescura c\u00edtrica y frutal con un coraz\u00f3n floral jugoso, sobre una base almizclada y amaderada que aporta calidez y sofisticaci\u00f3n.<\/p>\n","protected":false},"excerpt":{"rendered":"<p>Una fragancia alegre y radiante que combina frutas ex\u00f3ticas y flores vibrantes con un toque almizclado.<\/p>\n","protected":false},"featured_media":3047,"comment_status":"open","ping_status":"closed","template":"","meta":{"_joinchat":[]},"product_brand":[80],"product_cat":[17],"product_tag":[],"class_list":{"0":"post-290","1":"product","2":"type-product","3":"status-publish","4":"has-post-thumbnail","6":"product_brand-bvlgari","7":"product_cat-mujer","8":"entry","9":"has-media","11":"first","12":"instock","13":"shipping-taxable","14":"purchasable","15":"product-type-simple","16":"col","17":"span_1_of_3","18":"wvn-content-left","19":"wvn-thumbs-layout-horizontal","20":"wvn-btn-normal","21":"wvn-tabs-layout-horizontal","22":"has-no-thumbnails","23":"circle-sale"},"_links":{"self":[{"href":"https:\/\/elcontainermed.com\/index.php\/wp-json\/wp\/v2\/product\/290","targetHints":{"allow":["GET"]}}],"collection":[{"href":"https:\/\/elcontainermed.com\/index.php\/wp-json\/wp\/v2\/product"}],"about":[{"href":"https:\/\/elcontainermed.com\/index.php\/wp-json\/wp\/v2\/types\/product"}],"replies":[{"embeddable":true,"href":"https:\/\/elcontainermed.com\/index.php\/wp-json\/wp\/v2\/comments?post=290"}],"wp:featuredmedia":[{"embeddable":true,"href":"https:\/\/elcontainermed.com\/index.php\/wp-json\/wp\/v2\/media\/3047"}],"wp:attachment":[{"href":"https:\/\/elcontainermed.com\/index.php\/wp-json\/wp\/v2\/media?parent=290"}],"wp:term":[{"taxonomy":"product_brand","embeddable":true,"href":"https:\/\/elcontainermed.com\/index.php\/wp-json\/wp\/v2\/product_brand?post=290"},{"taxonomy":"product_cat","embeddable":true,"href":"https:\/\/elcontainermed.com\/index.php\/wp-json\/wp\/v2\/product_cat?post=290"},{"taxonomy":"product_tag","embeddable":true,"href":"https:\/\/elcontainermed.com\/index.php\/wp-json\/wp\/v2\/product_tag?post=290"}],"curies":[{"name":"wp","href":"https:\/\/api.w.org\/{rel}","templated":true}]}}