{"id":2955,"date":"2025-08-26T22:52:57","date_gmt":"2025-08-27T03:52:57","guid":{"rendered":"https:\/\/elcontainermed.com\/?post_type=product&#038;p=2955"},"modified":"2025-09-05T11:14:27","modified_gmt":"2025-09-05T16:14:27","slug":"jean-paul-le-beau","status":"publish","type":"product","link":"https:\/\/elcontainermed.com\/index.php\/producto\/jean-paul-le-beau\/","title":{"rendered":"Le Beau"},"content":{"rendered":"<p><strong>Jean Paul Gaultier Le Beau<\/strong><\/p>\n<p>\ud83d\udce6 <strong>Presentaci\u00f3n<\/strong>: 125 ml<\/p>\n<p>\ud83d\udca7 <strong>Concentraci\u00f3n<\/strong>: Eau de Parfum Intense<\/p>\n<p>\ud83c\udf38 <strong>Notas de salida:<\/strong> Pi\u00f1a, iris, jengibre, cipr\u00e9s<\/p>\n<p>\ud83d\udc96 <strong>Notas de coraz\u00f3n:<\/strong> Coco y notas amaderadas (como madera de coco)<\/p>\n<p>\ud83c\udf3f <strong>Notas de fondo:<\/strong> Haba tonka, s\u00e1ndalo, \u00e1mbar, \u00e1mbar gris<\/p>\n<p>Fragancia masculina intensa y ex\u00f3tica que abre con una mezcla vibrante de pi\u00f1a, jengibre, iris y cipr\u00e9s. Evoluciona hacia un coraz\u00f3n cremoso de coco y maderas tropicales, y se asienta en una base c\u00e1lida y magn\u00e9tica de haba tonka, s\u00e1ndalo y \u00e1mbares.<\/p>\n","protected":false},"excerpt":{"rendered":"<p>Ex\u00f3tica y seductora, con pi\u00f1a especiada y coco cremoso sobre una base c\u00e1lida de tonka y maderas.<\/p>\n","protected":false},"featured_media":2951,"comment_status":"open","ping_status":"closed","template":"","meta":{"_joinchat":[]},"product_brand":[96],"product_cat":[16],"product_tag":[],"class_list":{"0":"post-2955","1":"product","2":"type-product","3":"status-publish","4":"has-post-thumbnail","6":"product_brand-jean-paul-gaultier","7":"product_cat-hombre","8":"entry","9":"has-media","11":"first","12":"instock","13":"shipping-taxable","14":"purchasable","15":"product-type-simple","16":"col","17":"span_1_of_3","18":"wvn-content-left","19":"wvn-thumbs-layout-horizontal","20":"wvn-btn-normal","21":"wvn-tabs-layout-horizontal","22":"has-no-thumbnails","23":"circle-sale"},"_links":{"self":[{"href":"https:\/\/elcontainermed.com\/index.php\/wp-json\/wp\/v2\/product\/2955","targetHints":{"allow":["GET"]}}],"collection":[{"href":"https:\/\/elcontainermed.com\/index.php\/wp-json\/wp\/v2\/product"}],"about":[{"href":"https:\/\/elcontainermed.com\/index.php\/wp-json\/wp\/v2\/types\/product"}],"replies":[{"embeddable":true,"href":"https:\/\/elcontainermed.com\/index.php\/wp-json\/wp\/v2\/comments?post=2955"}],"wp:featuredmedia":[{"embeddable":true,"href":"https:\/\/elcontainermed.com\/index.php\/wp-json\/wp\/v2\/media\/2951"}],"wp:attachment":[{"href":"https:\/\/elcontainermed.com\/index.php\/wp-json\/wp\/v2\/media?parent=2955"}],"wp:term":[{"taxonomy":"product_brand","embeddable":true,"href":"https:\/\/elcontainermed.com\/index.php\/wp-json\/wp\/v2\/product_brand?post=2955"},{"taxonomy":"product_cat","embeddable":true,"href":"https:\/\/elcontainermed.com\/index.php\/wp-json\/wp\/v2\/product_cat?post=2955"},{"taxonomy":"product_tag","embeddable":true,"href":"https:\/\/elcontainermed.com\/index.php\/wp-json\/wp\/v2\/product_tag?post=2955"}],"curies":[{"name":"wp","href":"https:\/\/api.w.org\/{rel}","templated":true}]}}