{"id":2991,"date":"2025-08-27T00:25:19","date_gmt":"2025-08-27T05:25:19","guid":{"rendered":"https:\/\/elcontainermed.com\/?post_type=product&#038;p=2991"},"modified":"2025-09-01T15:04:03","modified_gmt":"2025-09-01T20:04:03","slug":"versace-eros-energy","status":"publish","type":"product","link":"https:\/\/elcontainermed.com\/index.php\/producto\/versace-eros-energy\/","title":{"rendered":"Versace Eros Energy"},"content":{"rendered":"<p><strong>Versace Eros Energy \u2013 Eau de Parfum<\/strong><\/p>\n<p><strong>Presentaci\u00f3n<\/strong>: 100 ml<\/p>\n<p><strong>Concentraci\u00f3n<\/strong>: Eau de Parfum<\/p>\n<p><strong>Notas de salida:<\/strong> Bergamota italiana, naranja sanguina, lima peruana, mandarina italiana, pomelo y lim\u00f3n<\/p>\n<p><strong>Notas de coraz\u00f3n:<\/strong> Pimienta rosa, grosella negra y \u00e1mbar blanco<\/p>\n<p><strong>Notas de fondo:<\/strong> Pachul\u00ed indonesio, almizcle y musgo de roble<\/p>\n<p>Fragancia energizante y vibrante: inicia con una explosi\u00f3n c\u00edtrica luminosa y refrescante, como brotar el sol en un d\u00eda mediterr\u00e1neo; en su coraz\u00f3n, la pimienta rosa y la espesura de la grosella negra aportan sensualidad, mientras que la base de pachul\u00ed, almizcle y musgo de roble sostiene con elegancia y calidez.<\/p>\n","protected":false},"excerpt":{"rendered":"<p>Explosi\u00f3n c\u00edtrica y vibrante que transmite frescura, energ\u00eda y confianza desde la primera pulverizaci\u00f3n.<\/p>\n","protected":false},"featured_media":3089,"comment_status":"open","ping_status":"closed","template":"","meta":{"_joinchat":[]},"product_brand":[112],"product_cat":[16],"product_tag":[],"class_list":{"0":"post-2991","1":"product","2":"type-product","3":"status-publish","4":"has-post-thumbnail","6":"product_brand-versace","7":"product_cat-hombre","8":"entry","9":"has-media","11":"first","12":"instock","13":"shipping-taxable","14":"purchasable","15":"product-type-simple","16":"col","17":"span_1_of_3","18":"wvn-content-left","19":"wvn-thumbs-layout-horizontal","20":"wvn-btn-normal","21":"wvn-tabs-layout-horizontal","22":"has-no-thumbnails","23":"circle-sale"},"_links":{"self":[{"href":"https:\/\/elcontainermed.com\/index.php\/wp-json\/wp\/v2\/product\/2991","targetHints":{"allow":["GET"]}}],"collection":[{"href":"https:\/\/elcontainermed.com\/index.php\/wp-json\/wp\/v2\/product"}],"about":[{"href":"https:\/\/elcontainermed.com\/index.php\/wp-json\/wp\/v2\/types\/product"}],"replies":[{"embeddable":true,"href":"https:\/\/elcontainermed.com\/index.php\/wp-json\/wp\/v2\/comments?post=2991"}],"wp:featuredmedia":[{"embeddable":true,"href":"https:\/\/elcontainermed.com\/index.php\/wp-json\/wp\/v2\/media\/3089"}],"wp:attachment":[{"href":"https:\/\/elcontainermed.com\/index.php\/wp-json\/wp\/v2\/media?parent=2991"}],"wp:term":[{"taxonomy":"product_brand","embeddable":true,"href":"https:\/\/elcontainermed.com\/index.php\/wp-json\/wp\/v2\/product_brand?post=2991"},{"taxonomy":"product_cat","embeddable":true,"href":"https:\/\/elcontainermed.com\/index.php\/wp-json\/wp\/v2\/product_cat?post=2991"},{"taxonomy":"product_tag","embeddable":true,"href":"https:\/\/elcontainermed.com\/index.php\/wp-json\/wp\/v2\/product_tag?post=2991"}],"curies":[{"name":"wp","href":"https:\/\/api.w.org\/{rel}","templated":true}]}}