{"id":2992,"date":"2025-08-27T00:26:50","date_gmt":"2025-08-27T05:26:50","guid":{"rendered":"https:\/\/elcontainermed.com\/?post_type=product&#038;p=2992"},"modified":"2025-12-07T00:41:31","modified_gmt":"2025-12-07T05:41:31","slug":"odyssey-aoud-armaf","status":"publish","type":"product","link":"https:\/\/elcontainermed.com\/index.php\/producto\/odyssey-aoud-armaf\/","title":{"rendered":"Odyssey Aoud Armaf"},"content":{"rendered":"<p><strong>Odyssey Aoud \u2013 Armaf<\/strong><\/p>\n<p><strong>Presentaci\u00f3n<\/strong>: 100 ml<\/p>\n<p><strong>Concentraci\u00f3n<\/strong>: Eau de Parfum<\/p>\n<p><strong>Notas de salida:<\/strong> Lavanda, azafr\u00e1n, nuez moscada<\/p>\n<p><strong>Notas de coraz\u00f3n:<\/strong> Madera de oud, notas amaderadas<\/p>\n<p><strong>Notas de fondo:<\/strong> Pachul\u00ed, ambroxan, almizcle<\/p>\n<p>Fragancia intensa y especiada: abre con lavanda arom\u00e1tica y un car\u00e1cter especiado gracias al azafr\u00e1n y nuez moscada; evoluciona hacia un coraz\u00f3n profundo de oud y maderas c\u00e1lidas, terminando con una base terrosa y almizclada que aporta persistencia y sofisticaci\u00f3n.<\/p>\n","protected":false},"excerpt":{"rendered":"<p>Intensa y especiada, une lavanda, azafr\u00e1n y oud en un aroma sofisticado y persistente.<\/p>\n","protected":false},"featured_media":2981,"comment_status":"open","ping_status":"closed","template":"","meta":{"_joinchat":[]},"product_brand":[84],"product_cat":[16],"product_tag":[],"class_list":{"0":"post-2992","1":"product","2":"type-product","3":"status-publish","4":"has-post-thumbnail","6":"product_brand-armaf","7":"product_cat-hombre","8":"entry","9":"has-media","11":"first","12":"instock","13":"sale","14":"shipping-taxable","15":"purchasable","16":"product-type-simple","17":"col","18":"span_1_of_3","19":"wvn-content-left","20":"wvn-thumbs-layout-horizontal","21":"wvn-btn-normal","22":"wvn-tabs-layout-horizontal","23":"has-no-thumbnails","24":"circle-sale"},"_links":{"self":[{"href":"https:\/\/elcontainermed.com\/index.php\/wp-json\/wp\/v2\/product\/2992","targetHints":{"allow":["GET"]}}],"collection":[{"href":"https:\/\/elcontainermed.com\/index.php\/wp-json\/wp\/v2\/product"}],"about":[{"href":"https:\/\/elcontainermed.com\/index.php\/wp-json\/wp\/v2\/types\/product"}],"replies":[{"embeddable":true,"href":"https:\/\/elcontainermed.com\/index.php\/wp-json\/wp\/v2\/comments?post=2992"}],"wp:featuredmedia":[{"embeddable":true,"href":"https:\/\/elcontainermed.com\/index.php\/wp-json\/wp\/v2\/media\/2981"}],"wp:attachment":[{"href":"https:\/\/elcontainermed.com\/index.php\/wp-json\/wp\/v2\/media?parent=2992"}],"wp:term":[{"taxonomy":"product_brand","embeddable":true,"href":"https:\/\/elcontainermed.com\/index.php\/wp-json\/wp\/v2\/product_brand?post=2992"},{"taxonomy":"product_cat","embeddable":true,"href":"https:\/\/elcontainermed.com\/index.php\/wp-json\/wp\/v2\/product_cat?post=2992"},{"taxonomy":"product_tag","embeddable":true,"href":"https:\/\/elcontainermed.com\/index.php\/wp-json\/wp\/v2\/product_tag?post=2992"}],"curies":[{"name":"wp","href":"https:\/\/api.w.org\/{rel}","templated":true}]}}