{"id":2993,"date":"2025-08-27T00:28:02","date_gmt":"2025-08-27T05:28:02","guid":{"rendered":"https:\/\/elcontainermed.com\/?post_type=product&#038;p=2993"},"modified":"2025-12-07T00:41:16","modified_gmt":"2025-12-07T05:41:16","slug":"odyssey-candee-armaf","status":"publish","type":"product","link":"https:\/\/elcontainermed.com\/index.php\/producto\/odyssey-candee-armaf\/","title":{"rendered":"Odyssey Candee"},"content":{"rendered":"<p><strong>Odyssey Candee \u2013 Armaf<\/strong><\/p>\n<p><strong>Presentaci\u00f3n<\/strong>: 100 ml<\/p>\n<p><strong>Concentraci\u00f3n<\/strong>: Eau de Parfum<\/p>\n<p><strong>Notas de salida:<\/strong> Fresa, frambuesa, durazno (melocot\u00f3n), bergamota y geranio<\/p>\n<p><strong>Notas de coraz\u00f3n<\/strong>: Caramelo, jazm\u00edn, maracuy\u00e1 (fruta de la pasi\u00f3n)<\/p>\n<p><strong>Notas de fondo:<\/strong> Almizcle (blanco), pachul\u00ed y \u00e1mbar<\/p>\n<p>Odyssey Candee es una fragancia dulce y femenina de estilo gourmand, ideal para el d\u00eda a d\u00eda o salidas casuales. Abre con una explosi\u00f3n frutal jugosa y vibrante gracias a la fresa, frambuesa y melocot\u00f3n, suavizada con un toque c\u00edtrico y floral. En el coraz\u00f3n, el caramelo aporta una capa cremosa junto al jazm\u00edn y el ex\u00f3tico maracuy\u00e1. Finalmente, una base c\u00e1lida de almizcle sedoso, pachul\u00ed envolvente y \u00e1mbar aporta profundidad, dejando una estela suave y duradera.<\/p>\n","protected":false},"excerpt":{"rendered":"<p>Dulce y femenina, combina frutas rojas y caramelo con un fondo c\u00e1lido de almizcle y \u00e1mbar.<\/p>\n","protected":false},"featured_media":3234,"comment_status":"open","ping_status":"closed","template":"","meta":{"_joinchat":[]},"product_brand":[84],"product_cat":[17],"product_tag":[],"class_list":{"0":"post-2993","1":"product","2":"type-product","3":"status-publish","4":"has-post-thumbnail","6":"product_brand-armaf","7":"product_cat-mujer","8":"entry","9":"has-media","11":"first","12":"instock","13":"sale","14":"shipping-taxable","15":"purchasable","16":"product-type-simple","17":"col","18":"span_1_of_3","19":"wvn-content-left","20":"wvn-thumbs-layout-horizontal","21":"wvn-btn-normal","22":"wvn-tabs-layout-horizontal","23":"has-no-thumbnails","24":"circle-sale"},"_links":{"self":[{"href":"https:\/\/elcontainermed.com\/index.php\/wp-json\/wp\/v2\/product\/2993","targetHints":{"allow":["GET"]}}],"collection":[{"href":"https:\/\/elcontainermed.com\/index.php\/wp-json\/wp\/v2\/product"}],"about":[{"href":"https:\/\/elcontainermed.com\/index.php\/wp-json\/wp\/v2\/types\/product"}],"replies":[{"embeddable":true,"href":"https:\/\/elcontainermed.com\/index.php\/wp-json\/wp\/v2\/comments?post=2993"}],"wp:featuredmedia":[{"embeddable":true,"href":"https:\/\/elcontainermed.com\/index.php\/wp-json\/wp\/v2\/media\/3234"}],"wp:attachment":[{"href":"https:\/\/elcontainermed.com\/index.php\/wp-json\/wp\/v2\/media?parent=2993"}],"wp:term":[{"taxonomy":"product_brand","embeddable":true,"href":"https:\/\/elcontainermed.com\/index.php\/wp-json\/wp\/v2\/product_brand?post=2993"},{"taxonomy":"product_cat","embeddable":true,"href":"https:\/\/elcontainermed.com\/index.php\/wp-json\/wp\/v2\/product_cat?post=2993"},{"taxonomy":"product_tag","embeddable":true,"href":"https:\/\/elcontainermed.com\/index.php\/wp-json\/wp\/v2\/product_tag?post=2993"}],"curies":[{"name":"wp","href":"https:\/\/api.w.org\/{rel}","templated":true}]}}