{"id":2995,"date":"2025-08-27T00:31:24","date_gmt":"2025-08-27T05:31:24","guid":{"rendered":"https:\/\/elcontainermed.com\/?post_type=product&#038;p=2995"},"modified":"2026-04-13T08:25:41","modified_gmt":"2026-04-13T13:25:41","slug":"9-am-dive","status":"publish","type":"product","link":"https:\/\/elcontainermed.com\/index.php\/producto\/9-am-dive\/","title":{"rendered":"9 AM Dive"},"content":{"rendered":"<p><strong>9 AM Dive<\/strong> \u2013 Afnan<\/p>\n<p><strong>Presentaci\u00f3n<\/strong>: 100 ml<\/p>\n<p><strong>Concentraci\u00f3n<\/strong>: Eau de Parfum<\/p>\n<p><strong>Notas de salida<\/strong>: Lim\u00f3n, Pimienta rosa, Menta, Grosella negra<\/p>\n<p><strong>Notas de coraz\u00f3n:<\/strong>\u00a0Manzana, Incienso, Cedro<\/p>\n<p><strong>Notas de fondo<\/strong>: Pachul\u00ed, Jazm\u00edn, Jengibre, S\u00e1ndalo<\/p>\n<p>Una fragancia fresca y acu\u00e1tica, evocando la sensaci\u00f3n de un chapuz\u00f3n matutino en aguas cristalinas. Abre con c\u00edtricos y un toque mentolado, evoluciona hacia un coraz\u00f3n ligeramente afrutado y especiado, culminando con una base amaderada y envolvente.<\/p>\n","protected":false},"excerpt":{"rendered":"<p>Frescura acu\u00e1tica y energizante con toques c\u00edtricos y amaderados, perfecta para el d\u00eda a d\u00eda.<\/p>\n","protected":false},"featured_media":2986,"comment_status":"open","ping_status":"closed","template":"","meta":{"_joinchat":[]},"product_brand":[66],"product_cat":[16,17,63],"product_tag":[],"class_list":{"0":"post-2995","1":"product","2":"type-product","3":"status-publish","4":"has-post-thumbnail","6":"product_brand-afnan","7":"product_cat-hombre","8":"product_cat-mujer","9":"product_cat-unisex","10":"entry","11":"has-media","13":"first","14":"instock","15":"shipping-taxable","16":"purchasable","17":"product-type-simple","18":"col","19":"span_1_of_3","20":"wvn-content-left","21":"wvn-thumbs-layout-horizontal","22":"wvn-btn-normal","23":"wvn-tabs-layout-horizontal","24":"has-no-thumbnails","25":"circle-sale"},"_links":{"self":[{"href":"https:\/\/elcontainermed.com\/index.php\/wp-json\/wp\/v2\/product\/2995","targetHints":{"allow":["GET"]}}],"collection":[{"href":"https:\/\/elcontainermed.com\/index.php\/wp-json\/wp\/v2\/product"}],"about":[{"href":"https:\/\/elcontainermed.com\/index.php\/wp-json\/wp\/v2\/types\/product"}],"replies":[{"embeddable":true,"href":"https:\/\/elcontainermed.com\/index.php\/wp-json\/wp\/v2\/comments?post=2995"}],"wp:featuredmedia":[{"embeddable":true,"href":"https:\/\/elcontainermed.com\/index.php\/wp-json\/wp\/v2\/media\/2986"}],"wp:attachment":[{"href":"https:\/\/elcontainermed.com\/index.php\/wp-json\/wp\/v2\/media?parent=2995"}],"wp:term":[{"taxonomy":"product_brand","embeddable":true,"href":"https:\/\/elcontainermed.com\/index.php\/wp-json\/wp\/v2\/product_brand?post=2995"},{"taxonomy":"product_cat","embeddable":true,"href":"https:\/\/elcontainermed.com\/index.php\/wp-json\/wp\/v2\/product_cat?post=2995"},{"taxonomy":"product_tag","embeddable":true,"href":"https:\/\/elcontainermed.com\/index.php\/wp-json\/wp\/v2\/product_tag?post=2995"}],"curies":[{"name":"wp","href":"https:\/\/api.w.org\/{rel}","templated":true}]}}