{"id":304,"date":"2025-07-25T11:16:42","date_gmt":"2025-07-25T16:16:42","guid":{"rendered":"http:\/\/localhost\/elcontainer\/?post_type=product&#038;p=304"},"modified":"2025-08-29T14:17:01","modified_gmt":"2025-08-29T19:17:01","slug":"lady-million-empire","status":"publish","type":"product","link":"https:\/\/elcontainermed.com\/index.php\/producto\/lady-million-empire\/","title":{"rendered":"Lady Million Empire"},"content":{"rendered":"<p><strong>Lady Million Empire \u2013 Paco Rabanne<\/strong><\/p>\n<p>\ud83d\udce6 <strong>Presentaci\u00f3n<\/strong>: 80 ml<\/p>\n<p>\ud83d\udca7 <strong>Concentraci\u00f3n<\/strong>: Eau de Parfum<\/p>\n<p>\ud83c\udf38 <strong>Notas de salida:<\/strong> Grosella roja, naranja, esencia de neroli<\/p>\n<p>\ud83d\udc96 <strong>Notas de coraz\u00f3n:<\/strong> Magnolia, azahar, osmanthus, ciruela Mirabelle<\/p>\n<p>\ud83c\udf3f <strong>Notas de fondo:<\/strong> Co\u00f1ac, pachul\u00ed blanco, almizcle blanco<\/p>\n<p>Un homenaje audaz y sofisticado al poder femenino: inicia con frutas chispeantes y neroli radiante, se transforma en un coraz\u00f3n floral enriquecido con notas jugosas, y culmina en una base carnal y elegante gracias al co\u00f1ac, pachul\u00ed y almizcle.<\/p>\n","protected":false},"excerpt":{"rendered":"<p>Burbujeante y atrevida: frutas frescas y flores blancas que se deslizan hacia un fondo profundo de co\u00f1ac y pachul\u00ed.<\/p>\n","protected":false},"featured_media":344,"comment_status":"open","ping_status":"closed","template":"","meta":{"_joinchat":[]},"product_brand":[77],"product_cat":[17],"product_tag":[],"class_list":{"0":"post-304","1":"product","2":"type-product","3":"status-publish","4":"has-post-thumbnail","6":"product_brand-paco-rabanne","7":"product_cat-mujer","8":"entry","9":"has-media","11":"first","12":"instock","13":"shipping-taxable","14":"purchasable","15":"product-type-simple","16":"col","17":"span_1_of_3","18":"wvn-content-left","19":"wvn-thumbs-layout-horizontal","20":"wvn-btn-normal","21":"wvn-tabs-layout-horizontal","22":"has-no-thumbnails","23":"circle-sale"},"_links":{"self":[{"href":"https:\/\/elcontainermed.com\/index.php\/wp-json\/wp\/v2\/product\/304","targetHints":{"allow":["GET"]}}],"collection":[{"href":"https:\/\/elcontainermed.com\/index.php\/wp-json\/wp\/v2\/product"}],"about":[{"href":"https:\/\/elcontainermed.com\/index.php\/wp-json\/wp\/v2\/types\/product"}],"replies":[{"embeddable":true,"href":"https:\/\/elcontainermed.com\/index.php\/wp-json\/wp\/v2\/comments?post=304"}],"wp:featuredmedia":[{"embeddable":true,"href":"https:\/\/elcontainermed.com\/index.php\/wp-json\/wp\/v2\/media\/344"}],"wp:attachment":[{"href":"https:\/\/elcontainermed.com\/index.php\/wp-json\/wp\/v2\/media?parent=304"}],"wp:term":[{"taxonomy":"product_brand","embeddable":true,"href":"https:\/\/elcontainermed.com\/index.php\/wp-json\/wp\/v2\/product_brand?post=304"},{"taxonomy":"product_cat","embeddable":true,"href":"https:\/\/elcontainermed.com\/index.php\/wp-json\/wp\/v2\/product_cat?post=304"},{"taxonomy":"product_tag","embeddable":true,"href":"https:\/\/elcontainermed.com\/index.php\/wp-json\/wp\/v2\/product_tag?post=304"}],"curies":[{"name":"wp","href":"https:\/\/api.w.org\/{rel}","templated":true}]}}