{"id":306,"date":"2025-07-25T11:16:42","date_gmt":"2025-07-25T16:16:42","guid":{"rendered":"http:\/\/localhost\/elcontainer\/?post_type=product&#038;p=306"},"modified":"2025-08-29T14:15:05","modified_gmt":"2025-08-29T19:15:05","slug":"si-armani","status":"publish","type":"product","link":"https:\/\/elcontainermed.com\/index.php\/producto\/si-armani\/","title":{"rendered":"S\u00ed Armani"},"content":{"rendered":"<p><strong>S\u00ec \u2013 Giorgio Armani<\/strong><\/p>\n<p>\ud83d\udce6 <strong>Presentaci\u00f3n<\/strong>: 100 ml<\/p>\n<p>\ud83d\udca7 <strong>Concentraci\u00f3n<\/strong>: Eau de Parfum \u2013 Chypre Fruity moderna<\/p>\n<p>\ud83c\udf38 <strong>Notas de salida:<\/strong> Cassis (grosella negra \/ blackcurrant nectar)<\/p>\n<p>\ud83d\udc96 <strong>Notas de coraz\u00f3n:<\/strong> Rosa de mayo (Rose de Mai) y fresia<\/p>\n<p>\ud83c\udf3f <strong>Notas de fondo:<\/strong> Vainilla, pachul\u00ed, notas amaderadas y ambroxan<\/p>\n<p>Una fragancia elegante y contempor\u00e1nea: empieza con una golosina frutal de cassis, se despliega en un coraz\u00f3n floral refinado y se asienta en una base c\u00e1lida y sensualmente almizclada donde la vainilla y el pachul\u00ed aportan una profundidad envolvente.<\/p>\n","protected":false},"excerpt":{"rendered":"<p>Fruta lujosa que madura en elegancia: cassis fresco sobre un lecho floral c\u00e1lido y envolvente.<\/p>\n","protected":false},"featured_media":345,"comment_status":"open","ping_status":"closed","template":"","meta":{"_joinchat":[]},"product_brand":[69],"product_cat":[17],"product_tag":[],"class_list":{"0":"post-306","1":"product","2":"type-product","3":"status-publish","4":"has-post-thumbnail","6":"product_brand-giorgio-armani","7":"product_cat-mujer","8":"entry","9":"has-media","11":"first","12":"instock","13":"shipping-taxable","14":"purchasable","15":"product-type-simple","16":"col","17":"span_1_of_3","18":"wvn-content-left","19":"wvn-thumbs-layout-horizontal","20":"wvn-btn-normal","21":"wvn-tabs-layout-horizontal","22":"has-no-thumbnails","23":"circle-sale"},"_links":{"self":[{"href":"https:\/\/elcontainermed.com\/index.php\/wp-json\/wp\/v2\/product\/306","targetHints":{"allow":["GET"]}}],"collection":[{"href":"https:\/\/elcontainermed.com\/index.php\/wp-json\/wp\/v2\/product"}],"about":[{"href":"https:\/\/elcontainermed.com\/index.php\/wp-json\/wp\/v2\/types\/product"}],"replies":[{"embeddable":true,"href":"https:\/\/elcontainermed.com\/index.php\/wp-json\/wp\/v2\/comments?post=306"}],"wp:featuredmedia":[{"embeddable":true,"href":"https:\/\/elcontainermed.com\/index.php\/wp-json\/wp\/v2\/media\/345"}],"wp:attachment":[{"href":"https:\/\/elcontainermed.com\/index.php\/wp-json\/wp\/v2\/media?parent=306"}],"wp:term":[{"taxonomy":"product_brand","embeddable":true,"href":"https:\/\/elcontainermed.com\/index.php\/wp-json\/wp\/v2\/product_brand?post=306"},{"taxonomy":"product_cat","embeddable":true,"href":"https:\/\/elcontainermed.com\/index.php\/wp-json\/wp\/v2\/product_cat?post=306"},{"taxonomy":"product_tag","embeddable":true,"href":"https:\/\/elcontainermed.com\/index.php\/wp-json\/wp\/v2\/product_tag?post=306"}],"curies":[{"name":"wp","href":"https:\/\/api.w.org\/{rel}","templated":true}]}}