{"id":3066,"date":"2025-08-31T17:27:51","date_gmt":"2025-08-31T22:27:51","guid":{"rendered":"https:\/\/elcontainermed.com\/?post_type=product&#038;p=3066"},"modified":"2025-12-07T00:41:00","modified_gmt":"2025-12-07T05:41:00","slug":"odyssey-mega","status":"publish","type":"product","link":"https:\/\/elcontainermed.com\/index.php\/producto\/odyssey-mega\/","title":{"rendered":"Odyssey Mega"},"content":{"rendered":"<p><strong>Odyssey Mega \u2013 Armaf<\/strong><\/p>\n<p>\ud83d\udce6 <strong>Presentaci\u00f3n:<\/strong> 100 ml<br \/>\n\ud83d\udca7 <strong>Concentraci\u00f3n:<\/strong> Eau de Parfum<\/p>\n<p>\ud83c\udf38 <strong>Notas de salida:<\/strong> Bergamota, toronja, pimienta rosa<br \/>\n\ud83d\udc96 <strong>Notas de coraz\u00f3n:<\/strong> Lavanda, incienso, geranio<br \/>\n\ud83c\udf3f <strong>Notas de fondo:<\/strong> Cedro13, pachul\u00ed, \u00e1mbar, almizcle<\/p>\n<p>Una fragancia intensa y vibrante que abre con c\u00edtricos brillantes y especias, evoluciona hacia un coraz\u00f3n arom\u00e1tico de lavanda e incienso y se asienta sobre un fondo c\u00e1lido de maderas, \u00e1mbar y almizcle. Un perfume con fuerza, moderno y con gran proyecci\u00f3n.<\/p>\n","protected":false},"excerpt":{"rendered":"<p>Poder arom\u00e1tico y moderno: c\u00edtrico, especiado y magn\u00e9tico.<\/p>\n","protected":false},"featured_media":3065,"comment_status":"open","ping_status":"closed","template":"","meta":{"_joinchat":[]},"product_brand":[84],"product_cat":[16],"product_tag":[],"class_list":{"0":"post-3066","1":"product","2":"type-product","3":"status-publish","4":"has-post-thumbnail","6":"product_brand-armaf","7":"product_cat-hombre","8":"entry","9":"has-media","11":"first","12":"instock","13":"sale","14":"shipping-taxable","15":"purchasable","16":"product-type-simple","17":"col","18":"span_1_of_3","19":"wvn-content-left","20":"wvn-thumbs-layout-horizontal","21":"wvn-btn-normal","22":"wvn-tabs-layout-horizontal","23":"has-no-thumbnails","24":"circle-sale"},"_links":{"self":[{"href":"https:\/\/elcontainermed.com\/index.php\/wp-json\/wp\/v2\/product\/3066","targetHints":{"allow":["GET"]}}],"collection":[{"href":"https:\/\/elcontainermed.com\/index.php\/wp-json\/wp\/v2\/product"}],"about":[{"href":"https:\/\/elcontainermed.com\/index.php\/wp-json\/wp\/v2\/types\/product"}],"replies":[{"embeddable":true,"href":"https:\/\/elcontainermed.com\/index.php\/wp-json\/wp\/v2\/comments?post=3066"}],"wp:featuredmedia":[{"embeddable":true,"href":"https:\/\/elcontainermed.com\/index.php\/wp-json\/wp\/v2\/media\/3065"}],"wp:attachment":[{"href":"https:\/\/elcontainermed.com\/index.php\/wp-json\/wp\/v2\/media?parent=3066"}],"wp:term":[{"taxonomy":"product_brand","embeddable":true,"href":"https:\/\/elcontainermed.com\/index.php\/wp-json\/wp\/v2\/product_brand?post=3066"},{"taxonomy":"product_cat","embeddable":true,"href":"https:\/\/elcontainermed.com\/index.php\/wp-json\/wp\/v2\/product_cat?post=3066"},{"taxonomy":"product_tag","embeddable":true,"href":"https:\/\/elcontainermed.com\/index.php\/wp-json\/wp\/v2\/product_tag?post=3066"}],"curies":[{"name":"wp","href":"https:\/\/api.w.org\/{rel}","templated":true}]}}