{"id":3068,"date":"2025-08-31T17:37:16","date_gmt":"2025-08-31T22:37:16","guid":{"rendered":"https:\/\/elcontainermed.com\/?post_type=product&#038;p=3068"},"modified":"2025-08-31T17:39:08","modified_gmt":"2025-08-31T22:39:08","slug":"lattafa-emeer","status":"publish","type":"product","link":"https:\/\/elcontainermed.com\/index.php\/producto\/lattafa-emeer\/","title":{"rendered":"Lattafa Emeer"},"content":{"rendered":"<p><strong>Emeer \u2013 Lattafa<\/strong><\/p>\n<p>\ud83d\udce6 <strong>Presentaci\u00f3n:<\/strong> 100 ml<br \/>\n\ud83d\udca7 <strong>Concentraci\u00f3n:<\/strong> Eau de Parfum<\/p>\n<p>\ud83c\udf38 <strong>Notas de salida:<\/strong> Canela, nuez moscada, bergamota<br \/>\n\ud83d\udc96 <strong>Notas de coraz\u00f3n:<\/strong> Azafr\u00e1n, madera de gaiac, pralin\u00e9<br \/>\n\ud83c\udf3f <strong>Notas de fondo:<\/strong> \u00c1mbar gris, pachul\u00ed, almizcle, maderas ambaradas<\/p>\n<p>Un perfume opulento y envolvente que mezcla especias c\u00e1lidas con acordes dulces y resinosos. La combinaci\u00f3n de azafr\u00e1n, pralin\u00e9 y maderas crea una estela intensa y elegante, digna de un aroma que deja huella.<\/p>\n","protected":false},"excerpt":{"rendered":"<p>Opulencia especiada: dulce, ambarada y majestuosa.<\/p>\n","protected":false},"featured_media":3067,"comment_status":"open","ping_status":"closed","template":"","meta":{"_joinchat":[]},"product_brand":[99],"product_cat":[16,17,63],"product_tag":[],"class_list":{"0":"post-3068","1":"product","2":"type-product","3":"status-publish","4":"has-post-thumbnail","6":"product_brand-lattafa","7":"product_cat-hombre","8":"product_cat-mujer","9":"product_cat-unisex","10":"entry","11":"has-media","13":"first","14":"instock","15":"shipping-taxable","16":"purchasable","17":"product-type-simple","18":"col","19":"span_1_of_3","20":"wvn-content-left","21":"wvn-thumbs-layout-horizontal","22":"wvn-btn-normal","23":"wvn-tabs-layout-horizontal","24":"has-no-thumbnails","25":"circle-sale"},"_links":{"self":[{"href":"https:\/\/elcontainermed.com\/index.php\/wp-json\/wp\/v2\/product\/3068","targetHints":{"allow":["GET"]}}],"collection":[{"href":"https:\/\/elcontainermed.com\/index.php\/wp-json\/wp\/v2\/product"}],"about":[{"href":"https:\/\/elcontainermed.com\/index.php\/wp-json\/wp\/v2\/types\/product"}],"replies":[{"embeddable":true,"href":"https:\/\/elcontainermed.com\/index.php\/wp-json\/wp\/v2\/comments?post=3068"}],"wp:featuredmedia":[{"embeddable":true,"href":"https:\/\/elcontainermed.com\/index.php\/wp-json\/wp\/v2\/media\/3067"}],"wp:attachment":[{"href":"https:\/\/elcontainermed.com\/index.php\/wp-json\/wp\/v2\/media?parent=3068"}],"wp:term":[{"taxonomy":"product_brand","embeddable":true,"href":"https:\/\/elcontainermed.com\/index.php\/wp-json\/wp\/v2\/product_brand?post=3068"},{"taxonomy":"product_cat","embeddable":true,"href":"https:\/\/elcontainermed.com\/index.php\/wp-json\/wp\/v2\/product_cat?post=3068"},{"taxonomy":"product_tag","embeddable":true,"href":"https:\/\/elcontainermed.com\/index.php\/wp-json\/wp\/v2\/product_tag?post=3068"}],"curies":[{"name":"wp","href":"https:\/\/api.w.org\/{rel}","templated":true}]}}