{"id":307,"date":"2025-07-25T11:16:42","date_gmt":"2025-07-25T16:16:42","guid":{"rendered":"http:\/\/localhost\/elcontainer\/?post_type=product&#038;p=307"},"modified":"2025-08-31T16:47:26","modified_gmt":"2025-08-31T21:47:26","slug":"360-perry-ellis-dama","status":"publish","type":"product","link":"https:\/\/elcontainermed.com\/index.php\/producto\/360-perry-ellis-dama\/","title":{"rendered":"360\u00ba Perry Ellis"},"content":{"rendered":"<p><strong>360\u00b0 for Women \u2013 Perry Ellis<\/strong><\/p>\n<p>\ud83d\udce6 <strong>Presentaci\u00f3n<\/strong>: 100 ml<\/p>\n<p>\ud83d\udca7 <strong>Concentraci\u00f3n<\/strong>: Eau de Parfum \u2013 Floral Frutal<\/p>\n<p>\ud83c\udf38 <strong>Notas de salida:<\/strong> Mel\u00f3n, osmanto, mandarina, lirio, rosa<\/p>\n<p>\ud83d\udc96 <strong>Notas de coraz\u00f3n:<\/strong> Lirio de los valles, jazm\u00edn, orqu\u00eddea, azahar<\/p>\n<p>\ud83c\udf3f <strong>Notas de fondo:<\/strong> \u00c1mbar, almizcle, vainilla, vetiver, s\u00e1ndalo, cedro<\/p>\n<p>Una fragancia fresca y femenina que combina jugosos matices frutales con un bouquet floral cl\u00e1sico, asent\u00e1ndose en un fondo c\u00e1lido y ligeramente amaderado que equilibra dulzura y elegancia.<\/p>\n","protected":false},"excerpt":{"rendered":"<p>Un cl\u00e1sico femenino que une frutas jugosas, flores radiantes y un fondo c\u00e1lido y elegante.<\/p>\n","protected":false},"featured_media":346,"comment_status":"open","ping_status":"closed","template":"","meta":{"_joinchat":[]},"product_brand":[68],"product_cat":[17],"product_tag":[],"class_list":{"0":"post-307","1":"product","2":"type-product","3":"status-publish","4":"has-post-thumbnail","6":"product_brand-perry-ellis","7":"product_cat-mujer","8":"entry","9":"has-media","11":"first","12":"instock","13":"shipping-taxable","14":"purchasable","15":"product-type-simple","16":"col","17":"span_1_of_3","18":"wvn-content-left","19":"wvn-thumbs-layout-horizontal","20":"wvn-btn-normal","21":"wvn-tabs-layout-horizontal","22":"has-no-thumbnails","23":"circle-sale"},"_links":{"self":[{"href":"https:\/\/elcontainermed.com\/index.php\/wp-json\/wp\/v2\/product\/307","targetHints":{"allow":["GET"]}}],"collection":[{"href":"https:\/\/elcontainermed.com\/index.php\/wp-json\/wp\/v2\/product"}],"about":[{"href":"https:\/\/elcontainermed.com\/index.php\/wp-json\/wp\/v2\/types\/product"}],"replies":[{"embeddable":true,"href":"https:\/\/elcontainermed.com\/index.php\/wp-json\/wp\/v2\/comments?post=307"}],"wp:featuredmedia":[{"embeddable":true,"href":"https:\/\/elcontainermed.com\/index.php\/wp-json\/wp\/v2\/media\/346"}],"wp:attachment":[{"href":"https:\/\/elcontainermed.com\/index.php\/wp-json\/wp\/v2\/media?parent=307"}],"wp:term":[{"taxonomy":"product_brand","embeddable":true,"href":"https:\/\/elcontainermed.com\/index.php\/wp-json\/wp\/v2\/product_brand?post=307"},{"taxonomy":"product_cat","embeddable":true,"href":"https:\/\/elcontainermed.com\/index.php\/wp-json\/wp\/v2\/product_cat?post=307"},{"taxonomy":"product_tag","embeddable":true,"href":"https:\/\/elcontainermed.com\/index.php\/wp-json\/wp\/v2\/product_tag?post=307"}],"curies":[{"name":"wp","href":"https:\/\/api.w.org\/{rel}","templated":true}]}}