{"id":3073,"date":"2025-08-31T17:58:42","date_gmt":"2025-08-31T22:58:42","guid":{"rendered":"https:\/\/elcontainermed.com\/?post_type=product&#038;p=3073"},"modified":"2025-08-31T18:04:40","modified_gmt":"2025-08-31T23:04:40","slug":"kalan","status":"publish","type":"product","link":"https:\/\/elcontainermed.com\/index.php\/producto\/kalan\/","title":{"rendered":"Kalan"},"content":{"rendered":"<p><strong>Kalan \u2013 Parfums de Marly<\/strong><\/p>\n<p>\ud83d\udce6 <strong>Presentaci\u00f3n:<\/strong> 125 ml<br \/>\n\ud83d\udca7 <strong>Concentraci\u00f3n:<\/strong> Eau de Parfum<\/p>\n<p>\ud83c\udf38 <strong>Notas de salida:<\/strong> Especias ardientes, naranja sanguina, pimienta negra<br \/>\n\ud83d\udc96 <strong>Notas de coraz\u00f3n:<\/strong> Lavanda, musgo de roble<br \/>\n\ud83c\udf3f <strong>Notas de fondo:<\/strong> S\u00e1ndalo, \u00e1mbar gris, haba tonka, maderas blancas<\/p>\n<p>Una composici\u00f3n intensa y magn\u00e9tica: la frescura c\u00edtrica y especiada se entrelaza con un coraz\u00f3n herbal y un fondo c\u00e1lido de maderas y tonka. Elegancia moderna con un car\u00e1cter poderoso.<\/p>\n","protected":false},"excerpt":{"rendered":"<p>Fuerza roja: especias, maderas y un magnetismo irresistible.<\/p>\n","protected":false},"featured_media":3070,"comment_status":"open","ping_status":"closed","template":"","meta":{"_joinchat":[]},"product_brand":[115],"product_cat":[16,17,63],"product_tag":[],"class_list":{"0":"post-3073","1":"product","2":"type-product","3":"status-publish","4":"has-post-thumbnail","6":"product_brand-parfums-de-marly","7":"product_cat-hombre","8":"product_cat-mujer","9":"product_cat-unisex","10":"entry","11":"has-media","13":"first","14":"instock","15":"shipping-taxable","16":"purchasable","17":"product-type-simple","18":"col","19":"span_1_of_3","20":"wvn-content-left","21":"wvn-thumbs-layout-horizontal","22":"wvn-btn-normal","23":"wvn-tabs-layout-horizontal","24":"has-no-thumbnails","25":"circle-sale"},"_links":{"self":[{"href":"https:\/\/elcontainermed.com\/index.php\/wp-json\/wp\/v2\/product\/3073","targetHints":{"allow":["GET"]}}],"collection":[{"href":"https:\/\/elcontainermed.com\/index.php\/wp-json\/wp\/v2\/product"}],"about":[{"href":"https:\/\/elcontainermed.com\/index.php\/wp-json\/wp\/v2\/types\/product"}],"replies":[{"embeddable":true,"href":"https:\/\/elcontainermed.com\/index.php\/wp-json\/wp\/v2\/comments?post=3073"}],"wp:featuredmedia":[{"embeddable":true,"href":"https:\/\/elcontainermed.com\/index.php\/wp-json\/wp\/v2\/media\/3070"}],"wp:attachment":[{"href":"https:\/\/elcontainermed.com\/index.php\/wp-json\/wp\/v2\/media?parent=3073"}],"wp:term":[{"taxonomy":"product_brand","embeddable":true,"href":"https:\/\/elcontainermed.com\/index.php\/wp-json\/wp\/v2\/product_brand?post=3073"},{"taxonomy":"product_cat","embeddable":true,"href":"https:\/\/elcontainermed.com\/index.php\/wp-json\/wp\/v2\/product_cat?post=3073"},{"taxonomy":"product_tag","embeddable":true,"href":"https:\/\/elcontainermed.com\/index.php\/wp-json\/wp\/v2\/product_tag?post=3073"}],"curies":[{"name":"wp","href":"https:\/\/api.w.org\/{rel}","templated":true}]}}