{"id":3076,"date":"2025-08-31T18:08:30","date_gmt":"2025-08-31T23:08:30","guid":{"rendered":"https:\/\/elcontainermed.com\/?post_type=product&#038;p=3076"},"modified":"2025-08-31T18:09:18","modified_gmt":"2025-08-31T23:09:18","slug":"layton","status":"publish","type":"product","link":"https:\/\/elcontainermed.com\/index.php\/producto\/layton\/","title":{"rendered":"Layton"},"content":{"rendered":"<p><strong>Layton \u2013 Parfums de Marly<\/strong><\/p>\n<p>\ud83d\udce6 <strong>Presentaci\u00f3n:<\/strong> 125 ml<br \/>\n\ud83d\udca7 <strong>Concentraci\u00f3n:<\/strong> Eau de Parfum<\/p>\n<p>\ud83c\udf38 <strong>Notas de salida:<\/strong> Manzana, bergamota, lavanda, mandarina<br \/>\n\ud83d\udc96 <strong>Notas de coraz\u00f3n:<\/strong> Violeta, jazm\u00edn, geranio<br \/>\n\ud83c\udf3f <strong>Notas de fondo:<\/strong> Vainilla, cardamomo, s\u00e1ndalo, pimienta negra<\/p>\n<p>Un equilibrio entre lo fresco y lo adictivo: la jugosa manzana y los c\u00edtricos se suavizan con flores elegantes, mientras un fondo c\u00e1lido y especiado de vainilla y maderas aporta sensualidad y distinci\u00f3n.<\/p>\n","protected":false},"excerpt":{"rendered":"<p>Car\u00e1cter elegante: fresco, especiado y seductor.<\/p>\n","protected":false},"featured_media":3069,"comment_status":"open","ping_status":"closed","template":"","meta":{"_joinchat":[]},"product_brand":[115],"product_cat":[16,17,63],"product_tag":[],"class_list":{"0":"post-3076","1":"product","2":"type-product","3":"status-publish","4":"has-post-thumbnail","6":"product_brand-parfums-de-marly","7":"product_cat-hombre","8":"product_cat-mujer","9":"product_cat-unisex","10":"entry","11":"has-media","13":"first","14":"instock","15":"shipping-taxable","16":"purchasable","17":"product-type-simple","18":"col","19":"span_1_of_3","20":"wvn-content-left","21":"wvn-thumbs-layout-horizontal","22":"wvn-btn-normal","23":"wvn-tabs-layout-horizontal","24":"has-no-thumbnails","25":"circle-sale"},"_links":{"self":[{"href":"https:\/\/elcontainermed.com\/index.php\/wp-json\/wp\/v2\/product\/3076","targetHints":{"allow":["GET"]}}],"collection":[{"href":"https:\/\/elcontainermed.com\/index.php\/wp-json\/wp\/v2\/product"}],"about":[{"href":"https:\/\/elcontainermed.com\/index.php\/wp-json\/wp\/v2\/types\/product"}],"replies":[{"embeddable":true,"href":"https:\/\/elcontainermed.com\/index.php\/wp-json\/wp\/v2\/comments?post=3076"}],"wp:featuredmedia":[{"embeddable":true,"href":"https:\/\/elcontainermed.com\/index.php\/wp-json\/wp\/v2\/media\/3069"}],"wp:attachment":[{"href":"https:\/\/elcontainermed.com\/index.php\/wp-json\/wp\/v2\/media?parent=3076"}],"wp:term":[{"taxonomy":"product_brand","embeddable":true,"href":"https:\/\/elcontainermed.com\/index.php\/wp-json\/wp\/v2\/product_brand?post=3076"},{"taxonomy":"product_cat","embeddable":true,"href":"https:\/\/elcontainermed.com\/index.php\/wp-json\/wp\/v2\/product_cat?post=3076"},{"taxonomy":"product_tag","embeddable":true,"href":"https:\/\/elcontainermed.com\/index.php\/wp-json\/wp\/v2\/product_tag?post=3076"}],"curies":[{"name":"wp","href":"https:\/\/api.w.org\/{rel}","templated":true}]}}