{"id":3079,"date":"2025-08-31T18:16:52","date_gmt":"2025-08-31T23:16:52","guid":{"rendered":"https:\/\/elcontainermed.com\/?post_type=product&#038;p=3079"},"modified":"2025-08-31T18:17:14","modified_gmt":"2025-08-31T23:17:14","slug":"les-sables-roses","status":"publish","type":"product","link":"https:\/\/elcontainermed.com\/index.php\/producto\/les-sables-roses\/","title":{"rendered":"Les Sables Roses"},"content":{"rendered":"<p><strong>Les Sables Roses \u2013 Louis Vuitton<\/strong><\/p>\n<p>\ud83d\udce6 <strong>Presentaci\u00f3n:<\/strong> 100 ml<br \/>\n\ud83d\udca7 <strong>Concentraci\u00f3n:<\/strong> Eau de Parfum \u2013 Oriental Amaderada<\/p>\n<p>\ud83c\udf38 <strong>Notas de salida:<\/strong> Rosa \ud83c\udf39<br \/>\n\ud83d\udc96 <strong>Notas de coraz\u00f3n:<\/strong> Oud \ud83c\udf33, \u00e1mbar dorado \u2728<br \/>\n\ud83c\udf3f <strong>Notas de fondo:<\/strong> Incienso \ud83d\udd25, especias orientales \ud83c\udf3f<\/p>\n<p>Un perfume intenso y misterioso: la rosa aterciopelada se entrelaza con un oud profundo y un \u00e1mbar c\u00e1lido, envuelto en acordes ahumados de incienso y especias. Una fragancia de car\u00e1cter majestuoso e hipn\u00f3tico.<\/p>\n","protected":false},"excerpt":{"rendered":"<p>Rosa oriental: majestuosa, profunda y enigm\u00e1tica.<\/p>\n","protected":false},"featured_media":3077,"comment_status":"open","ping_status":"closed","template":"","meta":{"_joinchat":[]},"product_brand":[104],"product_cat":[16,17,63],"product_tag":[],"class_list":{"0":"post-3079","1":"product","2":"type-product","3":"status-publish","4":"has-post-thumbnail","6":"product_brand-louis-vuitton","7":"product_cat-hombre","8":"product_cat-mujer","9":"product_cat-unisex","10":"entry","11":"has-media","13":"first","14":"instock","15":"shipping-taxable","16":"purchasable","17":"product-type-simple","18":"col","19":"span_1_of_3","20":"wvn-content-left","21":"wvn-thumbs-layout-horizontal","22":"wvn-btn-normal","23":"wvn-tabs-layout-horizontal","24":"has-no-thumbnails","25":"circle-sale"},"_links":{"self":[{"href":"https:\/\/elcontainermed.com\/index.php\/wp-json\/wp\/v2\/product\/3079","targetHints":{"allow":["GET"]}}],"collection":[{"href":"https:\/\/elcontainermed.com\/index.php\/wp-json\/wp\/v2\/product"}],"about":[{"href":"https:\/\/elcontainermed.com\/index.php\/wp-json\/wp\/v2\/types\/product"}],"replies":[{"embeddable":true,"href":"https:\/\/elcontainermed.com\/index.php\/wp-json\/wp\/v2\/comments?post=3079"}],"wp:featuredmedia":[{"embeddable":true,"href":"https:\/\/elcontainermed.com\/index.php\/wp-json\/wp\/v2\/media\/3077"}],"wp:attachment":[{"href":"https:\/\/elcontainermed.com\/index.php\/wp-json\/wp\/v2\/media?parent=3079"}],"wp:term":[{"taxonomy":"product_brand","embeddable":true,"href":"https:\/\/elcontainermed.com\/index.php\/wp-json\/wp\/v2\/product_brand?post=3079"},{"taxonomy":"product_cat","embeddable":true,"href":"https:\/\/elcontainermed.com\/index.php\/wp-json\/wp\/v2\/product_cat?post=3079"},{"taxonomy":"product_tag","embeddable":true,"href":"https:\/\/elcontainermed.com\/index.php\/wp-json\/wp\/v2\/product_tag?post=3079"}],"curies":[{"name":"wp","href":"https:\/\/api.w.org\/{rel}","templated":true}]}}