{"id":3083,"date":"2025-08-31T18:36:43","date_gmt":"2025-08-31T23:36:43","guid":{"rendered":"https:\/\/elcontainermed.com\/?post_type=product&#038;p=3083"},"modified":"2025-12-05T01:34:37","modified_gmt":"2025-12-05T06:34:37","slug":"lattafa-honor-glory","status":"publish","type":"product","link":"https:\/\/elcontainermed.com\/index.php\/producto\/lattafa-honor-glory\/","title":{"rendered":"Lattafa Honor &#038; Glory"},"content":{"rendered":"<p><strong>Honor &amp; Glory \u2013 Lattafa<\/strong><\/p>\n<p>\ud83d\udce6 <strong>Presentaci\u00f3n:<\/strong> 100 ml<br \/>\n\ud83d\udca7 <strong>Concentraci\u00f3n:<\/strong> Eau de Parfum<\/p>\n<p>\ud83c\udf38 <strong>Notas de salida:<\/strong> Pi\u00f1a, canela<br \/>\n\ud83d\udc96 <strong>Notas de coraz\u00f3n:<\/strong> Benju\u00ed, vainilla cremosa<br \/>\n\ud83c\udf3f <strong>Notas de fondo:<\/strong> S\u00e1ndalo, l\u00e1dano, incienso suave<\/p>\n<p>Un perfume c\u00e1lido y magn\u00e9tico: la frescura jugosa de la pi\u00f1a se mezcla con especias, envuelta en vainilla y maderas suaves que dejan un rastro adictivo y sofisticado.<\/p>\n","protected":false},"excerpt":{"rendered":"<p>Una mezcla irresistible de pi\u00f1a y especias sobre un fondo cremoso de vainilla y maderas, ideal para quienes buscan un aroma dulce y elegante.<\/p>\n","protected":false},"featured_media":3082,"comment_status":"open","ping_status":"closed","template":"","meta":{"_joinchat":[]},"product_brand":[99],"product_cat":[16,17,63],"product_tag":[],"class_list":{"0":"post-3083","1":"product","2":"type-product","3":"status-publish","4":"has-post-thumbnail","6":"product_brand-lattafa","7":"product_cat-hombre","8":"product_cat-mujer","9":"product_cat-unisex","10":"entry","11":"has-media","13":"first","14":"instock","15":"sale","16":"shipping-taxable","17":"purchasable","18":"product-type-simple","19":"col","20":"span_1_of_3","21":"wvn-content-left","22":"wvn-thumbs-layout-horizontal","23":"wvn-btn-normal","24":"wvn-tabs-layout-horizontal","25":"has-no-thumbnails","26":"circle-sale"},"_links":{"self":[{"href":"https:\/\/elcontainermed.com\/index.php\/wp-json\/wp\/v2\/product\/3083","targetHints":{"allow":["GET"]}}],"collection":[{"href":"https:\/\/elcontainermed.com\/index.php\/wp-json\/wp\/v2\/product"}],"about":[{"href":"https:\/\/elcontainermed.com\/index.php\/wp-json\/wp\/v2\/types\/product"}],"replies":[{"embeddable":true,"href":"https:\/\/elcontainermed.com\/index.php\/wp-json\/wp\/v2\/comments?post=3083"}],"wp:featuredmedia":[{"embeddable":true,"href":"https:\/\/elcontainermed.com\/index.php\/wp-json\/wp\/v2\/media\/3082"}],"wp:attachment":[{"href":"https:\/\/elcontainermed.com\/index.php\/wp-json\/wp\/v2\/media?parent=3083"}],"wp:term":[{"taxonomy":"product_brand","embeddable":true,"href":"https:\/\/elcontainermed.com\/index.php\/wp-json\/wp\/v2\/product_brand?post=3083"},{"taxonomy":"product_cat","embeddable":true,"href":"https:\/\/elcontainermed.com\/index.php\/wp-json\/wp\/v2\/product_cat?post=3083"},{"taxonomy":"product_tag","embeddable":true,"href":"https:\/\/elcontainermed.com\/index.php\/wp-json\/wp\/v2\/product_tag?post=3083"}],"curies":[{"name":"wp","href":"https:\/\/api.w.org\/{rel}","templated":true}]}}