{"id":3085,"date":"2025-08-31T18:49:11","date_gmt":"2025-08-31T23:49:11","guid":{"rendered":"https:\/\/elcontainermed.com\/?post_type=product&#038;p=3085"},"modified":"2026-04-13T15:47:20","modified_gmt":"2026-04-13T20:47:20","slug":"1861-renaissance","status":"publish","type":"product","link":"https:\/\/elcontainermed.com\/index.php\/producto\/1861-renaissance\/","title":{"rendered":"1861 Renaissance"},"content":{"rendered":"<p><strong>1861 Renaissance \u2013 Xerjoff<\/strong><\/p>\n<p>\ud83d\udce6 <strong>Presentaci\u00f3n:<\/strong> 100 ml<br \/>\n\ud83d\udca7 <strong>Concentraci\u00f3n:<\/strong> Eau de Parfum<\/p>\n<p>\ud83c\udf38 <strong>Notas de salida:<\/strong> Bergamota, mandarina, lima verde, petitgrain<br \/>\n\ud83d\udc96 <strong>Notas de coraz\u00f3n:<\/strong> Menta fresca, rosa, lirio de los valles<br \/>\n\ud83c\udf3f <strong>Notas de fondo:<\/strong> Almizcle blanco, cedro, \u00e1mbar dorado<\/p>\n<p>Un estallido c\u00edtrico y refinado: notas brillantes de bergamota, lima y mandarina se mezclan con un toque verde de menta y flores delicadas, descansando sobre un fondo elegante de maderas y \u00e1mbar. Frescura mediterr\u00e1nea con un giro sofisticado.<\/p>\n","protected":false},"excerpt":{"rendered":"<p>Una sinfon\u00eda c\u00edtrica con toques verdes y florales que evocan la elegancia luminosa del Mediterr\u00e1neo en cada nota.<\/p>\n","protected":false},"featured_media":3084,"comment_status":"open","ping_status":"closed","template":"","meta":{"_joinchat":[]},"product_brand":[89],"product_cat":[16,17,63],"product_tag":[],"class_list":{"0":"post-3085","1":"product","2":"type-product","3":"status-publish","4":"has-post-thumbnail","6":"product_brand-xerjoff","7":"product_cat-hombre","8":"product_cat-mujer","9":"product_cat-unisex","10":"entry","11":"has-media","13":"first","14":"instock","15":"shipping-taxable","16":"purchasable","17":"product-type-simple","18":"col","19":"span_1_of_3","20":"wvn-content-left","21":"wvn-thumbs-layout-horizontal","22":"wvn-btn-normal","23":"wvn-tabs-layout-horizontal","24":"has-no-thumbnails","25":"circle-sale"},"_links":{"self":[{"href":"https:\/\/elcontainermed.com\/index.php\/wp-json\/wp\/v2\/product\/3085","targetHints":{"allow":["GET"]}}],"collection":[{"href":"https:\/\/elcontainermed.com\/index.php\/wp-json\/wp\/v2\/product"}],"about":[{"href":"https:\/\/elcontainermed.com\/index.php\/wp-json\/wp\/v2\/types\/product"}],"replies":[{"embeddable":true,"href":"https:\/\/elcontainermed.com\/index.php\/wp-json\/wp\/v2\/comments?post=3085"}],"wp:featuredmedia":[{"embeddable":true,"href":"https:\/\/elcontainermed.com\/index.php\/wp-json\/wp\/v2\/media\/3084"}],"wp:attachment":[{"href":"https:\/\/elcontainermed.com\/index.php\/wp-json\/wp\/v2\/media?parent=3085"}],"wp:term":[{"taxonomy":"product_brand","embeddable":true,"href":"https:\/\/elcontainermed.com\/index.php\/wp-json\/wp\/v2\/product_brand?post=3085"},{"taxonomy":"product_cat","embeddable":true,"href":"https:\/\/elcontainermed.com\/index.php\/wp-json\/wp\/v2\/product_cat?post=3085"},{"taxonomy":"product_tag","embeddable":true,"href":"https:\/\/elcontainermed.com\/index.php\/wp-json\/wp\/v2\/product_tag?post=3085"}],"curies":[{"name":"wp","href":"https:\/\/api.w.org\/{rel}","templated":true}]}}