{"id":3190,"date":"2025-09-04T12:35:25","date_gmt":"2025-09-04T17:35:25","guid":{"rendered":"https:\/\/elcontainermed.com\/?post_type=product&#038;p=3190"},"modified":"2025-12-07T00:40:48","modified_gmt":"2025-12-07T05:40:48","slug":"odyssey-spectra","status":"publish","type":"product","link":"https:\/\/elcontainermed.com\/index.php\/producto\/odyssey-spectra\/","title":{"rendered":"Odyssey Spectra"},"content":{"rendered":"<p><strong>Odyssey Spectra \u2013 Armaf<\/strong><\/p>\n<p>\ud83d\udce6 <strong>Presentaci\u00f3n:<\/strong> 100 ml<br \/>\n\ud83d\udca7 <strong>Concentraci\u00f3n:<\/strong> Eau de Parfum<\/p>\n<p>\ud83c\udf38 <strong>Notas de salida:<\/strong> Toronja , cardamomo, pimienta negra<br \/>\n\ud83d\udc96 <strong>Notas de coraz\u00f3n:<\/strong> Lavanda, geranio, canela<br \/>\n\ud83c\udf3f <strong>Notas de fondo:<\/strong> Vainilla cremosa, madera de cedro, \u00e1mbar c\u00e1lido, pachul\u00ed<\/p>\n<p>Un aroma masculino intenso y sofisticado: la frescura especiada se combina con un coraz\u00f3n floral arom\u00e1tico y un fondo c\u00e1lido de vainilla y maderas, creando un equilibrio entre elegancia y car\u00e1cter moderno.<\/p>\n","protected":false},"excerpt":{"rendered":"<p>Fresco, especiado y elegante, con un fondo c\u00e1lido de vainilla y maderas que lo hacen magn\u00e9tico y sofisticado.<\/p>\n","protected":false},"featured_media":3228,"comment_status":"open","ping_status":"closed","template":"","meta":{"_joinchat":[]},"product_brand":[84],"product_cat":[16,17,63],"product_tag":[],"class_list":{"0":"post-3190","1":"product","2":"type-product","3":"status-publish","4":"has-post-thumbnail","6":"product_brand-armaf","7":"product_cat-hombre","8":"product_cat-mujer","9":"product_cat-unisex","10":"entry","11":"has-media","13":"first","14":"instock","15":"sale","16":"shipping-taxable","17":"purchasable","18":"product-type-simple","19":"col","20":"span_1_of_3","21":"wvn-content-left","22":"wvn-thumbs-layout-horizontal","23":"wvn-btn-normal","24":"wvn-tabs-layout-horizontal","25":"has-no-thumbnails","26":"circle-sale"},"_links":{"self":[{"href":"https:\/\/elcontainermed.com\/index.php\/wp-json\/wp\/v2\/product\/3190","targetHints":{"allow":["GET"]}}],"collection":[{"href":"https:\/\/elcontainermed.com\/index.php\/wp-json\/wp\/v2\/product"}],"about":[{"href":"https:\/\/elcontainermed.com\/index.php\/wp-json\/wp\/v2\/types\/product"}],"replies":[{"embeddable":true,"href":"https:\/\/elcontainermed.com\/index.php\/wp-json\/wp\/v2\/comments?post=3190"}],"wp:featuredmedia":[{"embeddable":true,"href":"https:\/\/elcontainermed.com\/index.php\/wp-json\/wp\/v2\/media\/3228"}],"wp:attachment":[{"href":"https:\/\/elcontainermed.com\/index.php\/wp-json\/wp\/v2\/media?parent=3190"}],"wp:term":[{"taxonomy":"product_brand","embeddable":true,"href":"https:\/\/elcontainermed.com\/index.php\/wp-json\/wp\/v2\/product_brand?post=3190"},{"taxonomy":"product_cat","embeddable":true,"href":"https:\/\/elcontainermed.com\/index.php\/wp-json\/wp\/v2\/product_cat?post=3190"},{"taxonomy":"product_tag","embeddable":true,"href":"https:\/\/elcontainermed.com\/index.php\/wp-json\/wp\/v2\/product_tag?post=3190"}],"curies":[{"name":"wp","href":"https:\/\/api.w.org\/{rel}","templated":true}]}}