{"id":3192,"date":"2025-09-04T13:12:49","date_gmt":"2025-09-04T18:12:49","guid":{"rendered":"https:\/\/elcontainermed.com\/?post_type=product&#038;p=3192"},"modified":"2025-09-04T13:14:44","modified_gmt":"2025-09-04T18:14:44","slug":"lady-million-prive","status":"publish","type":"product","link":"https:\/\/elcontainermed.com\/index.php\/producto\/lady-million-prive\/","title":{"rendered":"Lady Million Priv\u00e9"},"content":{"rendered":"<p><strong>Lady Million Priv\u00e9<\/strong><\/p>\n<p>\ud83d\udce6 <strong>Presentaci\u00f3n:<\/strong> 80 ml<br \/>\n\ud83d\udca7 <strong>Concentraci\u00f3n:<\/strong> Eau de Parfum<\/p>\n<p>\ud83c\udf38 <strong>Notas de salida:<\/strong> Naranja amarga, flor de azahar<br \/>\n\ud83d\udc96 <strong>Notas de coraz\u00f3n:<\/strong> Frambuesa, heliotropo, vainilla cremosa<br \/>\n\ud83c\udf3f <strong>Notas de fondo:<\/strong> Cacao, pachul\u00ed, miel dorada<\/p>\n<p>Un perfume profundo y seductor: abre con un frescor c\u00edtrico y floral que se adentra en un coraz\u00f3n dulce y femenino, culminando en un fondo adictivo de cacao, miel y pachul\u00ed. Elegancia sensual en cada nota.<\/p>\n","protected":false},"excerpt":{"rendered":"<p>Un perfume envolvente y adictivo donde el dulzor del cacao y la miel se funden con un aura sensual y sofisticada.<\/p>\n","protected":false},"featured_media":3191,"comment_status":"open","ping_status":"closed","template":"","meta":{"_joinchat":[]},"product_brand":[77],"product_cat":[17],"product_tag":[],"class_list":{"0":"post-3192","1":"product","2":"type-product","3":"status-publish","4":"has-post-thumbnail","6":"product_brand-paco-rabanne","7":"product_cat-mujer","8":"entry","9":"has-media","11":"first","12":"instock","13":"shipping-taxable","14":"purchasable","15":"product-type-simple","16":"col","17":"span_1_of_3","18":"wvn-content-left","19":"wvn-thumbs-layout-horizontal","20":"wvn-btn-normal","21":"wvn-tabs-layout-horizontal","22":"has-no-thumbnails","23":"circle-sale"},"_links":{"self":[{"href":"https:\/\/elcontainermed.com\/index.php\/wp-json\/wp\/v2\/product\/3192","targetHints":{"allow":["GET"]}}],"collection":[{"href":"https:\/\/elcontainermed.com\/index.php\/wp-json\/wp\/v2\/product"}],"about":[{"href":"https:\/\/elcontainermed.com\/index.php\/wp-json\/wp\/v2\/types\/product"}],"replies":[{"embeddable":true,"href":"https:\/\/elcontainermed.com\/index.php\/wp-json\/wp\/v2\/comments?post=3192"}],"wp:featuredmedia":[{"embeddable":true,"href":"https:\/\/elcontainermed.com\/index.php\/wp-json\/wp\/v2\/media\/3191"}],"wp:attachment":[{"href":"https:\/\/elcontainermed.com\/index.php\/wp-json\/wp\/v2\/media?parent=3192"}],"wp:term":[{"taxonomy":"product_brand","embeddable":true,"href":"https:\/\/elcontainermed.com\/index.php\/wp-json\/wp\/v2\/product_brand?post=3192"},{"taxonomy":"product_cat","embeddable":true,"href":"https:\/\/elcontainermed.com\/index.php\/wp-json\/wp\/v2\/product_cat?post=3192"},{"taxonomy":"product_tag","embeddable":true,"href":"https:\/\/elcontainermed.com\/index.php\/wp-json\/wp\/v2\/product_tag?post=3192"}],"curies":[{"name":"wp","href":"https:\/\/api.w.org\/{rel}","templated":true}]}}