{"id":3197,"date":"2025-09-04T13:51:04","date_gmt":"2025-09-04T18:51:04","guid":{"rendered":"https:\/\/elcontainermed.com\/?post_type=product&#038;p=3197"},"modified":"2025-09-04T13:55:00","modified_gmt":"2025-09-04T18:55:00","slug":"orietica-azure-fantasy","status":"publish","type":"product","link":"https:\/\/elcontainermed.com\/index.php\/producto\/orietica-azure-fantasy\/","title":{"rendered":"Orientica Azure Fantasy"},"content":{"rendered":"<p><strong>Azure Fantasy \u2013 Orientica<\/strong><\/p>\n<p>\ud83d\udce6 <strong>Presentaci\u00f3n:<\/strong> 80 ml<br \/>\n\ud83d\udca7 <strong>Concentraci\u00f3n:<\/strong> Eau de Parfum<\/p>\n<p>\ud83c\udf38 <strong>Notas de salida:<\/strong> Lim\u00f3n, bergamota\u00a0 cardamomo<br \/>\n\ud83d\udc96 <strong>Notas de coraz\u00f3n:<\/strong> Lavanda, jazm\u00edn, nuez moscada<br \/>\n\ud83c\udf3f <strong>Notas de fondo:<\/strong> \u00c1mbar dorado, cedro, almizcle<\/p>\n<p>Una fragancia vibrante y sofisticada: la frescura c\u00edtrica se encuentra con un coraz\u00f3n especiado y floral, para reposar sobre un fondo c\u00e1lido y amaderado. Moderna, vers\u00e1til y con gran car\u00e1cter.<\/p>\n","protected":false},"excerpt":{"rendered":"<p>Un aura fresca y especiada que mezcla elegancia moderna con un toque de misterio.<\/p>\n","protected":false},"featured_media":3198,"comment_status":"open","ping_status":"closed","template":"","meta":{"_joinchat":[]},"product_brand":[105],"product_cat":[16,17,63],"product_tag":[],"class_list":{"0":"post-3197","1":"product","2":"type-product","3":"status-publish","4":"has-post-thumbnail","6":"product_brand-orientica","7":"product_cat-hombre","8":"product_cat-mujer","9":"product_cat-unisex","10":"entry","11":"has-media","13":"first","14":"instock","15":"sale","16":"shipping-taxable","17":"purchasable","18":"product-type-simple","19":"col","20":"span_1_of_3","21":"wvn-content-left","22":"wvn-thumbs-layout-horizontal","23":"wvn-btn-normal","24":"wvn-tabs-layout-horizontal","25":"has-no-thumbnails","26":"circle-sale"},"_links":{"self":[{"href":"https:\/\/elcontainermed.com\/index.php\/wp-json\/wp\/v2\/product\/3197","targetHints":{"allow":["GET"]}}],"collection":[{"href":"https:\/\/elcontainermed.com\/index.php\/wp-json\/wp\/v2\/product"}],"about":[{"href":"https:\/\/elcontainermed.com\/index.php\/wp-json\/wp\/v2\/types\/product"}],"replies":[{"embeddable":true,"href":"https:\/\/elcontainermed.com\/index.php\/wp-json\/wp\/v2\/comments?post=3197"}],"wp:featuredmedia":[{"embeddable":true,"href":"https:\/\/elcontainermed.com\/index.php\/wp-json\/wp\/v2\/media\/3198"}],"wp:attachment":[{"href":"https:\/\/elcontainermed.com\/index.php\/wp-json\/wp\/v2\/media?parent=3197"}],"wp:term":[{"taxonomy":"product_brand","embeddable":true,"href":"https:\/\/elcontainermed.com\/index.php\/wp-json\/wp\/v2\/product_brand?post=3197"},{"taxonomy":"product_cat","embeddable":true,"href":"https:\/\/elcontainermed.com\/index.php\/wp-json\/wp\/v2\/product_cat?post=3197"},{"taxonomy":"product_tag","embeddable":true,"href":"https:\/\/elcontainermed.com\/index.php\/wp-json\/wp\/v2\/product_tag?post=3197"}],"curies":[{"name":"wp","href":"https:\/\/api.w.org\/{rel}","templated":true}]}}